{"id":104,"date":"2022-05-22T21:21:49","date_gmt":"2022-05-22T19:21:49","guid":{"rendered":"https:\/\/osm.stage.dige.com.pl\/?page_id=104"},"modified":"2023-04-11T15:20:38","modified_gmt":"2023-04-11T13:20:38","slug":"wolontariat-w-osm","status":"publish","type":"page","link":"https:\/\/osm.stage.dige.com.pl\/?page_id=104","title":{"rendered":"Wolontariat w OSM"},"content":{"rendered":"<ul class=\"wp-block-latest-posts__list aligncenter wp-block-latest-posts\"><li><a class=\"wp-block-latest-posts__post-title\" href=\"https:\/\/osm.stage.dige.com.pl\/?p=1425\">Wolontariat w ogrodzie<\/a><div class=\"wp-block-latest-posts__post-full-content\"><!-- wp:paragraph -->\n<p>Uczniowie naszej szko\u0142y w ramach Ko\u0142a Wolontariatu dzielnie dzia\u0142aj\u0105 w muzycznych ogrodach. Dbaj\u0105 o nowe nasadzenia, piel\u0105, podlewaj\u0105. Kwiaty rosn\u0105 i serce ro\u015bnie.\u00a0<\/p>\n<!-- \/wp:paragraph --><\/div><\/li>\n<li><a class=\"wp-block-latest-posts__post-title\" href=\"https:\/\/osm.stage.dige.com.pl\/?p=1420\">Paczuszka dla Maluszka &#8211; bo\u017conarodzeniowa akcja pomocy<\/a><div class=\"wp-block-latest-posts__post-full-content\"><!-- wp:paragraph -->\n<p>Kolejna akcja Ko\u0142a Wolontariatu &#8211; PACZUSZKA DLA MALUSZKA, zbi\u00f3rka artyku\u0142\u00f3w higienicznych, pampers\u00f3w, zabawek. Dzi\u0119kujemy za okazane serce.<\/p>\n<!-- \/wp:paragraph --><\/div><\/li>\n<li><a class=\"wp-block-latest-posts__post-title\" href=\"https:\/\/osm.stage.dige.com.pl\/?p=1422\">Wolontariusze dla Hospicjum<\/a><div class=\"wp-block-latest-posts__post-full-content\"><!-- wp:paragraph -->\n<p>26 marca 2023 roku w ko\u015bciele \u015bw Andrzeja Boboli odby\u0142a si\u0119 kwesta na rzecz Hospicjum \u015bw. Jana Ewangelisty w Szczecinie. Uczniowie naszej szko\u0142y: Helena Szawracka, Alicja Bar\u0107, Joanna Szyma\u0144ska, Hanna Przypis, Marcelina Gazdowska, Natalia St\u0119pniak, Antonina Motyl, zebrali 3140z\u0142. Serdecznie dzi\u0119kujemy.<\/p>\n<!-- \/wp:paragraph --><\/div><\/li>\n<li><a class=\"wp-block-latest-posts__post-title\" href=\"https:\/\/osm.stage.dige.com.pl\/?p=1102\">Szkolne Ko\u0142o Wolontariatu 2022\/2023<\/a><div class=\"wp-block-latest-posts__post-full-content\"><!-- wp:paragraph -->\n<p>Serdecznie zapraszamy w szeregi Szkolnego Ko\u0142a Wolontariatu, poni\u017cej kilka informacji o zasadach, pracy i programie.\u00a0<a href=\"https:\/\/www.osm.szczecin.pl\/images\/PROGRAM_Szkolnego_Koa_Wolontariatu1.pdf\">Program SKW\u00a0<\/a>i\u00a0<a href=\"https:\/\/www.osm.szczecin.pl\/images\/ZGODA_RODZICW_-_OPIEKUNKW_PRAWNYCH_-_NA_UDZIA_DZIECKA_W_WOLONTARICIE.pdf\">Zgoda od Rodzic\u00f3w<\/a>.<\/p>\n<!-- \/wp:paragraph --><\/div><\/li>\n<li><div class=\"wp-block-latest-posts__featured-image alignleft\"><img width=\"214\" height=\"300\" src=\"https:\/\/osm.stage.dige.com.pl\/wp-content\/uploads\/2022\/05\/191816876_540799383995020_8396365219165019246_n-1.jpg\" class=\"attachment-medium size-medium wp-post-image\" alt=\"\" loading=\"lazy\" style=\"max-width:290px;max-height:345px;\" \/><\/div><a class=\"wp-block-latest-posts__post-title\" href=\"https:\/\/osm.stage.dige.com.pl\/?p=115\">Podzi\u0119kowania<\/a><div class=\"wp-block-latest-posts__post-full-content\"><!-- wp:paragraph -->\n<p>Tak pi\u0119kne Podzi\u0119kowania otrzymali\u015bmy od rodzic\u00f3w Wiktorii i oczywi\u015bcie przekazujemy je Wam : &#8221; To ju\u017c kolejny rok i kolejna wp\u0142ata od Pa\u0144stwa. Chcieliby\u015bmy bardzo serdecznie z ca\u0142ego serca podzi\u0119kowa\u0107 za okazan\u0105 pomoc naszej c\u00f3rce. Jak zwykle tak i teraz brakuje nam s\u0142\u00f3w, by wyrazi\u0107 nasz\u0105 wdzi\u0119czno\u015b\u0107. Dzi\u0119ki Waszemu dobremu sercu i pami\u0119ci o Wiktorii oraz \u017cyczliwo\u015bci, Wiktoria bez ustanku mo\u017ce kontynuowa\u0107 rehabilitacj\u0119 kt\u00f3rej tak bardzo potrzebuje. Z wyrazami wdzi\u0119czno\u015bci i szacunku. Agnieszka, Bogdan, Wiktoria B\u0105k.&#8221;\u00a0 Dzi\u0119kujemy za Wasze dobre serca i ch\u0119\u0107 udzia\u0142u w akcji nakr\u0119tkowej.<\/p>\n<!-- \/wp:paragraph --><\/div><\/li>\n<li><div class=\"wp-block-latest-posts__featured-image alignleft\"><img width=\"293\" height=\"99\" src=\"https:\/\/osm.stage.dige.com.pl\/wp-content\/uploads\/2022\/05\/pobrane.png\" class=\"attachment-medium size-medium wp-post-image\" alt=\"\" loading=\"lazy\" style=\"max-width:290px;max-height:345px;\" \/><\/div><a class=\"wp-block-latest-posts__post-title\" href=\"https:\/\/osm.stage.dige.com.pl\/?p=112\">Szkolne Ko\u0142o Wolontariatu &#8211; informacje<\/a><div class=\"wp-block-latest-posts__post-full-content\"><!-- wp:paragraph -->\n<p>Serdecznie zapraszamy w szeregi Szkolnego Ko\u0142a Wolontariatu, poni\u017cej kilka informacji o zasadach, pracy i programie.\u00a0<a href=\"https:\/\/www.osm.szczecin.pl\/images\/PROGRAM_Szkolnego_Koa_Wolontariatu1.pdf\">Program SKW\u00a0<\/a>i\u00a0<a href=\"https:\/\/www.osm.szczecin.pl\/images\/ZGODA_RODZICW_-_OPIEKUNKW_PRAWNYCH_-_NA_UDZIA_DZIECKA_W_WOLONTARICIE.pdf\">Zgoda od Rodzic\u00f3w<\/a>.<\/p>\n<!-- \/wp:paragraph -->\n\n<!-- wp:paragraph -->\n<p><\/p>\n<!-- \/wp:paragraph --><\/div><\/li>\n<li><div class=\"wp-block-latest-posts__featured-image alignleft\"><img width=\"260\" height=\"195\" src=\"https:\/\/osm.stage.dige.com.pl\/wp-content\/uploads\/2022\/05\/paczuszkamini.jpg\" class=\"attachment-medium size-medium wp-post-image\" alt=\"\" loading=\"lazy\" style=\"max-width:290px;max-height:345px;\" \/><\/div><a class=\"wp-block-latest-posts__post-title\" href=\"https:\/\/osm.stage.dige.com.pl\/?p=109\">Paczuszka dla Maluszka 2021<\/a><div class=\"wp-block-latest-posts__post-full-content\"><!-- wp:paragraph -->\n<p>Serdecznie zapraszamy do aktywnego udzia\u0142u w akcji &#8221; Paczuszka dla Maluszka&#8221;. Jak co roku zbieramy ubranka, kosmetyki, pieluszki dla tych najmniejszych.<\/p>\n<!-- \/wp:paragraph --><\/div><\/li>\n<li><div class=\"wp-block-latest-posts__featured-image alignleft\"><img width=\"225\" height=\"300\" src=\"https:\/\/osm.stage.dige.com.pl\/wp-content\/uploads\/2022\/05\/278834587_272850048383681_1519477046281323335_nmini.jpg\" class=\"attachment-medium size-medium wp-post-image\" alt=\"\" loading=\"lazy\" style=\"max-width:290px;max-height:345px;\" \/><\/div><a class=\"wp-block-latest-posts__post-title\" href=\"https:\/\/osm.stage.dige.com.pl\/?p=106\">Wolontariat w ogrodzie<\/a><div class=\"wp-block-latest-posts__post-full-content\"><!-- wp:paragraph -->\n<p>Uczniowie naszej szko\u0142y w ramach Ko\u0142a Wolontariatu dzielnie dzia\u0142aj\u0105 w muzycznych ogrodach. Dbaj\u0105 o nowe nasadzenia, piel\u0105, podlewaj\u0105. Kwiaty rosn\u0105 i serce ro\u015bnie.\u00a0<\/p>\n<!-- \/wp:paragraph --><\/div><\/li>\n<\/ul>","protected":false},"excerpt":{"rendered":"","protected":false},"author":1,"featured_media":0,"parent":0,"menu_order":0,"comment_status":"closed","ping_status":"closed","template":"","meta":[],"_links":{"self":[{"href":"https:\/\/osm.stage.dige.com.pl\/index.php?rest_route=\/wp\/v2\/pages\/104"}],"collection":[{"href":"https:\/\/osm.stage.dige.com.pl\/index.php?rest_route=\/wp\/v2\/pages"}],"about":[{"href":"https:\/\/osm.stage.dige.com.pl\/index.php?rest_route=\/wp\/v2\/types\/page"}],"author":[{"embeddable":true,"href":"https:\/\/osm.stage.dige.com.pl\/index.php?rest_route=\/wp\/v2\/users\/1"}],"replies":[{"embeddable":true,"href":"https:\/\/osm.stage.dige.com.pl\/index.php?rest_route=%2Fwp%2Fv2%2Fcomments&post=104"}],"version-history":[{"count":5,"href":"https:\/\/osm.stage.dige.com.pl\/index.php?rest_route=\/wp\/v2\/pages\/104\/revisions"}],"predecessor-version":[{"id":1302,"href":"https:\/\/osm.stage.dige.com.pl\/index.php?rest_route=\/wp\/v2\/pages\/104\/revisions\/1302"}],"wp:attachment":[{"href":"https:\/\/osm.stage.dige.com.pl\/index.php?rest_route=%2Fwp%2Fv2%2Fmedia&parent=104"}],"curies":[{"name":"wp","href":"https:\/\/api.w.org\/{rel}","templated":true}]}}