{"id":1152,"date":"2022-12-21T15:06:10","date_gmt":"2022-12-21T14:06:10","guid":{"rendered":"https:\/\/osm.stage.dige.com.pl\/?page_id=1152"},"modified":"2023-08-21T20:23:42","modified_gmt":"2023-08-21T18:23:42","slug":"witamy","status":"publish","type":"page","link":"https:\/\/osm.stage.dige.com.pl\/","title":{"rendered":"Witamy"},"content":{"rendered":"\n<blockquote class=\"wp-block-quote has-black-color has-text-color\"><p>Nie za g\u00f3rami, nie za lasami &#8211; lecz ca\u0142kiem blisko, bo tu\u017c za rogiem &#8211; stoi wspania\u0142y budynek. To nasza szko\u0142a &#8211; Og\u00f3lnokszta\u0142c\u0105ca Szko\u0142a Muzyczna I stopnia im. prof. Marka Jasi\u0144skiego. <\/p><p>Zielone drzwi &#8211; na tle zabytkowych mur\u00f3w z czerwonej ceg\u0142y &#8211; ju\u017c z daleka zapraszaj\u0105, aby je uchyli\u0107 i zajrze\u0107 do \u015brodka. Pozw\u00f3lcie, \u017ce b\u0119d\u0119 Waszym przewodnikiem i poka\u017c\u0119 Wam to wyj\u0105tkowe miejsce, gdzie literki i cyferki spotykaj si\u0119 z nutami, p\u00f3\u0142nutami i kluczem wiolinowym\u2026a d\u017awi\u0119ki instrument\u00f3w muzycznych towarzysz\u0105 nam ka\u017cdego dnia.<\/p><p>Muzyka &#8211; Drogie Dzieci &#8211; ma tak\u0105 cudown\u0105 moc, \u017ce potrafi przenie\u015b\u0107 S\u0142uchaczy do ba\u015bniowego, fantastycznego \u015bwiata, gdzie wszystko jest mo\u017cliwe\u2026<\/p><p>&#8222;Chcecie bajki? Jest bajeczka!<\/p><p>O muzycznych instrumentach &#8211; co nie stoj\u0105 na p\u00f3\u0142eczkach,<\/p><p>Lecz w orkiestrze wyst\u0119puj\u0105 &#8211; do koncertu si\u0119 szykuj\u0105!<\/p><p>Co\u015b wi\u0119c s\u0142ycha\u0107: jakby d\u017awi\u0119ki? jakby brzd\u0119ki?&#8230;<\/p><p>Nawet jazgot, g\u0142os\u00f3w ch\u00f3ry &#8211; czy\u017cby krok od awantury?!<\/p><p>Pan fortepian w czarnym fraku, swoj\u0105 si\u0142\u0119 demonstruje i powiada wszem i wobec \u017ce nad wszystkim tu g\u00f3ruje.<\/p><p>I w u\u015bmiechu rz\u0105d klawiszy szczerzy i dogrywa, \u017ce on tu bohaterzy! <\/p><p>Oj Panie fortepianie: To nie\u0142adnie si\u0119 tak chwali\u0107 , wszak\u017ce ja z pi\u0119knych , kr\u0105g\u0142ych kszta\u0142t\u00f3w s\u0142yn\u0119 i melodi\u0119 \u015bliczn\u0105 zagram &#8211; oznajmi\u0142a dumna harfa. <\/p><p>Harfo, harfo nie przystoi awantur\u0119 wszczyna\u0107 i do swego przekonywa\u0107. Jam gitara najwspanialsza. Najpi\u0119kniejsza i najstarsza- cho\u0107 zaledwie 6 strun mam \u2013 najwytworniej tutaj gram.<\/p><p>\u00a0Na to wszystko patrz\u0105 skrzypce wraz z pomocnym panem smyczkiem. Wiolonczela siostra skrzypiec, chc\u0105c pogodzi\u0107 wa\u015bnie, swary, rzecze s\u0142odko: My strunowe instrumenty: harfa, skrzypce, wiolonczela i nasz wielki brat kontrabas \u2013 gdy zagramy wszyscy na raz \u2013 nikt dor\u00f3wna\u0107 nam nie mo\u017ce! I nic na to nie pomo\u017ce!!! <\/p><p>Trut tu tu \u2013 gang d\u0119ciak\u00f3w to wsp\u00f3lnota.<\/p><p>Tr\u0105bka z\u0142ota &#8211; gra gdy najdzie j\u0105 ochota!<\/p><p>Puzon mocne ma zad\u0119cie i ogromne ma tez wzi\u0119cie. Pan saksofon prym, za\u015b wiedzie\u0107 i pomaga innym w biedzie.<\/p><p>Takie trio to nie \u017carty, najg\u0142o\u015bniejsi , najwytrwalsi.<\/p><p>Sekcja d\u0119ta\u2026 doborowe towarzystwo ma : klarnet, ob\u00f3j, fagot, flet- nietypowi to panowie ale jak\u017ce wyj\u0105tkowi. <\/p><p>\u00a0Nuta, nuty\u2026 r\u00f3\u017cne d\u017awi\u0119ki \u2013 graj\u0105 wszystkie instrumenty!<\/p><p>Co tu robi\u0107? Jak pogodzi\u0107? \u2013 akordeon w my\u015bl zachodzi. <\/p><p>Tak naprawd\u0119 moi mili ka\u017cdy si\u0119 na nutach zna i talenty swoje ma.<\/p><p>Na pr\u00f3\u017cno prosi\u0107, instrumenty nie chc\u0105 s\u0142ucha\u0107, z pasj\u0105 graj\u0105 i d\u017awi\u0119ki z siebie wydobywaj\u0105.<\/p><p>Perkusyjni maj\u0105 do\u015b\u0107!<\/p><p>Spok\u00f3j, cisza! \u2013 kot\u0142y krzycz\u0105. Dajcie nam do g\u0142osu do\u015b\u0107! Instrumenty perkusyjne: b\u0119bny, kot\u0142y, ksylofony i marimba egzotyczna dobrze wiedz\u0105, \u017ce aby pi\u0119kna muzyka zagra\u0142a potrzebna jest do tego batuta wspania\u0142a. <\/p><p>Czym jest owa batuta, zapytacie dzieci??<\/p><p>\u00a0To jakby magiczna r\u00f3\u017cd\u017cka, co w r\u0119ku dyrygenta \u015bwieci!<\/p><p>Dzi\u0119ki niej wszelkie wa\u015bnie i spory &#8211; zmieniaj\u0105 si\u0119 w melodyjne utwory.<\/p><p>Gdy w g\u00f3r\u0119 dyrygent batut\u0119 unosi &#8211; o cisz\u0119 i skupienie instrumenty prosi.<\/p><p>I zaraz muzyka wspania\u0142a w dal p\u0142ynie &#8211; a d\u017awi\u0119ki jej s\u0142ycha\u0107 w ca\u0142ym Szczecinie!&#8221;<\/p><p><\/p><\/blockquote>\n","protected":false},"excerpt":{"rendered":"<p>Nie za g\u00f3rami, nie za lasami &#8211; lecz ca\u0142kiem blisko, bo tu\u017c za rogiem &#8211; stoi wspania\u0142y budynek. To nasza szko\u0142a &#8211; Og\u00f3lnokszta\u0142c\u0105ca Szko\u0142a Muzyczna I stopnia im. prof. Marka Jasi\u0144skiego. Zielone drzwi &#8211; na tle zabytkowych mur\u00f3w z czerwonej ceg\u0142y &#8211; ju\u017c z daleka zapraszaj\u0105, aby je uchyli\u0107 i zajrze\u0107 do \u015brodka. Pozw\u00f3lcie, \u017ce [&hellip;]<\/p>\n","protected":false},"author":1,"featured_media":0,"parent":0,"menu_order":0,"comment_status":"closed","ping_status":"closed","template":"","meta":[],"_links":{"self":[{"href":"https:\/\/osm.stage.dige.com.pl\/index.php?rest_route=\/wp\/v2\/pages\/1152"}],"collection":[{"href":"https:\/\/osm.stage.dige.com.pl\/index.php?rest_route=\/wp\/v2\/pages"}],"about":[{"href":"https:\/\/osm.stage.dige.com.pl\/index.php?rest_route=\/wp\/v2\/types\/page"}],"author":[{"embeddable":true,"href":"https:\/\/osm.stage.dige.com.pl\/index.php?rest_route=\/wp\/v2\/users\/1"}],"replies":[{"embeddable":true,"href":"https:\/\/osm.stage.dige.com.pl\/index.php?rest_route=%2Fwp%2Fv2%2Fcomments&post=1152"}],"version-history":[{"count":14,"href":"https:\/\/osm.stage.dige.com.pl\/index.php?rest_route=\/wp\/v2\/pages\/1152\/revisions"}],"predecessor-version":[{"id":1453,"href":"https:\/\/osm.stage.dige.com.pl\/index.php?rest_route=\/wp\/v2\/pages\/1152\/revisions\/1453"}],"wp:attachment":[{"href":"https:\/\/osm.stage.dige.com.pl\/index.php?rest_route=%2Fwp%2Fv2%2Fmedia&parent=1152"}],"curies":[{"name":"wp","href":"https:\/\/api.w.org\/{rel}","templated":true}]}}