{"id":118,"date":"2022-05-22T21:28:58","date_gmt":"2022-05-22T19:28:58","guid":{"rendered":"https:\/\/osm.stage.dige.com.pl\/?page_id=118"},"modified":"2023-06-14T23:42:33","modified_gmt":"2023-06-14T21:42:33","slug":"samorzad-uczniowski","status":"publish","type":"page","link":"https:\/\/osm.stage.dige.com.pl\/?page_id=118","title":{"rendered":"Samorz\u0105d Uczniowski"},"content":{"rendered":"\n<p class=\"has-text-align-center\"><strong>SAMORZ\u0104D UCZNIOWSKI W ROKU SZKOLNYM 2022\/2023<\/strong><\/p>\n\n\n\n<hr class=\"wp-block-separator has-alpha-channel-opacity\"\/>\n\n\n\n<p>PRZEWODNICZ\u0104CA : ALEKSANDRA BABI\u0143SKA <\/p>\n\n\n\n<p>ZAST\u0118PCA : NIKODEM SZULGO<\/p>\n\n\n\n<p>SEKRETARZ : MARYSIA NIEDZWIECKA , NATALIA GRALAK<br><br><br><br><br><\/p>\n\n\n\n<p class=\"has-text-align-center\"><strong>CO PORABIA SAMORZ\u0104D UCZNIOWSKI?<\/strong><\/p>\n\n\n\n<hr class=\"wp-block-separator has-alpha-channel-opacity\"\/>\n\n\n<ul class=\"wp-block-latest-posts__list has-dates has-author wp-block-latest-posts\"><li><div class=\"wp-block-latest-posts__featured-image alignleft\"><img width=\"150\" height=\"150\" src=\"https:\/\/osm.stage.dige.com.pl\/wp-content\/uploads\/2023\/06\/Niebieski-i-Zolty-Zabawny-Dzien-Przyjazni-1.png\" class=\"attachment-thumbnail size-thumbnail wp-post-image\" alt=\"\" loading=\"lazy\" style=\"max-width:330px;max-height:150px;\" \/><\/div><a class=\"wp-block-latest-posts__post-title\" href=\"https:\/\/osm.stage.dige.com.pl\/?p=1357\">Dzie\u0144 dziecka w OSM<\/a><div class=\"wp-block-latest-posts__post-author\">przez osm_admin<\/div><time datetime=\"2023-05-30T09:19:00+02:00\" class=\"wp-block-latest-posts__post-date\">30 maja 2023<\/time><div class=\"wp-block-latest-posts__post-excerpt\">W tym roku szkolnym Dzie\u0144 Dziecka \u015bwi\u0119tujemy kilka dni &#8211; klasy m\u0142odsze mia\u0142y dzie\u0144 zabaw, kreatywno\u015bci, s\u0142odko\u015bci. Samorz\u0105d Uczniowski wraz z wychowawcami klas 1-3 oraz ze wsparciem finansowym Rady Rodzic\u00f3w OSM przygotowa\u0142 wiele atrakcji : stoisko z pysznymi ciastami, stoisko z malowaniem buzi, robieniem warkoczyk\u00f3w, pierwszej pomocy&#8230; Klasy starsze b\u0119d\u0105 mia\u0142y NIESPODZIAN\u0118 w p\u00f3\u017aniejszym terminie. [&hellip;]<\/div><\/li>\n<li><a class=\"wp-block-latest-posts__post-title\" href=\"https:\/\/osm.stage.dige.com.pl\/?p=122\">Co porabia Samorz\u0105d Uczniowski ?<\/a><div class=\"wp-block-latest-posts__post-author\">przez osm_admin<\/div><time datetime=\"2022-05-22T21:31:49+02:00\" class=\"wp-block-latest-posts__post-date\">22 maja 2022<\/time><div class=\"wp-block-latest-posts__post-excerpt\">Serdecznie zapraszamy na stron\u0119 Samorz\u0105du Uczniowskiego&nbsp;[KLIK]<\/div><\/li>\n<\/ul>","protected":false},"excerpt":{"rendered":"<p>SAMORZ\u0104D UCZNIOWSKI W ROKU SZKOLNYM 2022\/2023 PRZEWODNICZ\u0104CA : ALEKSANDRA BABI\u0143SKA ZAST\u0118PCA : NIKODEM SZULGO SEKRETARZ : MARYSIA NIEDZWIECKA , NATALIA GRALAK CO PORABIA SAMORZ\u0104D UCZNIOWSKI?<\/p>\n","protected":false},"author":1,"featured_media":0,"parent":0,"menu_order":0,"comment_status":"closed","ping_status":"closed","template":"","meta":[],"_links":{"self":[{"href":"https:\/\/osm.stage.dige.com.pl\/index.php?rest_route=\/wp\/v2\/pages\/118"}],"collection":[{"href":"https:\/\/osm.stage.dige.com.pl\/index.php?rest_route=\/wp\/v2\/pages"}],"about":[{"href":"https:\/\/osm.stage.dige.com.pl\/index.php?rest_route=\/wp\/v2\/types\/page"}],"author":[{"embeddable":true,"href":"https:\/\/osm.stage.dige.com.pl\/index.php?rest_route=\/wp\/v2\/users\/1"}],"replies":[{"embeddable":true,"href":"https:\/\/osm.stage.dige.com.pl\/index.php?rest_route=%2Fwp%2Fv2%2Fcomments&post=118"}],"version-history":[{"count":7,"href":"https:\/\/osm.stage.dige.com.pl\/index.php?rest_route=\/wp\/v2\/pages\/118\/revisions"}],"predecessor-version":[{"id":1379,"href":"https:\/\/osm.stage.dige.com.pl\/index.php?rest_route=\/wp\/v2\/pages\/118\/revisions\/1379"}],"wp:attachment":[{"href":"https:\/\/osm.stage.dige.com.pl\/index.php?rest_route=%2Fwp%2Fv2%2Fmedia&parent=118"}],"curies":[{"name":"wp","href":"https:\/\/api.w.org\/{rel}","templated":true}]}}