{"id":1202,"date":"2022-12-13T13:21:00","date_gmt":"2022-12-13T12:21:00","guid":{"rendered":"https:\/\/osm.stage.dige.com.pl\/?page_id=1202"},"modified":"2023-11-03T01:17:37","modified_gmt":"2023-11-03T00:17:37","slug":"gitara","status":"publish","type":"page","link":"https:\/\/osm.stage.dige.com.pl\/?page_id=1202","title":{"rendered":""},"content":{"rendered":"<ul class=\"wp-block-latest-posts__list has-dates wp-block-latest-posts\"><li><div class=\"wp-block-latest-posts__featured-image alignleft\"><img width=\"101\" height=\"150\" src=\"https:\/\/osm.stage.dige.com.pl\/wp-content\/uploads\/2022\/05\/il_570xN1738549160_9830.jpg\" class=\"attachment-thumbnail size-thumbnail wp-post-image\" alt=\"konkurs_gitarowy\" loading=\"lazy\" style=\"max-width:270px;max-height:210px;\" \/><\/div><a class=\"wp-block-latest-posts__post-title\" href=\"https:\/\/osm.stage.dige.com.pl\/?p=1436\">XIII Og\u00f3lnopolski Wiosenny Konkurs Gitarowy &#8211; 24 &#8211; 25 marca 2023.<\/a><time datetime=\"2023-07-28T22:49:52+02:00\" class=\"wp-block-latest-posts__post-date\">28 lipca 2023<\/time><div class=\"wp-block-latest-posts__post-excerpt\">Serdecznie zapraszamy wszystkich ch\u0119tnych do udzia\u0142u w\u00a0XIII Og\u00f3lnopolskim Wiosennym Konkursie Gitarowym, kt\u00f3ry odb\u0119dzie si\u0119 w dniach\u00a024-25 marca\u00a02023.\u00a0Do udzia\u0142u w konkursie [&hellip;]<\/div><\/li>\n<li><a class=\"wp-block-latest-posts__post-title\" href=\"https:\/\/osm.stage.dige.com.pl\/?p=1429\">XIII Og\u00f3lnopolski Wiosenny Konkurs Gitarowy &#8211; HARMONOGRAM<\/a><time datetime=\"2023-07-26T14:47:56+02:00\" class=\"wp-block-latest-posts__post-date\">26 lipca 2023<\/time><div class=\"wp-block-latest-posts__post-excerpt\">Zapraszamy na&nbsp; XIII Og\u00f3lnopolski&nbsp; Wiosenny Konkurs Gitarowy,&nbsp;kt\u00f3ry&nbsp;odb\u0119dzie si\u0119&nbsp;24-25&nbsp;marca 2023.&nbsp; Harmonogram konkursu (&nbsp;plik do pobrania)<\/div><\/li>\n<li><a class=\"wp-block-latest-posts__post-title\" href=\"https:\/\/osm.stage.dige.com.pl\/?p=1433\">XIII Og\u00f3lnopolski Wiosenny Konkurs Gitarowy &#8211; sponsorzy<\/a><time datetime=\"2023-03-23T14:53:00+01:00\" class=\"wp-block-latest-posts__post-date\">23 marca 2023<\/time><div class=\"wp-block-latest-posts__post-excerpt\">SPONSORZY : INTERTON CLASSIC&nbsp;&#8211; sponsor NAGRODY GRAND PRIX dla laureata XIII Og\u00f3lnopolskiego Wiosennego Konkursu Gitarowego Rada Rodzic\u00f3w OSM I st. [&hellip;]<\/div><\/li>\n<\/ul>\n\n\n<p><\/p>\n","protected":false},"excerpt":{"rendered":"","protected":false},"author":1,"featured_media":0,"parent":198,"menu_order":0,"comment_status":"closed","ping_status":"closed","template":"","meta":[],"_links":{"self":[{"href":"https:\/\/osm.stage.dige.com.pl\/index.php?rest_route=\/wp\/v2\/pages\/1202"}],"collection":[{"href":"https:\/\/osm.stage.dige.com.pl\/index.php?rest_route=\/wp\/v2\/pages"}],"about":[{"href":"https:\/\/osm.stage.dige.com.pl\/index.php?rest_route=\/wp\/v2\/types\/page"}],"author":[{"embeddable":true,"href":"https:\/\/osm.stage.dige.com.pl\/index.php?rest_route=\/wp\/v2\/users\/1"}],"replies":[{"embeddable":true,"href":"https:\/\/osm.stage.dige.com.pl\/index.php?rest_route=%2Fwp%2Fv2%2Fcomments&post=1202"}],"version-history":[{"count":6,"href":"https:\/\/osm.stage.dige.com.pl\/index.php?rest_route=\/wp\/v2\/pages\/1202\/revisions"}],"predecessor-version":[{"id":1561,"href":"https:\/\/osm.stage.dige.com.pl\/index.php?rest_route=\/wp\/v2\/pages\/1202\/revisions\/1561"}],"up":[{"embeddable":true,"href":"https:\/\/osm.stage.dige.com.pl\/index.php?rest_route=\/wp\/v2\/pages\/198"}],"wp:attachment":[{"href":"https:\/\/osm.stage.dige.com.pl\/index.php?rest_route=%2Fwp%2Fv2%2Fmedia&parent=1202"}],"curies":[{"name":"wp","href":"https:\/\/api.w.org\/{rel}","templated":true}]}}