{"id":125,"date":"2022-05-22T21:36:17","date_gmt":"2022-05-22T19:36:17","guid":{"rendered":"https:\/\/osm.stage.dige.com.pl\/?page_id=125"},"modified":"2022-09-13T08:54:43","modified_gmt":"2022-09-13T06:54:43","slug":"biblioteka-czytelnia","status":"publish","type":"page","link":"https:\/\/osm.stage.dige.com.pl\/?page_id=125","title":{"rendered":"BIBLIOTEKA\/CZYTELNIA"},"content":{"rendered":"\n<p class=\"has-text-align-center\"><strong>Witamy w bibliotece&nbsp;Og\u00f3lnokszta\u0142c\u0105cej Szko\u0142y Muzycznej I st. w Szczecinie<\/strong><\/p>\n\n\n\n<div class=\"wp-block-image\"><figure class=\"aligncenter size-full\"><a href=\"http:\/\/bibliotekaosm.cba.pl\"><img loading=\"lazy\" width=\"526\" height=\"204\" src=\"https:\/\/osm.stage.dige.com.pl\/wp-content\/uploads\/2022\/05\/pobrane-1.png\" alt=\"\" class=\"wp-image-126\"\/><\/a><\/figure><\/div>\n\n\n\n<p class=\"has-text-align-center\"><strong>Aby przenie\u015b\u0107 si\u0119 w zaczarowany \u015bwiat ksi\u0105\u017cki wystarczy klikn\u0105\u0107&nbsp; w obrazek \ud83d\ude42<\/strong>&nbsp; <\/p>\n\n\n\n<p class=\"has-text-align-center\">Zapraszamy.<\/p>\n","protected":false},"excerpt":{"rendered":"<p>Witamy w bibliotece&nbsp;Og\u00f3lnokszta\u0142c\u0105cej Szko\u0142y Muzycznej I st. w Szczecinie Aby przenie\u015b\u0107 si\u0119 w zaczarowany \u015bwiat ksi\u0105\u017cki wystarczy klikn\u0105\u0107&nbsp; w obrazek \ud83d\ude42&nbsp; Zapraszamy.<\/p>\n","protected":false},"author":1,"featured_media":0,"parent":0,"menu_order":0,"comment_status":"closed","ping_status":"closed","template":"","meta":[],"_links":{"self":[{"href":"https:\/\/osm.stage.dige.com.pl\/index.php?rest_route=\/wp\/v2\/pages\/125"}],"collection":[{"href":"https:\/\/osm.stage.dige.com.pl\/index.php?rest_route=\/wp\/v2\/pages"}],"about":[{"href":"https:\/\/osm.stage.dige.com.pl\/index.php?rest_route=\/wp\/v2\/types\/page"}],"author":[{"embeddable":true,"href":"https:\/\/osm.stage.dige.com.pl\/index.php?rest_route=\/wp\/v2\/users\/1"}],"replies":[{"embeddable":true,"href":"https:\/\/osm.stage.dige.com.pl\/index.php?rest_route=%2Fwp%2Fv2%2Fcomments&post=125"}],"version-history":[{"count":3,"href":"https:\/\/osm.stage.dige.com.pl\/index.php?rest_route=\/wp\/v2\/pages\/125\/revisions"}],"predecessor-version":[{"id":723,"href":"https:\/\/osm.stage.dige.com.pl\/index.php?rest_route=\/wp\/v2\/pages\/125\/revisions\/723"}],"wp:attachment":[{"href":"https:\/\/osm.stage.dige.com.pl\/index.php?rest_route=%2Fwp%2Fv2%2Fmedia&parent=125"}],"curies":[{"name":"wp","href":"https:\/\/api.w.org\/{rel}","templated":true}]}}