{"id":128,"date":"2022-05-22T21:56:01","date_gmt":"2022-05-22T19:56:01","guid":{"rendered":"https:\/\/osm.stage.dige.com.pl\/?page_id=128"},"modified":"2022-10-05T13:59:56","modified_gmt":"2022-10-05T11:59:56","slug":"kilka-slow-o-szkole","status":"publish","type":"page","link":"https:\/\/osm.stage.dige.com.pl\/?page_id=128","title":{"rendered":"Kilka s\u0142\u00f3w o szkole"},"content":{"rendered":"\n<p>Idea kszta\u0142cenia muzycznego najm\u0142odszych mieszka\u0144c\u00f3w Szczecina bierze sw\u00f3j pocz\u0105tek w roku 1971, kiedy z inicjatywy pani&nbsp;<strong>Iwony Mr\u00f3z \u2013 Dudek,<\/strong>&nbsp;nauczycielki muzyki i dyrygenta ch\u00f3ru szkolnego, Szko\u0142a Podstawowa nr 2 rozszerzy\u0142a program wychowania muzycznego. Dyrektorem szko\u0142y by\u0142 w\u00f3wczas&nbsp;<strong>Tadeusz Po\u0142o\u0144ski<\/strong>.<\/p>\n\n\n\n<p>Zaskakuj\u0105ce rezultaty eksperymentu, a zw\u0142aszcza kszta\u0142cenia ch\u00f3ralnego zaowocowa\u0142y w roku szkolnym 1979\/1980 stworzeniem Pa\u0144stwowej Podstawowej Szko\u0142y Muzycznej. Nauczycielami gry na instrumentach zostali muzycy Filharmonii Szczeci\u0144skiej oraz Opery i Operetki, a przedmiot\u00f3w og\u00f3lnych uczyli pedagodzy Szko\u0142y Podstawowej nr 2. Utworzonej w ten spos\u00f3b plac\u00f3wce nadano nazw\u0119 Zespo\u0142u Szk\u00f3\u0142 Podstawowych nr 2. W roku 1991 funkcj\u0119 dyrektora obj\u0105\u0142 pan&nbsp;<strong>Marian Burzy\u0144ski<\/strong>. W tej formule prawnej Szko\u0142a Muzyczna kszta\u0142ci\u0142a kolejne pokolenia szczecinian a\u017c do roku 2008. W kwietniu 2008 Rada Miasta Szczecina podj\u0119\u0142a decyzj\u0119 o rozwi\u0105zaniu z dniem 31 sierpnia Zespo\u0142u Szk\u00f3\u0142 i ustanowieniu Og\u00f3lnokszta\u0142c\u0105cej Szko\u0142y Muzycznej I stopnia jako samodzielnej jednostki edukacyjnej i bud\u017cetowej. Dyrektorem szko\u0142y zosta\u0142a pani&nbsp;<strong>Katarzyna Dziurdzikowska<\/strong>.<\/p>\n\n\n\n<figure class=\"wp-container-2 wp-block-gallery-1 wp-block-gallery has-nested-images columns-default is-cropped\">\n<figure class=\"wp-block-image size-large\"><img loading=\"lazy\" width=\"500\" height=\"305\" data-id=\"129\"  src=\"https:\/\/osm.stage.dige.com.pl\/wp-content\/uploads\/2022\/05\/SZKO1.jpg\" alt=\"\" class=\"wp-image-129\"\/><\/figure>\n\n\n\n<figure class=\"wp-block-image size-large\"><img loading=\"lazy\" width=\"500\" height=\"305\" data-id=\"130\"  src=\"https:\/\/osm.stage.dige.com.pl\/wp-content\/uploads\/2022\/05\/SZKO4.jpg\" alt=\"\" class=\"wp-image-130\"\/><\/figure>\n<\/figure>\n\n\n\n<p><strong>5 lutego 2011 roku OSM I stopnia otrzyma\u0142a imi\u0119 Profesora Marka Jasi\u0144skiego<\/strong>, wybitnego wsp\u00f3\u0142czesnego kompozytora, pedagoga, organizatora festiwali i konkurs\u00f3w muzycznych, wsp\u00f3\u0142pracuj\u0105cego przez lata z ch\u00f3rem Belcanto.<\/p>\n\n\n\n<div class=\"wp-block-media-text alignwide is-stacked-on-mobile\"><figure class=\"wp-block-media-text__media\"><img loading=\"lazy\" width=\"412\" height=\"347\" src=\"https:\/\/osm.stage.dige.com.pl\/wp-content\/uploads\/2022\/10\/image-3.png\" alt=\"\" class=\"wp-image-907 size-full\"\/><\/figure><div class=\"wp-block-media-text__content\">\n<p><strong>Marek Jasi\u0144ski by\u0142 kompozytorem                        i pedagogiem.<br><\/strong>Urodzi\u0142 si\u0119 10 wrze\u015bnia 1949 roku w Stargardzie Szczeci\u0144skim, zmar\u0142 15 lutego 2010 roku w\u00a0Cluj (Rumunia).<\/p>\n<\/div><\/div>\n\n\n\n<p>Po studiach podj\u0105\u0142 prac\u0119 w\u00a0<strong>szczeci\u0144skiej filii Akademii Muzycznej w Poznaniu<\/strong>, a w roku 1995 zosta\u0142 pedagogiem <strong>Akademii Muzycznej w Bydgoszczy<\/strong>. Prowadzi\u0142 tam wyk\u0142ady z kompozycji, kontrapunktu i instrumentacji. W latach 1999-2005 sprawowa\u0142 tak\u017ce funkcj\u0119 dziekana Wydzia\u0142u Kompozycji i Teorii Muzyki tej\u017ce uczelni. W roku 2000 uzyska\u0142 tytu\u0142 profesora.<br>By\u0142 m.in.:<br>\u2013 cz\u0142onkiem jury festiwali i konkurs\u00f3w w kraju i zagranic\u0105<br>\u2013 wsp\u00f3\u0142organizatorem cyklu koncert\u00f3w w Meklemburgii, prezesem Pomorskiego Stowarzyszenia Instrumentalist\u00f3w Akademia<\/p>\n\n\n\n<p><strong>Kompozycje Marka Jasi\u0144skiego<\/strong>&nbsp;znane s\u0105 na ca\u0142ym \u015bwiecie, prezentowane by\u0142y m.in.:&nbsp;w Europie, Argentynie, Australii, Izraelu, Kanadzie i Stanach Zjednoczonych.<br>W Polsce wykonano utwory profesora Jasi\u0144skiego m.in. podczas Warszawskiej Jesieni, Pozna\u0144skiej Wio\u015bnie &nbsp;Muzycznej, M\u0142odej Muzyce Polskiej w Szczecinie, Musica Polonica Nova we Wroc\u0142awiu, Gaude Mater w Cz\u0119stochowie, Mi\u0119dzynarodowym Festiwalu im. Witolda Lutos\u0142awskiego w Szczecinie.<\/p>\n\n\n\n<figure class=\"wp-container-4 wp-block-gallery-3 wp-block-gallery has-nested-images columns-default is-cropped\">\n<figure class=\"wp-block-image size-large\"><img loading=\"lazy\" width=\"500\" height=\"305\" data-id=\"131\"  src=\"https:\/\/osm.stage.dige.com.pl\/wp-content\/uploads\/2022\/05\/SZKO2.jpg\" alt=\"\" class=\"wp-image-131\"\/><\/figure>\n\n\n\n<figure class=\"wp-block-image size-large\"><img loading=\"lazy\" width=\"500\" height=\"305\" data-id=\"132\"  src=\"https:\/\/osm.stage.dige.com.pl\/wp-content\/uploads\/2022\/05\/SZKO3.jpg\" alt=\"\" class=\"wp-image-132\"\/><\/figure>\n<\/figure>\n\n\n\n<p>Od 1 wrze\u015bnia 2018 roku funkcj\u0119 dyrektora naszej szko\u0142y pe\u0142ni pani&nbsp;<strong>Jolanta Sapiecha<\/strong>.<\/p>\n\n\n\n<p class=\"has-text-align-left\"><strong>Tradycja i nowoczesno\u015b\u0107\u2026<\/strong><br>Pierwszym filarem OSM I stopnia jest tradycja. Mamy wypracowane wzorce kszta\u0142cenia i wychowania oraz od lat sp\u00f3jn\u0105 misj\u0119 i wizj\u0119 edukacji. Drugi filar to nowoczesno\u015b\u0107, kt\u00f3ra przejawia si\u0119 w otwarciu pedagog\u00f3w na najnowsze osi\u0105gni\u0119cia pedagogiki , psychologii i metodyki oraz we wprowadzaniu do nauki innowacyjnych metod pracy. Wszystko to dla jak najlepszego kszta\u0142cenia i rozwoju naszych uczni\u00f3w.<\/p>\n\n\n\n<p><strong>Og\u00f3lnie i muzycznie\u2026<\/strong><br>Jeste\u015bmy szko\u0142\u0105 dzienn\u0105, gwarantujemy bardzo wysoki poziom kszta\u0142cenia og\u00f3lnego i muzycznego, nie zapominamy te\u017c o przyjaznej atmosferze i dobrych relacjach mi\u0119dzy nauczycielami i uczniami.. Uzyskujemy wysokie wyniki egzaminu \u00f3smoklasisty, zajmujemy czo\u0142ow\u0105 pozycj\u0119 w rankingach szk\u00f3\u0142 og\u00f3lnokszta\u0142c\u0105cych i muzycznych. Chcemy, aby uczniowie naszej szko\u0142y harmonijnie si\u0119 rozwijali, aby byli \u015bwietnie przygotowani do dalszego kszta\u0142cenia.<\/p>\n\n\n\n<p><strong>Rozwijamy talenty\u2026<\/strong><br>W OSM I stopnia dbamy o wszechstronny rozw\u00f3j osobowo\u015bci i zainteresowa\u0144 ka\u017cdego dziecka. Rozwijamy je na polu artystycznym, co wynika z za\u0142o\u017ce\u0144 szko\u0142y, aktorskim, plastycznym i humanistycznym, ale r\u00f3wnie\u017c przyszli matematycy i informatycy znajd\u0105 tu wiele mo\u017cliwo\u015bci dla siebie. W szkole dzia\u0142aj\u0105 ko\u0142a wolontariatu i zainteresowa\u0144 takie jak: matematyczne, przyrodnicze, ceramiczne, j\u0119zyka w\u0142oskiego, SKS.<\/p>\n\n\n\n<p>Organizujemy konkursy o zasi\u0119gu og\u00f3lnopolskim oraz regionalnym:<br>&#8211; Og\u00f3lnopolski Konkurs Pianistyczny \u201eMuzyka ilustracyjna i programowa w \u015bwiecie dziecka\u201d<br>&#8211; Og\u00f3lnopolski Konkurs Sonat<br>&#8211; Og\u00f3lnopolski Wiosenny Konkurs Gitarowy<br>&#8211; Og\u00f3lnopolski Konkurs dla Tr\u0119baczy<br>&#8211; Matematyczne Triki z Przyrody i Informatyki pod patronatem Zachodniopomorskiego Kuratora O\u015bwiaty<br>&#8211; Ufomatyk<\/p>\n\n\n\n<p>Atutem OSM jest wypo\u017cyczalnia instrument\u00f3w, posy\u0142aj\u0105c wi\u0119c dziecko do naszej szko\u0142y inwestujecie Pa\u0144stwo w pociech\u0119, a nie w wyj\u0105tkowo kosztowny sprz\u0119t.<br>Dodatkow\u0105 zalet\u0105 jest \u015bwietlica, oraz sto\u0142\u00f3wka dost\u0119pna dla uczni\u00f3w klas 1-8.<br>Stwarzamy mo\u017cliwo\u015b\u0107 uczestnictwa w zaj\u0119cia szkolnej pracowni ceramicznej.<br>W szkole dzia\u0142a Stowarzyszenie , kt\u00f3re podejmuje wiele dzia\u0142a\u0144 na rzecz naszych uczni\u00f3w, tak aby wspiera\u0107 szko\u0142\u0119 w zapewnieniu im jak najlepszych warunk\u00f3w do rozwoju i edukacji.<\/p>\n\n\n\n<p>Je\u017celi chc\u0105 pa\u0144stwo, aby Wasze dzieci rozpocz\u0119\u0142y niezapomnian\u0105 przygod\u0119 z nauk\u0105 i rozwija\u0142y umiej\u0119tno\u015bci artystyczne &#8211; zapraszamy do naszej szko\u0142y!<\/p>\n","protected":false},"excerpt":{"rendered":"<p>Idea kszta\u0142cenia muzycznego najm\u0142odszych mieszka\u0144c\u00f3w Szczecina bierze sw\u00f3j pocz\u0105tek w roku 1971, kiedy z inicjatywy pani&nbsp;Iwony Mr\u00f3z \u2013 Dudek,&nbsp;nauczycielki muzyki i dyrygenta ch\u00f3ru szkolnego, Szko\u0142a Podstawowa nr 2 rozszerzy\u0142a program wychowania muzycznego. Dyrektorem szko\u0142y by\u0142 w\u00f3wczas&nbsp;Tadeusz Po\u0142o\u0144ski. Zaskakuj\u0105ce rezultaty eksperymentu, a zw\u0142aszcza kszta\u0142cenia ch\u00f3ralnego zaowocowa\u0142y w roku szkolnym 1979\/1980 stworzeniem Pa\u0144stwowej Podstawowej Szko\u0142y Muzycznej. Nauczycielami [&hellip;]<\/p>\n","protected":false},"author":1,"featured_media":0,"parent":45,"menu_order":0,"comment_status":"closed","ping_status":"closed","template":"","meta":[],"_links":{"self":[{"href":"https:\/\/osm.stage.dige.com.pl\/index.php?rest_route=\/wp\/v2\/pages\/128"}],"collection":[{"href":"https:\/\/osm.stage.dige.com.pl\/index.php?rest_route=\/wp\/v2\/pages"}],"about":[{"href":"https:\/\/osm.stage.dige.com.pl\/index.php?rest_route=\/wp\/v2\/types\/page"}],"author":[{"embeddable":true,"href":"https:\/\/osm.stage.dige.com.pl\/index.php?rest_route=\/wp\/v2\/users\/1"}],"replies":[{"embeddable":true,"href":"https:\/\/osm.stage.dige.com.pl\/index.php?rest_route=%2Fwp%2Fv2%2Fcomments&post=128"}],"version-history":[{"count":4,"href":"https:\/\/osm.stage.dige.com.pl\/index.php?rest_route=\/wp\/v2\/pages\/128\/revisions"}],"predecessor-version":[{"id":1241,"href":"https:\/\/osm.stage.dige.com.pl\/index.php?rest_route=\/wp\/v2\/pages\/128\/revisions\/1241"}],"up":[{"embeddable":true,"href":"https:\/\/osm.stage.dige.com.pl\/index.php?rest_route=\/wp\/v2\/pages\/45"}],"wp:attachment":[{"href":"https:\/\/osm.stage.dige.com.pl\/index.php?rest_route=%2Fwp%2Fv2%2Fmedia&parent=128"}],"curies":[{"name":"wp","href":"https:\/\/api.w.org\/{rel}","templated":true}]}}