{"id":134,"date":"2022-05-22T21:56:32","date_gmt":"2022-05-22T19:56:32","guid":{"rendered":"https:\/\/osm.stage.dige.com.pl\/?page_id=134"},"modified":"2022-10-01T21:55:29","modified_gmt":"2022-10-01T19:55:29","slug":"rodo","status":"publish","type":"page","link":"https:\/\/osm.stage.dige.com.pl\/?page_id=134","title":{"rendered":"RODO"},"content":{"rendered":"\n<p class=\"has-text-align-center\"><strong>Inspektor Ochrony Danych <\/strong><strong>w Og\u00f3lnokszta\u0142c\u0105cej Szkole Muzycznej I st. im. prof. Marka Jasi\u0144skiego w Szczecinie<\/strong><strong>\u00a0<\/strong><\/p>\n\n\n\n<p class=\"has-text-align-center\"><strong>\u00a0Agnieszka Marciniak<\/strong><\/p>\n\n\n\n<p class=\"has-text-align-center\"><strong>\u00a0Telefon:  91 85 22\u00a0093 <\/strong><strong>\u00a0E-mail: <a href=\"mailto:iod@spnt.pl\">iod@spnt.pl<\/a><\/strong><\/p>\n\n\n\n<hr class=\"wp-block-separator has-alpha-channel-opacity\"\/>\n\n\n\n<p class=\"has-text-align-center\"><a href=\"https:\/\/www.osm.szczecin.pl\/images\/RODO_suplement_zdalne_nauczanie_29112020.pdf\" data-type=\"URL\" data-id=\"https:\/\/www.osm.szczecin.pl\/images\/RODO_suplement_zdalne_nauczanie_29112020.pdf\">\u00a0KLAUZULA INFORMACYJNA DLA UCZNI\u00d3W I RODZIC\u00d3W &#8211; ZDALNE NAUCZANIE<\/a> <\/p>\n\n\n\n<p class=\"has-text-align-center\"><a href=\"https:\/\/www.osm.szczecin.pl\/images\/PDF\/Klauzula_informacyjna_dla_uczniw_i_rodzicw_-_proces_rekrutacji_10012020r_.pdfhttps:\/\/www.osm.szczecin.pl\/images\/PDF\/Klauzula_informacyjna_dla_uczniw_i_rodzicw_-_proces_rekrutacji_10012020r_.pdf\">KLAUZULA INFORMACYJNA DLA UCZNI\u00d3W I RODZIC\u00d3W &#8211; PROCES REKRUTACJI\u00a0<\/a><\/p>\n\n\n\n<p class=\"has-text-align-center\"><a href=\"https:\/\/www.osm.szczecin.pl\/images\/PDF\/Klauzula_informacyjna_dla_uczniw_rodzicw_po_przyjciu_10012020r_2021.pdf\">KLAUZULA INFORMACYJNA DLA UCZNI\u00d3W I RODZIC\u00d3W PO PRZYJ\u0118CIU\u00a0<\/a><\/p>\n\n\n\n<p class=\"has-text-align-center\"><a href=\"https:\/\/www.osm.szczecin.pl\/images\/PDF\/klauzula_informacyjna_dla_osb_upowanionych_do_odbioru_dziecka_10012020r_2021.pdf\">KLAUZULA INFORMACYJNA DLA OS\u00d3B UPOWA\u017bNIONYCH DO ODBIORU DZIECKA <\/a><\/p>\n\n\n\n<p class=\"has-text-align-center\">KLAUZULA INFORMACYJNA DLA KANDYDAT\u00d3W DO PRACY\u00a0<\/p>\n\n\n\n<p class=\"has-text-align-center\"><a href=\"https:\/\/www.osm.szczecin.pl\/images\/PDF\/Klauzula_informacyjna_dla_pracownikw_10012020_r_2021.pdf\">KLAUZULA INFORMACYJNA DLA PRACOWNIK\u00d3W <\/a><\/p>\n\n\n\n<p class=\"has-text-align-center\"><a href=\"https:\/\/www.osm.szczecin.pl\/images\/PDF\/klauzula_informacyjna_ZFS_10012020r_2021.pdf\">KLAUZULA INFORMACYJNA ZF\u015aS\u00a0<\/a><\/p>\n\n\n\n<p class=\"has-text-align-center\"><a href=\"https:\/\/www.osm.szczecin.pl\/images\/PDF\/Klauzula_informacyjna_monitoring_10012020r_2021.pdf\">KLAUZULA INFORMACYJNA MONITORING\u00a0<\/a><\/p>\n\n\n\n<p class=\"has-text-align-center\"><a href=\"https:\/\/www.osm.szczecin.pl\/images\/PDF\/Regulamin_udostpniania_danych_osobowych_z_monitoringu_2020.pdf\">REGULAMIN UDOST\u0118PNIANIA DANYCH OSOBOWYCH\u00a0<\/a><\/p>\n\n\n\n<p class=\"has-text-align-center\"><a href=\"https:\/\/www.osm.szczecin.pl\/images\/PDF\/Klauzula_informacyjna_dla_kontrahentw2021.pdf\">KLAUZULA INFORMACYJNA DLA KONTRAHENT\u00d3W\u00a0<\/a><\/p>\n\n\n\n<p class=\"has-text-align-center\"><a href=\"https:\/\/www.osm.szczecin.pl\/images\/PDF\/kiCOVID-19.pdf\">KLAUZULA INFORMACYJNA COVID\u00a0<\/a><\/p>\n\n\n\n<p class=\"has-text-align-center\"><a href=\"https:\/\/www.osm.szczecin.pl\/images\/PDF\/Klauzula_FACEBOOK2021.pdf\">KLAUZULA FACEBOOK <\/a><\/p>\n","protected":false},"excerpt":{"rendered":"<p>Inspektor Ochrony Danych w Og\u00f3lnokszta\u0142c\u0105cej Szkole Muzycznej I st. im. prof. Marka Jasi\u0144skiego w Szczecinie\u00a0 \u00a0Agnieszka Marciniak \u00a0Telefon: 91 85 22\u00a0093 \u00a0E-mail: iod@spnt.pl \u00a0KLAUZULA INFORMACYJNA DLA UCZNI\u00d3W I RODZIC\u00d3W &#8211; ZDALNE NAUCZANIE KLAUZULA INFORMACYJNA DLA UCZNI\u00d3W I RODZIC\u00d3W &#8211; PROCES REKRUTACJI\u00a0 KLAUZULA INFORMACYJNA DLA UCZNI\u00d3W I RODZIC\u00d3W PO PRZYJ\u0118CIU\u00a0 KLAUZULA INFORMACYJNA DLA OS\u00d3B UPOWA\u017bNIONYCH DO [&hellip;]<\/p>\n","protected":false},"author":1,"featured_media":0,"parent":0,"menu_order":0,"comment_status":"closed","ping_status":"closed","template":"","meta":[],"_links":{"self":[{"href":"https:\/\/osm.stage.dige.com.pl\/index.php?rest_route=\/wp\/v2\/pages\/134"}],"collection":[{"href":"https:\/\/osm.stage.dige.com.pl\/index.php?rest_route=\/wp\/v2\/pages"}],"about":[{"href":"https:\/\/osm.stage.dige.com.pl\/index.php?rest_route=\/wp\/v2\/types\/page"}],"author":[{"embeddable":true,"href":"https:\/\/osm.stage.dige.com.pl\/index.php?rest_route=\/wp\/v2\/users\/1"}],"replies":[{"embeddable":true,"href":"https:\/\/osm.stage.dige.com.pl\/index.php?rest_route=%2Fwp%2Fv2%2Fcomments&post=134"}],"version-history":[{"count":5,"href":"https:\/\/osm.stage.dige.com.pl\/index.php?rest_route=\/wp\/v2\/pages\/134\/revisions"}],"predecessor-version":[{"id":842,"href":"https:\/\/osm.stage.dige.com.pl\/index.php?rest_route=\/wp\/v2\/pages\/134\/revisions\/842"}],"wp:attachment":[{"href":"https:\/\/osm.stage.dige.com.pl\/index.php?rest_route=%2Fwp%2Fv2%2Fmedia&parent=134"}],"curies":[{"name":"wp","href":"https:\/\/api.w.org\/{rel}","templated":true}]}}