{"id":1350,"date":"2023-04-18T19:37:05","date_gmt":"2023-04-18T17:37:05","guid":{"rendered":"https:\/\/osm.stage.dige.com.pl\/?page_id=1350"},"modified":"2023-04-18T19:37:06","modified_gmt":"2023-04-18T17:37:06","slug":"konkurs-piosenki-obcojezycznej","status":"publish","type":"page","link":"https:\/\/osm.stage.dige.com.pl\/?page_id=1350","title":{"rendered":"Konkurs Piosenki Obcoj\u0119zycznej"},"content":{"rendered":"<ul class=\"wp-block-latest-posts__list has-dates wp-block-latest-posts\"><li><div class=\"wp-block-latest-posts__featured-image alignleft\"><img width=\"113\" height=\"150\" src=\"https:\/\/osm.stage.dige.com.pl\/wp-content\/uploads\/2023\/04\/the-SMGO-2023mini.jpg\" class=\"attachment-thumbnail size-thumbnail wp-post-image\" alt=\"\" loading=\"lazy\" style=\"max-width:300px;max-height:200px;\" \/><\/div><a class=\"wp-block-latest-posts__post-title\" href=\"https:\/\/osm.stage.dige.com.pl\/?p=1346\">The Show Must Go On 2023<\/a><time datetime=\"2023-04-18T15:39:44+02:00\" class=\"wp-block-latest-posts__post-date\">18 kwietnia 2023<\/time><div class=\"wp-block-latest-posts__post-excerpt\">Serdecznie&nbsp;zapraszamy&nbsp;wszystkich uczni\u00f3w OSM I st. w Szczecinie, do wzi\u0119cia udzia\u0142u w&nbsp;Konkursie Piosenki Obcoj\u0119zycznej. W konkursie mog\u0105 wzi\u0105\u0107 udzia\u0142 zar\u00f3wno zespo\u0142y, jak i soli\u015bci. Wyst\u0119py b\u0119d\u0105 w trzech j\u0119zykach: angielskim, niemieckim [&hellip;]<\/div><\/li>\n<\/ul>","protected":false},"excerpt":{"rendered":"","protected":false},"author":1,"featured_media":0,"parent":0,"menu_order":0,"comment_status":"closed","ping_status":"closed","template":"","meta":[],"_links":{"self":[{"href":"https:\/\/osm.stage.dige.com.pl\/index.php?rest_route=\/wp\/v2\/pages\/1350"}],"collection":[{"href":"https:\/\/osm.stage.dige.com.pl\/index.php?rest_route=\/wp\/v2\/pages"}],"about":[{"href":"https:\/\/osm.stage.dige.com.pl\/index.php?rest_route=\/wp\/v2\/types\/page"}],"author":[{"embeddable":true,"href":"https:\/\/osm.stage.dige.com.pl\/index.php?rest_route=\/wp\/v2\/users\/1"}],"replies":[{"embeddable":true,"href":"https:\/\/osm.stage.dige.com.pl\/index.php?rest_route=%2Fwp%2Fv2%2Fcomments&post=1350"}],"version-history":[{"count":1,"href":"https:\/\/osm.stage.dige.com.pl\/index.php?rest_route=\/wp\/v2\/pages\/1350\/revisions"}],"predecessor-version":[{"id":1351,"href":"https:\/\/osm.stage.dige.com.pl\/index.php?rest_route=\/wp\/v2\/pages\/1350\/revisions\/1351"}],"wp:attachment":[{"href":"https:\/\/osm.stage.dige.com.pl\/index.php?rest_route=%2Fwp%2Fv2%2Fmedia&parent=1350"}],"curies":[{"name":"wp","href":"https:\/\/api.w.org\/{rel}","templated":true}]}}