{"id":138,"date":"2022-05-22T22:02:45","date_gmt":"2022-05-22T20:02:45","guid":{"rendered":"https:\/\/osm.stage.dige.com.pl\/?page_id=138"},"modified":"2022-10-06T14:47:14","modified_gmt":"2022-10-06T12:47:14","slug":"deklaracja-dostepnosci","status":"publish","type":"page","link":"https:\/\/osm.stage.dige.com.pl\/?page_id=138","title":{"rendered":"Deklaracja dost\u0119pno\u015bci"},"content":{"rendered":"\n<h2 id=\"a11y-deklaracja\">Deklaracja dost\u0119pno\u015bci Biuletynu Informacji Publicznej Og\u00f3lnokszta\u0142c\u0105cej Szko\u0142y Muzycznej I st. w Szczecinie<\/h2>\n\n\n\n<p id=\"a11y-wstep\">Og\u00f3lnokszta\u0142c\u0105ca Szko\u0142a Muzyczna I st. im. prof. Marka Jasi\u0144skiego&nbsp;zobowi\u0105zuje si\u0119 zapewni\u0107 dost\u0119pno\u015b\u0107 swojej strony internetowej zgodnie z przepisami ustawy z dnia 4&nbsp;kwietnia 2019&nbsp;r. o&nbsp;dost\u0119pno\u015bci cyfrowej stron internetowych i&nbsp;aplikacji mobilnych podmiot\u00f3w publicznych. O\u015bwiadczenie w sprawie dost\u0119pno\u015bci ma zastosowanie do strony internetowej&nbsp;<a href=\"http:\/\/www.osm.szczecin.pl\/\">Biuletynu Informacji Publicznej Og\u00f3lnokszta\u0142c\u0105cej Szko\u0142y Muzycznej I st. w Szczecinie<\/a>.<\/p>\n\n\n\n<ul><li>Data publikacji strony internetowej:&nbsp;2015-09-23<\/li><li>Data ostatniej istotnej aktualizacji:&nbsp;2021-01-15<\/li><\/ul>\n\n\n\n<h2>Status pod wzgl\u0119dem zgodno\u015bci z ustaw\u0105<\/h2>\n\n\n\n<p>Strona internetowa jest&nbsp;<strong>zgodna<\/strong>&nbsp;z&nbsp;ustaw\u0105 o&nbsp;dost\u0119pno\u015bci cyfrowej stron internetowych i&nbsp;aplikacji mobilnych podmiot\u00f3w publicznych.<\/p>\n\n\n\n<h2>Przygotowanie deklaracji w sprawie dost\u0119pno\u015bci<\/h2>\n\n\n\n<ul><li>Deklaracj\u0119 sporz\u0105dzono dnia:&nbsp;2021-02-26<\/li><li>Deklaracj\u0119 zosta\u0142a ostatnio poddana przegl\u0105dowi i aktualizacji dnia:&nbsp;2021-02-26<\/li><\/ul>\n\n\n\n<p>Deklaracj\u0119 sporz\u0105dzono na podstawie samooceny.<\/p>\n\n\n\n<h2 id=\"a11y-kontakt\">Informacje zwrotne i dane kontaktowe<\/h2>\n\n\n\n<ul><li>Za rozpatrywanie uwag i wniosk\u00f3w odpowiada:&nbsp;Katarzyna Piaksowska.<\/li><li>E-mail:&nbsp;<a href=\"mailto:katarzyna.piaskowska@osm.szczecin.pl\">katarzyna.piaskowska@osm.szczecin.pl<\/a><\/li><li>Telefon:&nbsp;531252404<\/li><\/ul>\n\n\n\n<p id=\"a11y-procedura\">Ka\u017cdy ma prawo:<\/p>\n\n\n\n<ul><li>zg\u0142osi\u0107 uwagi dotycz\u0105ce dost\u0119pno\u015bci cyfrowej strony lub jej elementu,<\/li><li>zg\u0142osi\u0107 \u017c\u0105danie zapewnienia dost\u0119pno\u015bci cyfrowej strony lub jej elementu,<\/li><li>wnioskowa\u0107 o udost\u0119pnienie niedost\u0119pnej informacji w innej alternatywnej formie.<\/li><\/ul>\n\n\n\n<p>\u017b\u0105danie musi zawiera\u0107:<\/p>\n\n\n\n<ul><li>dane kontaktowe osoby zg\u0142aszaj\u0105cej,<\/li><li>wskazanie strony lub elementu strony, kt\u00f3rej dotyczy \u017c\u0105danie,<\/li><li>wskazanie dogodnej formy udost\u0119pnienia informacji, je\u015bli \u017c\u0105danie dotyczy udost\u0119pnienia w formie alternatywnej informacji niedost\u0119pnej.<\/li><\/ul>\n\n\n\n<p>Rozpatrzenie zg\u0142oszenia powinno nast\u0105pi\u0107 niezw\u0142ocznie, najp\u00f3\u017aniej w ci\u0105gu 7 dni. Je\u015bli w tym terminie zapewnienie dost\u0119pno\u015bci albo zapewnienie dost\u0119pu w alternatywnej formie nie jest mo\u017cliwe, powinno nast\u0105pi\u0107 najdalej w ci\u0105gu 2 miesi\u0119cy od daty zg\u0142oszenia.<\/p>\n\n\n\n<h2>Skargi i odwo\u0142ania<\/h2>\n\n\n\n<p>Na niedotrzymanie tych termin\u00f3w oraz na odmow\u0119 realizacji \u017c\u0105dania mo\u017cna z\u0142o\u017cy\u0107 skarg\u0119 do organu nadzoruj\u0105cego poczt\u0105 lub drog\u0105 elektroniczn\u0105 na adres:<\/p>\n\n\n\n<ul><li>Organ nadzoruj\u0105cy: Dyrektor Og\u00f3lnokszta\u0142c\u0105cej Szko\u0142y Muzycznej I st w Szczecinie<\/li><li>Adres: Boles\u0142awa \u015amia\u0142ego 42-43, 70-351 Szczecin<\/li><li>E-mail:&nbsp;<a href=\"mailto:osmis@miasto.szczecin.pl\">osmis@miasto.szczecin.pl<\/a><\/li><li>Telefon: +48914844324<\/li><\/ul>\n\n\n\n<p>Skarg\u0119 mo\u017cna z\u0142o\u017cy\u0107 r\u00f3wnie\u017c do&nbsp;<a href=\"https:\/\/www.rpo.gov.pl\/content\/jak-zglosic-sie-do-rzecznika-praw-obywatelskich\">Rzecznika Praw Obywatelskich<\/a>.<\/p>\n\n\n\n<h2 id=\"a11y-architektura\">Dost\u0119pno\u015b\u0107 architektoniczna<\/h2>\n\n\n\n<ol><li>Do budynku szko\u0142y prowadz\u0105 dwa g\u0142\u00f3wne wej\u015bcia znajduj\u0105ce si\u0119 od ul \u015aciegiennego i Bol. \u015amia\u0142ego, prowadz\u0105 do nich schody. Wej\u015bcie jest og\u00f3lnodost\u0119pne w godzinach pracy szko\u0142y.<\/li><li>W budynku nie ma dostosowa\u0144 dla os\u00f3b niepe\u0142nosprawnych.<\/li><li>Nie wyst\u0119puje podjazd dla w\u00f3zk\u00f3w inwalidzkich.<\/li><li>Budynek sali gimnatycznej dostosowany jest dla os\u00f3b niepe\u0142nosprawnych \u2013 podjazdy dla w\u00f3zk\u00f3w.<\/li><\/ol>\n","protected":false},"excerpt":{"rendered":"<p>Deklaracja dost\u0119pno\u015bci Biuletynu Informacji Publicznej Og\u00f3lnokszta\u0142c\u0105cej Szko\u0142y Muzycznej I st. w Szczecinie Og\u00f3lnokszta\u0142c\u0105ca Szko\u0142a Muzyczna I st. im. prof. Marka Jasi\u0144skiego&nbsp;zobowi\u0105zuje si\u0119 zapewni\u0107 dost\u0119pno\u015b\u0107 swojej strony internetowej zgodnie z przepisami ustawy z dnia 4&nbsp;kwietnia 2019&nbsp;r. o&nbsp;dost\u0119pno\u015bci cyfrowej stron internetowych i&nbsp;aplikacji mobilnych podmiot\u00f3w publicznych. O\u015bwiadczenie w sprawie dost\u0119pno\u015bci ma zastosowanie do strony internetowej&nbsp;Biuletynu Informacji Publicznej Og\u00f3lnokszta\u0142c\u0105cej [&hellip;]<\/p>\n","protected":false},"author":1,"featured_media":0,"parent":0,"menu_order":0,"comment_status":"closed","ping_status":"closed","template":"","meta":[],"_links":{"self":[{"href":"https:\/\/osm.stage.dige.com.pl\/index.php?rest_route=\/wp\/v2\/pages\/138"}],"collection":[{"href":"https:\/\/osm.stage.dige.com.pl\/index.php?rest_route=\/wp\/v2\/pages"}],"about":[{"href":"https:\/\/osm.stage.dige.com.pl\/index.php?rest_route=\/wp\/v2\/types\/page"}],"author":[{"embeddable":true,"href":"https:\/\/osm.stage.dige.com.pl\/index.php?rest_route=\/wp\/v2\/users\/1"}],"replies":[{"embeddable":true,"href":"https:\/\/osm.stage.dige.com.pl\/index.php?rest_route=%2Fwp%2Fv2%2Fcomments&post=138"}],"version-history":[{"count":2,"href":"https:\/\/osm.stage.dige.com.pl\/index.php?rest_route=\/wp\/v2\/pages\/138\/revisions"}],"predecessor-version":[{"id":963,"href":"https:\/\/osm.stage.dige.com.pl\/index.php?rest_route=\/wp\/v2\/pages\/138\/revisions\/963"}],"wp:attachment":[{"href":"https:\/\/osm.stage.dige.com.pl\/index.php?rest_route=%2Fwp%2Fv2%2Fmedia&parent=138"}],"curies":[{"name":"wp","href":"https:\/\/api.w.org\/{rel}","templated":true}]}}