{"id":150,"date":"2022-05-29T20:44:42","date_gmt":"2022-05-29T18:44:42","guid":{"rendered":"https:\/\/osm.stage.dige.com.pl\/?page_id=150"},"modified":"2023-09-20T13:27:45","modified_gmt":"2023-09-20T11:27:45","slug":"rada-rodzicow","status":"publish","type":"page","link":"https:\/\/osm.stage.dige.com.pl\/?page_id=150","title":{"rendered":"RADA RODZIC\u00d3W OSM I STOPNIA"},"content":{"rendered":"\n<p>Przewodnicz\u0105ca :\u00a0<strong>Micha\u0142 Rachowski<br><\/strong>Wiceprzewodnicz\u0105cy :\u00a0<strong>Marcin Skonieczny\u00a0<\/strong><br>Sekretarz :\u00a0<strong>Monika <strong>Raunmiagi<\/strong><br><\/strong>Skarbnik :\u00a0<strong>Katarzyna Piaskowska<\/strong><\/p>\n\n\n\n<hr class=\"wp-block-separator has-alpha-channel-opacity\"\/>\n\n\n\n<h2>Sk\u0142adki na rok szkolny 2023\/2024<\/h2>\n\n\n\n<p><strong>Fundusz Rady Rodzic\u00f3w (na rok):\u00a0120 z\u0142<\/strong>\u00a0(je\u015bli wp\u0142ata nast\u0105pi do dnia 30 listopada 2022 op\u0142ata jest\u00a0<strong>obni\u017cona do 80 z\u0142!<\/strong>)<br>Sk\u0142adka na drugie i kolejne dziecko wynosi\u00a0<strong>60 z\u0142<\/strong><\/p>\n\n\n\n<p><strong>Sk\u0142adki z Funduszu Rady Rodzic\u00f3w wykorzystywane s\u0105 na dofinansowanie dzia\u0142a\u0144 pionu og\u00f3lnokszta\u0142c\u0105cego, uroczysto\u015bci i wydarzenia szkolne.<\/strong><\/p>\n\n\n\n<p><strong>Fundusz Muzyczny (na rok):\u00a0250 z\u0142<\/strong><br>Sk\u0142adka na drugie i kolejne dziecko wynosi\u00a0<strong>125 z\u0142<\/strong><\/p>\n\n\n\n<p><strong>Sk\u0142adki z Funduszu Muzycznego wykorzystywane s\u0105 na dofinansowanie dzia\u0142a\u0144 pionu muzycznego, warsztaty, konkursy szkolne, konkursy og\u00f3lnopolskie, uroczysto\u015bci i wydarzenia muzyczne.<\/strong><\/p>\n\n\n\n<p><strong>Sk\u0142adka na materia\u0142y do \u015bwietlicy: 40<\/strong>\u00a0z\u0142 za semestr (<strong>80 z\u0142 rocznie<\/strong>)<\/p>\n\n\n\n<p>Sk\u0142adka roczna za u\u017cytkowanie szafek :  10z\u0142\/ ma\u0142a, 20z\u0142\/\u015brednia, 30z\u0142\/du\u017ca<\/p>\n\n\n\n<p><strong>Wypo\u017cyczenie instrument\u00f3w:&nbsp;<\/strong>(tylko dla tych kt\u00f3rzy wypo\u017cyczaj\u0105 instrument)&nbsp;Zgodnie z<a href=\"https:\/\/www.osm.szczecin.pl\/images\/CENNIK_WYPOYCZENIA_INSTRUMENTW_MUZYCZNYCH.pdf\">&nbsp;cennikiem [za\u0142\u0105cznik]<\/a><\/p>\n\n\n\n<p>Sk\u0142adki nale\u017cy wp\u0142aca\u0107 na konto Rady Rodzic\u00f3w:&nbsp;<strong>16 1440 1143 0000 0000 1225 0371<\/strong>&nbsp;(Bank PKOBP)&nbsp;(Koniecznie z podaniem: imienia i nazwiska dziecka oraz klasy)<\/p>\n\n\n\n<h2>Dokumenty Rady Rodzic\u00f3w<\/h2>\n\n\n\n<p><a href=\"https:\/\/www.osm.szczecin.pl\/images\/PDF\/BRWA4FC7764D285_004019.pdf\">Regulamin zwrotu koszt\u00f3w wyjazd\u00f3w na konkursy.<\/a><\/p>\n\n\n\n<p><a href=\"https:\/\/www.osm.szczecin.pl\/images\/PDF\/wniosek_o_dofinansowanie_na_wyjazd.pdf\">Wniosek o zwrot koszt\u00f3w wyjazd\u00f3w na konkursy.<\/a><\/p>\n\n\n\n<hr class=\"wp-block-separator has-alpha-channel-opacity\"\/>\n\n\n\n<p>Wszelkie uwagi, pomys\u0142y oraz inicjatywy&nbsp;prosimy&nbsp;kierowa\u0107 na adres mailowy Rady&nbsp;<a href=\"mailto:rrosm.szczecin@gmail.com\">rrosm.szczecin@gmail.com<\/a>&nbsp;<br>Instagram:&nbsp;<a href=\"http:\/\/instagram.com\/rrosm.szczecin\/\" target=\"_blank\" rel=\"noreferrer noopener\">http:\/\/instagram.com\/rrosm.szczecin\/<\/a><\/p>\n","protected":false},"excerpt":{"rendered":"<p>Przewodnicz\u0105ca :\u00a0Micha\u0142 RachowskiWiceprzewodnicz\u0105cy :\u00a0Marcin Skonieczny\u00a0Sekretarz :\u00a0Monika RaunmiagiSkarbnik :\u00a0Katarzyna Piaskowska Sk\u0142adki na rok szkolny 2023\/2024 Fundusz Rady Rodzic\u00f3w (na rok):\u00a0120 z\u0142\u00a0(je\u015bli wp\u0142ata nast\u0105pi do dnia 30 listopada 2022 op\u0142ata jest\u00a0obni\u017cona do 80 z\u0142!)Sk\u0142adka na drugie i kolejne dziecko wynosi\u00a060 z\u0142 Sk\u0142adki z Funduszu Rady Rodzic\u00f3w wykorzystywane s\u0105 na dofinansowanie dzia\u0142a\u0144 pionu og\u00f3lnokszta\u0142c\u0105cego, uroczysto\u015bci i wydarzenia szkolne. [&hellip;]<\/p>\n","protected":false},"author":1,"featured_media":0,"parent":143,"menu_order":0,"comment_status":"closed","ping_status":"closed","template":"","meta":[],"_links":{"self":[{"href":"https:\/\/osm.stage.dige.com.pl\/index.php?rest_route=\/wp\/v2\/pages\/150"}],"collection":[{"href":"https:\/\/osm.stage.dige.com.pl\/index.php?rest_route=\/wp\/v2\/pages"}],"about":[{"href":"https:\/\/osm.stage.dige.com.pl\/index.php?rest_route=\/wp\/v2\/types\/page"}],"author":[{"embeddable":true,"href":"https:\/\/osm.stage.dige.com.pl\/index.php?rest_route=\/wp\/v2\/users\/1"}],"replies":[{"embeddable":true,"href":"https:\/\/osm.stage.dige.com.pl\/index.php?rest_route=%2Fwp%2Fv2%2Fcomments&post=150"}],"version-history":[{"count":8,"href":"https:\/\/osm.stage.dige.com.pl\/index.php?rest_route=\/wp\/v2\/pages\/150\/revisions"}],"predecessor-version":[{"id":1532,"href":"https:\/\/osm.stage.dige.com.pl\/index.php?rest_route=\/wp\/v2\/pages\/150\/revisions\/1532"}],"up":[{"embeddable":true,"href":"https:\/\/osm.stage.dige.com.pl\/index.php?rest_route=\/wp\/v2\/pages\/143"}],"wp:attachment":[{"href":"https:\/\/osm.stage.dige.com.pl\/index.php?rest_route=%2Fwp%2Fv2%2Fmedia&parent=150"}],"curies":[{"name":"wp","href":"https:\/\/api.w.org\/{rel}","templated":true}]}}