{"id":155,"date":"2022-05-29T20:50:30","date_gmt":"2022-05-29T18:50:30","guid":{"rendered":"https:\/\/osm.stage.dige.com.pl\/?page_id=155"},"modified":"2023-04-11T15:17:12","modified_gmt":"2023-04-11T13:17:12","slug":"obiady","status":"publish","type":"page","link":"https:\/\/osm.stage.dige.com.pl\/?page_id=155","title":{"rendered":"OBIADY"},"content":{"rendered":"<ul class=\"wp-block-latest-posts__list wp-block-latest-posts\"><li><div class=\"wp-block-latest-posts__featured-image alignleft\"><img width=\"150\" height=\"117\" src=\"https:\/\/osm.stage.dige.com.pl\/wp-content\/uploads\/2023\/11\/5.png\" class=\"attachment-thumbnail size-thumbnail wp-post-image\" alt=\"\" loading=\"lazy\" style=\"max-width:500px;max-height:350px;\" \/><\/div><a class=\"wp-block-latest-posts__post-title\" href=\"https:\/\/osm.stage.dige.com.pl\/?p=1570\">Obiady listopadowe &#8211; menu<\/a><div class=\"wp-block-latest-posts__post-excerpt\">Menu listopadowe : 2-30.11.2023 (plik do pobrania)<\/div><\/li>\n<li><div class=\"wp-block-latest-posts__featured-image alignleft\"><img width=\"150\" height=\"117\" src=\"https:\/\/osm.stage.dige.com.pl\/wp-content\/uploads\/2023\/10\/Spotkania-z-Rodzicami-5-x-4-cm-270-x-210-px-4.png\" class=\"attachment-thumbnail size-thumbnail wp-post-image\" alt=\"\" loading=\"lazy\" style=\"max-width:500px;max-height:350px;\" \/><\/div><a class=\"wp-block-latest-posts__post-title\" href=\"https:\/\/osm.stage.dige.com.pl\/?p=1550\">Obiady pa\u017adziernikowe &#8211; menu miesi\u0119czne<\/a><div class=\"wp-block-latest-posts__post-excerpt\">Menu pa\u017adziernikowe : 2-31.10.2023 (plik do pobrania)<\/div><\/li>\n<li><div class=\"wp-block-latest-posts__featured-image alignleft\"><img width=\"150\" height=\"117\" src=\"https:\/\/osm.stage.dige.com.pl\/wp-content\/uploads\/2023\/09\/Spotkania-z-Rodzicami-5-x-4-cm-270-x-210-px-1.png\" class=\"attachment-thumbnail size-thumbnail wp-post-image\" alt=\"\" loading=\"lazy\" style=\"max-width:500px;max-height:350px;\" \/><\/div><a class=\"wp-block-latest-posts__post-title\" href=\"https:\/\/osm.stage.dige.com.pl\/?p=1521\">Obiady w pa\u017adzierniku 2023 &#8211; wp\u0142aty<\/a><div class=\"wp-block-latest-posts__post-excerpt\">Kwota za pa\u017adziernik wynosi\u00a022\u00a0dni x 7,92 z\u0142 = 174,24 z\u0142\u00a0wp\u0142aty dokonujemy w nieprzekraczalnym terminie do\u00a020.09.2023r. (termin wp\u0142at za obiady zosta\u0142 ustalony na posiedzeniu Rady Rodzic\u00f3w)\u00a0\u00a0Wp\u0142aty dokonujemy na konto szko\u0142y:\u00a094 1020 4795 0000 9402 0278 5517.\u00a0\u00a0W tytule wp\u0142at nale\u017cy poda\u0107\u00a0imi\u0119 i nazwisko,\u00a0klas\u0119\u00a0i dopisek\u00a0obiady\u00a0i za kt\u00f3ry\u00a0miesi\u0105c\u00a0dokonana jest wp\u0142ata.\u00a0 W przypadku nieobecno\u015bci ucznia w szkole nale\u017cy o tym [&hellip;]<\/div><\/li>\n<li><div class=\"wp-block-latest-posts__featured-image alignleft\"><img width=\"150\" height=\"117\" src=\"https:\/\/osm.stage.dige.com.pl\/wp-content\/uploads\/2023\/09\/Spotkania-z-Rodzicami-5-x-4-cm-270-x-210-px.png\" class=\"attachment-thumbnail size-thumbnail wp-post-image\" alt=\"\" loading=\"lazy\" style=\"max-width:500px;max-height:350px;\" \/><\/div><a class=\"wp-block-latest-posts__post-title\" href=\"https:\/\/osm.stage.dige.com.pl\/?p=1509\">Obiady wrze\u015bniowe &#8211; menu miesi\u0119czne<\/a><div class=\"wp-block-latest-posts__post-excerpt\">Menu wrze\u015bniowe : 11-29.09.2023<\/div><\/li>\n<li><div class=\"wp-block-latest-posts__featured-image alignleft\"><img width=\"150\" height=\"104\" src=\"https:\/\/osm.stage.dige.com.pl\/wp-content\/uploads\/2022\/05\/1_DK5wMo9CvBmzzPyQdL_HZA.jpeg\" class=\"attachment-thumbnail size-thumbnail wp-post-image\" alt=\"\" loading=\"lazy\" style=\"max-width:500px;max-height:350px;\" \/><\/div><a class=\"wp-block-latest-posts__post-title\" href=\"https:\/\/osm.stage.dige.com.pl\/?p=1462\">Obiady we wrze\u015bniu 2023<\/a><div class=\"wp-block-latest-posts__post-excerpt\">Obiady wydawane b\u0119d\u0105 od 11&nbsp;wrze\u015bnia 2023r. je\u015bli wp\u0142ata na konto szko\u0142y wp\u0142ynie do dnia 6.09.2023 Prosimy o dostarczenie&nbsp;deklaracji&nbsp;&nbsp;do dnia&nbsp;5&nbsp;wrze\u015bnia 2023 roku. Kwota za&nbsp;wrzesie\u0144&nbsp;wynosi&nbsp;118,80&nbsp;z\u0142 ( 7,92z\u0142 x 15 dni).&nbsp; Wp\u0142aty dokonujemy na konto szko\u0142y:\u00a094 1020 4795 0000 9402 0278 5517.\u00a0\u00a0W tytule wp\u0142at nale\u017cy poda\u0107\u00a0imi\u0119 i nazwisko,\u00a0klas\u0119\u00a0i dopisek\u00a0obiady\u00a0i informacja\u00a0za kt\u00f3ry\u00a0miesi\u0105c\u00a0dokonuj\u0105 Pa\u0144stwo wp\u0142aty.<\/div><\/li>\n<li><a class=\"wp-block-latest-posts__post-title\" href=\"https:\/\/osm.stage.dige.com.pl\/?p=1414\">Informacja o obiadach na rok szkolny 2023\/2024<\/a><div class=\"wp-block-latest-posts__post-excerpt\">OSM I st w Szczecinie informuje, \u017ce w dniu 06.07.2023 r. zosta\u0142a podpisana umowa na catering dla uczni\u00f3w szko\u0142y. Przedsi\u0119biorc\u0105, kt\u00f3ry przedstawi\u0142 najlepsz\u0105 ofert\u0119 jest : CORNER-HOUSE ALEKSANDRA MOSKALEWICZ 70-360 Szczecin, ul. Pocztowa 8 NIP 8522681492, REGON 521803170<\/div><\/li>\n<li><div class=\"wp-block-latest-posts__featured-image alignleft\"><img width=\"150\" height=\"104\" src=\"https:\/\/osm.stage.dige.com.pl\/wp-content\/uploads\/2022\/05\/1_DK5wMo9CvBmzzPyQdL_HZA.jpeg\" class=\"attachment-thumbnail size-thumbnail wp-post-image\" alt=\"\" loading=\"lazy\" style=\"max-width:500px;max-height:350px;\" \/><\/div><a class=\"wp-block-latest-posts__post-title\" href=\"https:\/\/osm.stage.dige.com.pl\/?p=1290\">Obiady w listopadzie &#8211; informacje<\/a><div class=\"wp-block-latest-posts__post-excerpt\">Kwota za listopad wynosi\u00a020 dni x 11,50 z\u0142 =\u00a0230,00 z\u0142\u00a0wp\u0142aty dokonujemy w nieprzekraczalnym terminie do\u00a020.10.2022r. (termin wp\u0142at za obiady zosta\u0142 ustalony na posiedzeniu Rady Rodzic\u00f3w)\u00a0\u00a0Wp\u0142aty dokonujemy na konto szko\u0142y:\u00a094 1020 4795 0000 9402 0278 5517.\u00a0\u00a0W tytule wp\u0142at nale\u017cy poda\u0107\u00a0imi\u0119 i nazwisko,\u00a0klas\u0119\u00a0i dopisek\u00a0obiady\u00a0i za kt\u00f3ry\u00a0miesi\u0105c\u00a0dokonana jest wp\u0142ata.\u00a0 W przypadku nieobecno\u015bci ucznia w szkole nale\u017cy o tym [&hellip;]<\/div><\/li>\n<li><div class=\"wp-block-latest-posts__featured-image alignleft\"><img width=\"150\" height=\"150\" src=\"https:\/\/osm.stage.dige.com.pl\/wp-content\/uploads\/2022\/05\/obiadmarzecmm.jpg\" class=\"attachment-thumbnail size-thumbnail wp-post-image\" alt=\"\" loading=\"lazy\" style=\"max-width:500px;max-height:350px;\" \/><\/div><a class=\"wp-block-latest-posts__post-title\" href=\"https:\/\/osm.stage.dige.com.pl\/?p=1118\">Menu obiadowe: 02-05.11.2022<\/a><div class=\"wp-block-latest-posts__post-excerpt\">Menu obiadowe:02-05.11.2022 [plik do pobrania]<\/div><\/li>\n<li><div class=\"wp-block-latest-posts__featured-image alignleft\"><img width=\"150\" height=\"150\" src=\"https:\/\/osm.stage.dige.com.pl\/wp-content\/uploads\/2022\/05\/obiadmarzecmm.jpg\" class=\"attachment-thumbnail size-thumbnail wp-post-image\" alt=\"\" loading=\"lazy\" style=\"max-width:500px;max-height:350px;\" \/><\/div><a class=\"wp-block-latest-posts__post-title\" href=\"https:\/\/osm.stage.dige.com.pl\/?p=168\">Menu obiadowe : 04.05 &#8211; 6.05 2022<\/a><div class=\"wp-block-latest-posts__post-excerpt\">Menu obiadowe: 04.05-06.05.2022\u00a0[ plik do pobrania]<\/div><\/li>\n<li><div class=\"wp-block-latest-posts__featured-image alignleft\"><img width=\"150\" height=\"104\" src=\"https:\/\/osm.stage.dige.com.pl\/wp-content\/uploads\/2022\/05\/1_DK5wMo9CvBmzzPyQdL_HZA.jpeg\" class=\"attachment-thumbnail size-thumbnail wp-post-image\" alt=\"\" loading=\"lazy\" style=\"max-width:500px;max-height:350px;\" \/><\/div><a class=\"wp-block-latest-posts__post-title\" href=\"https:\/\/osm.stage.dige.com.pl\/?p=163\">Obiady w czerwcu &#8211; informacje<\/a><div class=\"wp-block-latest-posts__post-excerpt\">Kwota za czerwiec wynosi&nbsp;13 dni x 10,50 z\u0142 =136,50 z\u0142 obiady wydawane do 21.06.2022, (bez 17.06.2022) wp\u0142aty dokonujemy w nieprzekraczalnym terminie do&nbsp;20.05.2022r. (termin wp\u0142at za obiady zosta\u0142 ustalony na posiedzeniu Rady Rodzic\u00f3w)&nbsp;Wp\u0142aty dokonujemy na konto szko\u0142y:&nbsp;94 1020 4795 0000 9402 0278 5517.&nbsp;&nbsp;W tytule wp\u0142at nale\u017cy poda\u0107&nbsp;imi\u0119 i nazwisko,&nbsp;klas\u0119&nbsp;i dopisek&nbsp;obiady&nbsp;i za kt\u00f3ry&nbsp;miesi\u0105c&nbsp;dokonana jest wp\u0142ata.&nbsp; W przypadku [&hellip;]<\/div><\/li>\n<li><div class=\"wp-block-latest-posts__featured-image alignleft\"><img width=\"150\" height=\"150\" src=\"https:\/\/osm.stage.dige.com.pl\/wp-content\/uploads\/2022\/05\/obiadmarzec.jpg\" class=\"attachment-thumbnail size-thumbnail wp-post-image\" alt=\"\" loading=\"lazy\" style=\"max-width:500px;max-height:350px;\" \/><\/div><a class=\"wp-block-latest-posts__post-title\" href=\"https:\/\/osm.stage.dige.com.pl\/?p=160\">Menu obiadowe : 16.05 &#8211; 20.05 2022<\/a><div class=\"wp-block-latest-posts__post-excerpt\">Menu obiadowe 16.05-20.05 2022&nbsp; [plik do pobrania]<\/div><\/li>\n<li><div class=\"wp-block-latest-posts__featured-image alignleft\"><img width=\"150\" height=\"150\" src=\"https:\/\/osm.stage.dige.com.pl\/wp-content\/uploads\/2022\/05\/obiadmarzecmm.jpg\" class=\"attachment-thumbnail size-thumbnail wp-post-image\" alt=\"\" loading=\"lazy\" style=\"max-width:500px;max-height:350px;\" \/><\/div><a class=\"wp-block-latest-posts__post-title\" href=\"https:\/\/osm.stage.dige.com.pl\/?p=157\">Menu obiadowe : 23.05 i 27.05.2022<\/a><div class=\"wp-block-latest-posts__post-excerpt\">Menu obiadowe: 23.05 i 27.05.2022&nbsp;[plik do pobrania]<\/div><\/li>\n<\/ul>","protected":false},"excerpt":{"rendered":"","protected":false},"author":1,"featured_media":0,"parent":0,"menu_order":0,"comment_status":"closed","ping_status":"closed","template":"","meta":[],"_links":{"self":[{"href":"https:\/\/osm.stage.dige.com.pl\/index.php?rest_route=\/wp\/v2\/pages\/155"}],"collection":[{"href":"https:\/\/osm.stage.dige.com.pl\/index.php?rest_route=\/wp\/v2\/pages"}],"about":[{"href":"https:\/\/osm.stage.dige.com.pl\/index.php?rest_route=\/wp\/v2\/types\/page"}],"author":[{"embeddable":true,"href":"https:\/\/osm.stage.dige.com.pl\/index.php?rest_route=\/wp\/v2\/users\/1"}],"replies":[{"embeddable":true,"href":"https:\/\/osm.stage.dige.com.pl\/index.php?rest_route=%2Fwp%2Fv2%2Fcomments&post=155"}],"version-history":[{"count":7,"href":"https:\/\/osm.stage.dige.com.pl\/index.php?rest_route=\/wp\/v2\/pages\/155\/revisions"}],"predecessor-version":[{"id":1299,"href":"https:\/\/osm.stage.dige.com.pl\/index.php?rest_route=\/wp\/v2\/pages\/155\/revisions\/1299"}],"wp:attachment":[{"href":"https:\/\/osm.stage.dige.com.pl\/index.php?rest_route=%2Fwp%2Fv2%2Fmedia&parent=155"}],"curies":[{"name":"wp","href":"https:\/\/api.w.org\/{rel}","templated":true}]}}