{"id":193,"date":"2022-05-29T21:21:51","date_gmt":"2022-05-29T19:21:51","guid":{"rendered":"https:\/\/osm.stage.dige.com.pl\/?page_id=193"},"modified":"2022-05-29T21:21:51","modified_gmt":"2022-05-29T19:21:51","slug":"zajecia-pozalekcyjne-szkolne","status":"publish","type":"page","link":"https:\/\/osm.stage.dige.com.pl\/?page_id=193","title":{"rendered":"Zaj\u0119cia pozalekcyjne szkolne"},"content":{"rendered":"\n<p><strong>Zapraszamy na zaj\u0119cia organizowane na terenie szko\u0142y:<\/strong><\/p>\n\n\n\n<figure class=\"wp-block-image size-full\"><img loading=\"lazy\" width=\"2049\" height=\"1228\" src=\"https:\/\/osm.stage.dige.com.pl\/wp-content\/uploads\/2022\/05\/pobrane-10.jpg\" alt=\"\" class=\"wp-image-194\"\/><\/figure>\n\n\n\n<p><strong>TAEKWON-DO<\/strong><\/p>\n\n\n\n<p>Zaj\u0119cia prowadzi Szczeci\u0144ski Kub Sportowy Taekwon-do. Jest to sztuka samoobrony powsta\u0142a w Korei. Nazwa oddaje \u015bci\u015ble jej tre\u015b\u0107: poddawanie cia\u0142a kontroli umys\u0142u, kszta\u0142towanie samego siebie poprzez trening walki. Cechuje si\u0119 pi\u0119knem, logik\u0105 i konsekwencj\u0105 za\u0142o\u017ce\u0144 teoretycznych, skuteczno\u015bci\u0105 technik, bezpiecze\u0144stwem \u00a0stosowanych metod nauczania i treningu oraz dba\u0142o\u015bci\u0105 o rozw\u00f3j wewn\u0119trzny adepta. Wszystkie osoby pocz\u0105tkuj\u0105ce, zainteresowane uczestnictwem w zaj\u0119ciach Taekwon-do dla dzieci zapraszam na treningi w dniach:<\/p>\n\n\n\n<p><strong>*poniedzia\u0142ek 16:00 (trening grupy \u0142\u0105czonej &#8211; pocz\u0105tkuj\u0105ca i zaawansowana)<\/strong><\/p>\n\n\n\n<p><strong>*pi\u0105tek 17:00 (trening grupy pocz\u0105tkuj\u0105cej &#8211; dzieci od 7 roku \u017cycia )<\/strong><\/p>\n\n\n\n<p><strong>*pi\u0105tek 18:00 (trening grupy zaawansowanej)<\/strong><\/p>\n\n\n\n<p>Treningi odbywaj\u0105 si\u0119 na terenie sali gimnastycznej szko\u0142y. Dzieci odbierane s\u0105 przez nas i odprowadzane do \u015bwietlic po wcze\u015bniejszym uzgodnieniu tego z rodzicami . Pierwsze 2 treningi s\u0105 bez zobowi\u0105zania. W razie jakichkolwiek pyta\u0144 prosz\u0119 o kontakt telefoniczny pod numer 793 004 496. Pozdrawia i zaprasza Trener Rafa\u0142 Zgorzelski<\/p>\n","protected":false},"excerpt":{"rendered":"<p>Zapraszamy na zaj\u0119cia organizowane na terenie szko\u0142y: TAEKWON-DO Zaj\u0119cia prowadzi Szczeci\u0144ski Kub Sportowy Taekwon-do. Jest to sztuka samoobrony powsta\u0142a w Korei. Nazwa oddaje \u015bci\u015ble jej tre\u015b\u0107: poddawanie cia\u0142a kontroli umys\u0142u, kszta\u0142towanie samego siebie poprzez trening walki. Cechuje si\u0119 pi\u0119knem, logik\u0105 i konsekwencj\u0105 za\u0142o\u017ce\u0144 teoretycznych, skuteczno\u015bci\u0105 technik, bezpiecze\u0144stwem \u00a0stosowanych metod nauczania i treningu oraz dba\u0142o\u015bci\u0105 o [&hellip;]<\/p>\n","protected":false},"author":1,"featured_media":0,"parent":143,"menu_order":0,"comment_status":"closed","ping_status":"closed","template":"","meta":[],"_links":{"self":[{"href":"https:\/\/osm.stage.dige.com.pl\/index.php?rest_route=\/wp\/v2\/pages\/193"}],"collection":[{"href":"https:\/\/osm.stage.dige.com.pl\/index.php?rest_route=\/wp\/v2\/pages"}],"about":[{"href":"https:\/\/osm.stage.dige.com.pl\/index.php?rest_route=\/wp\/v2\/types\/page"}],"author":[{"embeddable":true,"href":"https:\/\/osm.stage.dige.com.pl\/index.php?rest_route=\/wp\/v2\/users\/1"}],"replies":[{"embeddable":true,"href":"https:\/\/osm.stage.dige.com.pl\/index.php?rest_route=%2Fwp%2Fv2%2Fcomments&post=193"}],"version-history":[{"count":1,"href":"https:\/\/osm.stage.dige.com.pl\/index.php?rest_route=\/wp\/v2\/pages\/193\/revisions"}],"predecessor-version":[{"id":195,"href":"https:\/\/osm.stage.dige.com.pl\/index.php?rest_route=\/wp\/v2\/pages\/193\/revisions\/195"}],"up":[{"embeddable":true,"href":"https:\/\/osm.stage.dige.com.pl\/index.php?rest_route=\/wp\/v2\/pages\/143"}],"wp:attachment":[{"href":"https:\/\/osm.stage.dige.com.pl\/index.php?rest_route=%2Fwp%2Fv2%2Fmedia&parent=193"}],"curies":[{"name":"wp","href":"https:\/\/api.w.org\/{rel}","templated":true}]}}