{"id":200,"date":"2022-05-29T21:27:55","date_gmt":"2022-05-29T19:27:55","guid":{"rendered":"https:\/\/osm.stage.dige.com.pl\/?page_id=200"},"modified":"2023-04-18T19:37:16","modified_gmt":"2023-04-18T17:37:16","slug":"pion-ogolnoksztalcacy","status":"publish","type":"page","link":"https:\/\/osm.stage.dige.com.pl\/?page_id=200","title":{"rendered":"PION OG\u00d3LNOKSZTA\u0141C\u0104CY"},"content":{"rendered":"\n<div class=\"wp-container-6 wp-block-columns\">\n<div class=\"wp-container-5 wp-block-column\" style=\"flex-basis:100%\">\n<div class=\"wp-container-4 wp-block-group\"><div class=\"wp-block-group__inner-container\">\n<div class=\"wp-container-3 wp-block-columns\">\n<div class=\"wp-container-1 wp-block-column\"><div class=\"wp-block-image aligncenter\">\n<figure class=\"size-full\"><img loading=\"lazy\" width=\"260\" height=\"385\" src=\"http:\/\/osm.stage.dige.com.pl\/wp-content\/uploads\/2022\/05\/il_570xN1738549160_9830.jpg\" alt=\"konkurs_gitarowy\" class=\"wp-image-251\"\/><figcaption><a href=\"https:\/\/osm.stage.dige.com.pl\/?page_id=1225\" data-type=\"page\" data-id=\"1225\">Ufomatyk<\/a><\/figcaption><\/figure><\/div><\/div>\n\n\n\n<div class=\"wp-container-2 wp-block-column\"><div class=\"wp-block-image aligncenter\">\n<figure class=\"size-full is-resized\"><img loading=\"lazy\" src=\"http:\/\/osm.stage.dige.com.pl\/wp-content\/uploads\/2022\/05\/il_570xN1738549160_9830.jpg\" alt=\"konkurs_gitarowy\" class=\"wp-image-251\" width=\"256\" height=\"379\"\/><figcaption><a href=\"https:\/\/osm.stage.dige.com.pl\/?page_id=1223\" data-type=\"page\" data-id=\"1223\">Triki<\/a><\/figcaption><\/figure><\/div><\/div>\n<\/div>\n<\/div><\/div>\n<\/div>\n<\/div>\n\n\n\n<div class=\"wp-container-9 wp-block-columns\">\n<div class=\"wp-container-7 wp-block-column\"><div class=\"wp-block-image aligncenter\">\n<figure class=\"size-full\"><img loading=\"lazy\" width=\"260\" height=\"385\" src=\"http:\/\/osm.stage.dige.com.pl\/wp-content\/uploads\/2022\/05\/il_570xN1738549160_9830.jpg\" alt=\"konkurs_gitarowy\" class=\"wp-image-251\"\/><figcaption><a href=\"https:\/\/osm.stage.dige.com.pl\/?page_id=1350\" data-type=\"page\" data-id=\"1350\">Konkurs Piosenki Obcoj\u0119zycznej<\/a><\/figcaption><\/figure><\/div><\/div>\n\n\n\n<div class=\"wp-container-8 wp-block-column\"><div class=\"wp-block-image aligncenter\">\n<figure class=\"size-full\"><img loading=\"lazy\" width=\"260\" height=\"385\" src=\"http:\/\/osm.stage.dige.com.pl\/wp-content\/uploads\/2022\/05\/il_570xN1738549160_9830.jpg\" alt=\"konkurs_gitarowy\" class=\"wp-image-251\"\/><figcaption><a href=\"https:\/\/osm.stage.dige.com.pl\/?page_id=1227\" data-type=\"page\" data-id=\"1227\">Inne Konkursy<\/a><\/figcaption><\/figure><\/div><\/div>\n<\/div>\n","protected":false},"excerpt":{"rendered":"","protected":false},"author":1,"featured_media":0,"parent":196,"menu_order":0,"comment_status":"closed","ping_status":"closed","template":"","meta":[],"_links":{"self":[{"href":"https:\/\/osm.stage.dige.com.pl\/index.php?rest_route=\/wp\/v2\/pages\/200"}],"collection":[{"href":"https:\/\/osm.stage.dige.com.pl\/index.php?rest_route=\/wp\/v2\/pages"}],"about":[{"href":"https:\/\/osm.stage.dige.com.pl\/index.php?rest_route=\/wp\/v2\/types\/page"}],"author":[{"embeddable":true,"href":"https:\/\/osm.stage.dige.com.pl\/index.php?rest_route=\/wp\/v2\/users\/1"}],"replies":[{"embeddable":true,"href":"https:\/\/osm.stage.dige.com.pl\/index.php?rest_route=%2Fwp%2Fv2%2Fcomments&post=200"}],"version-history":[{"count":11,"href":"https:\/\/osm.stage.dige.com.pl\/index.php?rest_route=\/wp\/v2\/pages\/200\/revisions"}],"predecessor-version":[{"id":1352,"href":"https:\/\/osm.stage.dige.com.pl\/index.php?rest_route=\/wp\/v2\/pages\/200\/revisions\/1352"}],"up":[{"embeddable":true,"href":"https:\/\/osm.stage.dige.com.pl\/index.php?rest_route=\/wp\/v2\/pages\/196"}],"wp:attachment":[{"href":"https:\/\/osm.stage.dige.com.pl\/index.php?rest_route=%2Fwp%2Fv2%2Fmedia&parent=200"}],"curies":[{"name":"wp","href":"https:\/\/api.w.org\/{rel}","templated":true}]}}