{"id":206,"date":"2022-05-29T21:41:00","date_gmt":"2022-05-29T19:41:00","guid":{"rendered":"https:\/\/osm.stage.dige.com.pl\/?page_id=206"},"modified":"2023-04-03T10:00:31","modified_gmt":"2023-04-03T08:00:31","slug":"pion-muzyczny","status":"publish","type":"page","link":"https:\/\/osm.stage.dige.com.pl\/?page_id=206","title":{"rendered":"PION MUZYCZNY"},"content":{"rendered":"<ul class=\"wp-block-latest-posts__list wp-block-latest-posts\"><li><a class=\"wp-block-latest-posts__post-title\" href=\"https:\/\/osm.stage.dige.com.pl\/?p=218\">Laureatka Og\u00f3lnopolskiego Konkursu Pianistycznego w Krakowie.<\/a><div class=\"wp-block-latest-posts__post-excerpt\">Z wielk\u0105 rado\u015bci\u0105 informujemy, \u017ce w dniach 29-30.04.2022 r. na Og\u00f3lnopolskim Konkursie Pianistycznym \u201eWIOSENNE IMPRESJE\u201d w Krakowie. Hanna Wypych z klasy 2c z klasy fortepianu pani Anna Gajewskiej zaj\u0119\u0142a III miejsce. Serdecznie gratulujemy.<\/div><\/li>\n<li><a class=\"wp-block-latest-posts__post-title\" href=\"https:\/\/osm.stage.dige.com.pl\/?p=216\">Brawa dla Liliany Ani\u015bko.<\/a><div class=\"wp-block-latest-posts__post-excerpt\">Mi\u0142o nam poinformowa\u0107 o osi\u0105gni\u0119ciach muzycznych Liliany Ani\u015bko z klasy 2a, uczennicy klasy skrzypiec Pana Paw\u0142a Tara\u0142y : II nagroda w gr.1 w I Og\u00f3lnopolskim Konkursie &#8222;Muzyczny Koryfeusz&#8221; oraz wyr\u00f3\u017cnienie w gr.1 w XV Og\u00f3lnopolskim Konkursie Skrzypcowym im. Gra\u017cyny Bacewicz we Wroc\u0142awiu.<\/div><\/li>\n<li><a class=\"wp-block-latest-posts__post-title\" href=\"https:\/\/osm.stage.dige.com.pl\/?p=214\">Sukcesy w klasie fagotu &#8211; wyr\u00f3\u017cnienia.<\/a><div class=\"wp-block-latest-posts__post-excerpt\">Z rado\u015bci\u0105 informujemy, \u017ce podczas Og\u00f3lnopolskiego Konkursu M\u0142odego Muzyka w Szczecinku nasi fagoci\u015bci Oliwia St\u0119pie\u0144, Jan Moroz oraz Antoni Moroz\u00a0zdobyli wyr\u00f3\u017cnienia w swoich grupach wiekowych. Serdecznie gratulujemy m\u0142odym muzykom\u00a0<\/div><\/li>\n<li><a class=\"wp-block-latest-posts__post-title\" href=\"https:\/\/osm.stage.dige.com.pl\/?p=212\">Sukces tr\u0119baczy w Poznaniu.<\/a><div class=\"wp-block-latest-posts__post-excerpt\">Mi\u0142o nam poinformowa\u0107 o osi\u0105gni\u0119ciach muzycznych naszych tr\u0119baczy w XXIX Pozna\u0144skim Konkursie Instrument\u00f3w D\u0119tych im. prof. Mieczys\u0142awa Koczorowskiego &#8211; 3 miejsce Micha\u0142 Biedruna gr. III, ucze\u0144 pana Dawida G\u0142ogowskiego, wyr\u00f3\u017cnienie &#8211; Wiktoria Mr\u00f3wczy\u0144ska gr. I, uczennica pana Tomasza D\u0105browskiego.<\/div><\/li>\n<li><a class=\"wp-block-latest-posts__post-title\" href=\"https:\/\/osm.stage.dige.com.pl\/?p=210\">Kolejny sukces fortepianowy.<\/a><div class=\"wp-block-latest-posts__post-excerpt\">Z przyjemno\u015bci\u0105 informuj\u0119\u00a0 \u00a0o sukcesie moich uczni\u00f3w w IV Mi\u0119dzynarodowym Konkursie Muzycznym OPUS 2022. W kategorii -Fortepian solo: Kamil Buko otrzyma\u0142 III Nagrod\u0119, Mateusz Niewiadomski II Nagrod\u0119. Organizatorem konkursu by\u0142a Fundacja Life&amp;Art Krak\u00f3w.<\/div><\/li>\n<li><a class=\"wp-block-latest-posts__post-title\" href=\"https:\/\/osm.stage.dige.com.pl\/?p=208\">Sukces uczni\u00f3w na XI Og\u00f3lnopolskim Konkursie Pianistycznym w Kolbuszowej.<\/a><div class=\"wp-block-latest-posts__post-excerpt\">W dniach 21-23.05.2022 r. na XI Og\u00f3lnopolskim Konkursie Pianistycznym \u201eWiosenne Spotkania Muzyczne\u201d w Kolbuszowej uczniowie naszej szko\u0142y odnie\u015bli wielki sukces zdobywaj\u0105c tytu\u0142y laureat\u00f3w. Kamil Buko z kl. 2, ucze\u0144 pani Hanny Urba\u0144skiej \u2013 I miejsce w gr. I. Hanna Wypych z kl. 2, uczennica pani Anny Gajewskiej &#8211; II miejsce w gr. I. Sofia Zaika [&hellip;]<\/div><\/li>\n<\/ul>","protected":false},"excerpt":{"rendered":"","protected":false},"author":1,"featured_media":0,"parent":202,"menu_order":0,"comment_status":"closed","ping_status":"closed","template":"","meta":[],"_links":{"self":[{"href":"https:\/\/osm.stage.dige.com.pl\/index.php?rest_route=\/wp\/v2\/pages\/206"}],"collection":[{"href":"https:\/\/osm.stage.dige.com.pl\/index.php?rest_route=\/wp\/v2\/pages"}],"about":[{"href":"https:\/\/osm.stage.dige.com.pl\/index.php?rest_route=\/wp\/v2\/types\/page"}],"author":[{"embeddable":true,"href":"https:\/\/osm.stage.dige.com.pl\/index.php?rest_route=\/wp\/v2\/users\/1"}],"replies":[{"embeddable":true,"href":"https:\/\/osm.stage.dige.com.pl\/index.php?rest_route=%2Fwp%2Fv2%2Fcomments&post=206"}],"version-history":[{"count":4,"href":"https:\/\/osm.stage.dige.com.pl\/index.php?rest_route=\/wp\/v2\/pages\/206\/revisions"}],"predecessor-version":[{"id":1259,"href":"https:\/\/osm.stage.dige.com.pl\/index.php?rest_route=\/wp\/v2\/pages\/206\/revisions\/1259"}],"up":[{"embeddable":true,"href":"https:\/\/osm.stage.dige.com.pl\/index.php?rest_route=\/wp\/v2\/pages\/202"}],"wp:attachment":[{"href":"https:\/\/osm.stage.dige.com.pl\/index.php?rest_route=%2Fwp%2Fv2%2Fmedia&parent=206"}],"curies":[{"name":"wp","href":"https:\/\/api.w.org\/{rel}","templated":true}]}}