{"id":220,"date":"2022-05-29T21:47:30","date_gmt":"2022-05-29T19:47:30","guid":{"rendered":"https:\/\/osm.stage.dige.com.pl\/?page_id=220"},"modified":"2023-04-11T16:07:07","modified_gmt":"2023-04-11T14:07:07","slug":"pion-ogolnoksztalcacy","status":"publish","type":"page","link":"https:\/\/osm.stage.dige.com.pl\/?page_id=220","title":{"rendered":"PION OG\u00d3LNOKSZTA\u0141C\u0104CY"},"content":{"rendered":"<ul class=\"wp-block-latest-posts__list wp-block-latest-posts\"><li><a class=\"wp-block-latest-posts__post-title\" href=\"https:\/\/osm.stage.dige.com.pl\/?p=228\">Kangur matematyczny 2020 &#8211; wyniki<\/a><div class=\"wp-block-latest-posts__post-excerpt\">&nbsp;Sukcesy naszych uczni\u00f3w&nbsp; w Mi\u0119dzynarodowym Konkursie Kangur Matematyczny 2020Bardzo dobry wynik&nbsp;&nbsp;uzyskali nast\u0119puj\u0105cy uczniowie: Jan Jaworski \u2013 3c Stanis\u0142aw Perkul \u2013 6b Wyr\u00f3\u017cnienie za uzyskany wynik&nbsp;otrzyma\u0142o&nbsp;&nbsp;16 uczni\u00f3w .Wyniki dla poszczeg\u00f3lnych kategorii:\u017baczek \u2013 klasa druga1.Pietrzak Ignacy \u2013 2a&nbsp;Maluch \u2013 klasa trzecia Byner Nikodem \u2013 3b Chrapkowski Szymon \u2013 3c \u015alusarska Oliwia \u2013 3a Rogowska Alicja \u2013 3b [&hellip;]<\/div><\/li>\n<li><a class=\"wp-block-latest-posts__post-title\" href=\"https:\/\/osm.stage.dige.com.pl\/?p=226\">Laureaci &#8211; olimpiada Olimpus sesja wiosenna<\/a><div class=\"wp-block-latest-posts__post-excerpt\">W dniu 23.04. 2021&nbsp;roku uczniowie z klas IV \u2013 VIII wzi\u0119li udzia\u0142 olimpiadzie j\u0119zyka angielskiego&nbsp;Olimpus&nbsp;Sesja Wiosenna.&nbsp; &nbsp; &nbsp; &nbsp; &nbsp; &nbsp;&nbsp;Z rado\u015bci\u0105 przestawiamy&nbsp;uczni\u00f3w,&nbsp;kt\u00f3rzy uzyskali&nbsp;tytu\u0142 laureata: kl. 4&nbsp;:&nbsp;Martyna&nbsp;Bogalecka,&nbsp;Estera Michalak&nbsp; kl. 5&nbsp;:&nbsp;Natalia&nbsp;Driczinska,&nbsp;Tymon Daleszy\u0144ski ,&nbsp;Emilia Nie\u0142acny&nbsp; kl. 7 :&nbsp;Pawe\u0142&nbsp;\u0141azoryszczak&nbsp;,&nbsp;Matteo&nbsp;Delrio&nbsp;,&nbsp;Lena&nbsp;Bytniewska&nbsp;<\/div><\/li>\n<li><a class=\"wp-block-latest-posts__post-title\" href=\"https:\/\/osm.stage.dige.com.pl\/?p=224\">Laureaci &#8211; olimpiada Olimpus sesja jesienna<\/a><div class=\"wp-block-latest-posts__post-excerpt\">05.11. 2021 r.\u00a0uczniowie z klas IV \u2013 VIII wzi\u0119li udzia\u0142 olimpiadzie j\u0119zyka angielskiego\u00a0Olimpus\u00a0Sesja Jesienna.\u00a0Z rado\u015bci\u0105 przestawiamy\u00a0uczni\u00f3w,\u00a0kt\u00f3rzy uzyskali\u00a0tytu\u0142 laureata.\u00a0\u00a0 Klasa 6 Gabriela Majewska Antoni Smoro\u0144\u00a0 Klasa 8 Jakub Olechowski\u00a0 Serdecznie gratulujemy sukcesu!\u00a0<\/div><\/li>\n<li><a class=\"wp-block-latest-posts__post-title\" href=\"https:\/\/osm.stage.dige.com.pl\/?p=222\">Sukcesy w pionie og\u00f3lnym &#8211; gratulujemy<\/a><div class=\"wp-block-latest-posts__post-excerpt\">Mi\u0142o nam poinformowa\u0107, \u017ce nasi uczniowie odnosz\u0105 sukcesy w wa\u017cnych konkursach. Gratulujemy: Antoninie Janus z klasy 8b za zdobycie tytu\u0142u LAUREATA w Wojew\u00f3dzkim Konkursie z J\u0119zyka Polskiego 2022 pod patronatem Zachodniopomorskiego Kuratora O\u015bwiaty oraz tytu\u0142u LAUREATA w XIX Konkursie Humanistycznym dla klas VII-VIII szko\u0142y podstawowej organizowanym przez XIII Liceum Og\u00f3lnokszta\u0142c\u0105ce w Szczecinie Martynie Kawiak z [&hellip;]<\/div><\/li>\n<\/ul>","protected":false},"excerpt":{"rendered":"","protected":false},"author":1,"featured_media":0,"parent":202,"menu_order":0,"comment_status":"closed","ping_status":"closed","template":"","meta":[],"_links":{"self":[{"href":"https:\/\/osm.stage.dige.com.pl\/index.php?rest_route=\/wp\/v2\/pages\/220"}],"collection":[{"href":"https:\/\/osm.stage.dige.com.pl\/index.php?rest_route=\/wp\/v2\/pages"}],"about":[{"href":"https:\/\/osm.stage.dige.com.pl\/index.php?rest_route=\/wp\/v2\/types\/page"}],"author":[{"embeddable":true,"href":"https:\/\/osm.stage.dige.com.pl\/index.php?rest_route=\/wp\/v2\/users\/1"}],"replies":[{"embeddable":true,"href":"https:\/\/osm.stage.dige.com.pl\/index.php?rest_route=%2Fwp%2Fv2%2Fcomments&post=220"}],"version-history":[{"count":4,"href":"https:\/\/osm.stage.dige.com.pl\/index.php?rest_route=\/wp\/v2\/pages\/220\/revisions"}],"predecessor-version":[{"id":1304,"href":"https:\/\/osm.stage.dige.com.pl\/index.php?rest_route=\/wp\/v2\/pages\/220\/revisions\/1304"}],"up":[{"embeddable":true,"href":"https:\/\/osm.stage.dige.com.pl\/index.php?rest_route=\/wp\/v2\/pages\/202"}],"wp:attachment":[{"href":"https:\/\/osm.stage.dige.com.pl\/index.php?rest_route=%2Fwp%2Fv2%2Fmedia&parent=220"}],"curies":[{"name":"wp","href":"https:\/\/api.w.org\/{rel}","templated":true}]}}