{"id":230,"date":"2022-05-29T21:53:21","date_gmt":"2022-05-29T19:53:21","guid":{"rendered":"https:\/\/osm.stage.dige.com.pl\/?page_id=230"},"modified":"2022-12-21T15:53:27","modified_gmt":"2022-12-21T14:53:27","slug":"wydarzenia","status":"publish","type":"page","link":"https:\/\/osm.stage.dige.com.pl\/?page_id=230","title":{"rendered":"WYDARZENIA"},"content":{"rendered":"<ul class=\"wp-block-latest-posts__list has-dates has-author wp-block-latest-posts\"><li><div class=\"wp-block-latest-posts__featured-image\"><img width=\"270\" height=\"210\" src=\"https:\/\/osm.stage.dige.com.pl\/wp-content\/uploads\/2023\/11\/6.png\" class=\"attachment-medium size-medium wp-post-image\" alt=\"\" loading=\"lazy\" style=\"\" \/><\/div><a class=\"wp-block-latest-posts__post-title\" href=\"https:\/\/osm.stage.dige.com.pl\/?p=1556\">Wymiana polsko-niemiecka<\/a><div class=\"wp-block-latest-posts__post-author\">przez osm_admin<\/div><time datetime=\"2023-10-12T12:46:26+02:00\" class=\"wp-block-latest-posts__post-date\">12 pa\u017adziernika 2023<\/time><div class=\"wp-block-latest-posts__post-excerpt\">Wymiana niemiecka w toku &#8221; &#8230; w pi\u0105tek uczestniczyli\u015bmy w lekcji chemii i j. angielskiego w szkole katolickiej, z kt\u00f3r\u0105 wsp\u00f3lnie organizujemy nasz projekt. Nast\u0119pnie wyruszyli\u015bmy do Wolina na warsztaty do skansenu Wiking\u00f3w. Dzie\u0144 zako\u0144czyli\u015bmy w Trz\u0119saczu spacerem nad morze. Nast\u0119pny dzie\u0144 to Muzeum na Klifie i prezentacj\u0119 multimedialn\u0105 o ruinach ko\u015bcio\u0142a, szybki spacer pla\u017c\u0105 [&hellip;]<\/div><\/li>\n<li><a class=\"wp-block-latest-posts__post-title\" href=\"https:\/\/osm.stage.dige.com.pl\/?p=1129\">Jesienny koncert &#8211; Muzyczni Odkrywcy w Radio Szczecin<\/a><div class=\"wp-block-latest-posts__post-author\">przez osm_admin<\/div><time datetime=\"2022-11-02T12:15:27+01:00\" class=\"wp-block-latest-posts__post-date\">2 listopada 2022<\/time><div class=\"wp-block-latest-posts__post-excerpt\">Muzyczne dzia\u0142ania naszych uczni\u00f3w &#8211; Jesienny koncert w Radio Szczecin do audycji &#8222;Muzyczni odkrywcy&#8221;.<\/div><\/li>\n<li><a class=\"wp-block-latest-posts__post-title\" href=\"https:\/\/osm.stage.dige.com.pl\/?p=1111\">Dzie\u0144 Muzyki &#8211; koncertowanie<\/a><div class=\"wp-block-latest-posts__post-author\">przez osm_admin<\/div><time datetime=\"2022-10-20T13:47:10+02:00\" class=\"wp-block-latest-posts__post-date\">20 pa\u017adziernika 2022<\/time><div class=\"wp-block-latest-posts__post-excerpt\">Uczennice z klasy 4c przygotowa\u0142y niezwyk\u0142y koncert dla uczni\u00f3w Szko\u0142y Podstawowej nr 1 oraz Przedszkola Publicznego nr 73 w Szczecinie. Atmosfera by\u0142a niezwyk\u0142a, wsp\u00f3lnie grali\u015bmy, \u015bpiewali\u015bmy. Prawdziwe \u015bwi\u0119to muzyki, instrument\u00f3w i wspania\u0142ych m\u0142odych artyst\u00f3w naszej szko\u0142y. Serdeczne podzi\u0119kowania dla Hani, Krysi, Blanki, Majki, Martyny, Oli i Karoliny za wsp\u00f3ln\u0105 tras\u0119 koncertow\u0105. Dzi\u0119kujemy Pani Monice Knebie [&hellip;]<\/div><\/li>\n<li><a class=\"wp-block-latest-posts__post-title\" href=\"https:\/\/osm.stage.dige.com.pl\/?p=1108\">Koncert klasy gitary Pana Przemys\u0142awa Bielca<\/a><div class=\"wp-block-latest-posts__post-author\">przez osm_admin<\/div><time datetime=\"2022-10-20T13:42:22+02:00\" class=\"wp-block-latest-posts__post-date\">20 pa\u017adziernika 2022<\/time><div class=\"wp-block-latest-posts__post-excerpt\">Niestety w troch\u0119 okrojonym sk\u0142adzie, ale koncert mojej klasy gitary w Og\u00f3lnokszta\u0142c\u0105ca Szko\u0142a Muzyczna I st. im. prof. Marka Jasi\u0144skiego si\u0119 odby\u0142! Z powodzeniem! Dzi\u0119kuj\u0119 ma\u0142ym artystom i Rodzicom!<\/div><\/li>\n<li><a class=\"wp-block-latest-posts__post-title\" href=\"https:\/\/osm.stage.dige.com.pl\/?p=1105\">Recital naszej absolwentki Zuzanny Sejbuk<\/a><div class=\"wp-block-latest-posts__post-author\">przez osm_admin<\/div><time datetime=\"2022-10-20T13:38:12+02:00\" class=\"wp-block-latest-posts__post-date\">20 pa\u017adziernika 2022<\/time><div class=\"wp-block-latest-posts__post-excerpt\">Dnia 13 kwietnia 2022 odby\u0142 si\u0119 recital naszej absolwentki Zuzanny Sejbuk, ( uczennicy Pani Hanny Urba\u0144skiej ). Serdecznie dzi\u0119kujemy za wspania\u0142\u0105 muzyczn\u0105 uczt\u0119.&nbsp;<\/div><\/li>\n<li><a class=\"wp-block-latest-posts__post-title\" href=\"https:\/\/osm.stage.dige.com.pl\/?p=1029\">Kaktusiarnia &#8211; zielone miejsce w naszej szkole<\/a><div class=\"wp-block-latest-posts__post-author\">przez osm_admin<\/div><time datetime=\"2022-10-20T09:33:13+02:00\" class=\"wp-block-latest-posts__post-date\">20 pa\u017adziernika 2022<\/time><div class=\"wp-block-latest-posts__post-excerpt\">Dlaczego kaktusiarnia? To pomys\u0142 na to, \u017ceby dzieci mia\u0142y swoje niezwyk\u0142e zielone miejsce w szkole. Mog\u0142y obserwowa\u0107 i dba\u0107 o te wyj\u0105tkowe ro\u015bliny ( sukulenty i kserofity) i tworzy\u0107 ca\u0142e ekosystemy pustynne. Naucz\u0105 si\u0119 te\u017c tym samym odpowiedzialno\u015bci za sw\u00f3j zielony zak\u0105tek. Kaktusiarnia pozwoli zagospodarowa\u0107 nam pust\u0105 do tej pory przestrze\u0144 korytarza, kt\u00f3ra b\u0119dzie ca\u0142y [&hellip;]<\/div><\/li>\n<li><a class=\"wp-block-latest-posts__post-title\" href=\"https:\/\/osm.stage.dige.com.pl\/?p=1025\">Laboratoria Przysz\u0142o\u015bci<\/a><div class=\"wp-block-latest-posts__post-author\">przez osm_admin<\/div><time datetime=\"2022-10-20T09:19:38+02:00\" class=\"wp-block-latest-posts__post-date\">20 pa\u017adziernika 2022<\/time><div class=\"wp-block-latest-posts__post-excerpt\">Laboratoria Przysz\u0142o\u015bci&nbsp;to inicjatywa edukacyjna realizowana przez Ministerstwo Edukacji i&nbsp;Nauki we wsp\u00f3\u0142pracy z&nbsp;Centrum GovTech w&nbsp;Kancelarii Prezesa Rady Ministr\u00f3w. Misj\u0105 ww. inicjatywy jest stworzenie&nbsp;nowoczesnej szko\u0142y, w&nbsp;kt\u00f3rej zaj\u0119cia b\u0119d\u0105 prowadzone w&nbsp;spos\u00f3b ciekawy, anga\u017cuj\u0105cy uczni\u00f3w oraz sprzyjaj\u0105cy odkrywaniu ich talent\u00f3w i&nbsp;rozwijaniu zainteresowa\u0144, a&nbsp;jej celem&nbsp;jest budowanie w\u015br\u00f3d uczni\u00f3w kompetencji przysz\u0142o\u015bci z&nbsp;tzw.&nbsp;kierunk\u00f3w STEAM&nbsp;(nauka, technologia, in\u017cynieria, sztuka oraz matematyka). Uczniowie b\u0119d\u0105 mogli [&hellip;]<\/div><\/li>\n<li><div class=\"wp-block-latest-posts__featured-image\"><img width=\"300\" height=\"169\" src=\"https:\/\/osm.stage.dige.com.pl\/wp-content\/uploads\/2022\/05\/POLONEZMINI.jpg\" class=\"attachment-medium size-medium wp-post-image\" alt=\"\" loading=\"lazy\" style=\"\" \/><\/div><a class=\"wp-block-latest-posts__post-title\" href=\"https:\/\/osm.stage.dige.com.pl\/?p=260\">Poloneza czas zacz\u0105\u0107 &#8211; 11 Polonez\u00f3w na 11 Listopada<\/a><div class=\"wp-block-latest-posts__post-author\">przez osm_admin<\/div><time datetime=\"2022-05-29T22:08:57+02:00\" class=\"wp-block-latest-posts__post-date\">29 maja 2022<\/time><div class=\"wp-block-latest-posts__post-excerpt\">Tanecznym krokiem w \u015awi\u0119to Niepodleg\u0142o\u015bci to inicjatywa celebruj\u0105ca niepodleg\u0142o\u015b\u0107 naszego kraju w wyj\u0105tkowy, taneczny, muzyczny spos\u00f3b. Sk\u0142ada si\u0119 na ni\u0105 wiele element\u00f3w : cykl koncert\u00f3w, uroczysty Polonez w wykonaniu najm\u0142odszych uczni\u00f3w, wydanie kalendarza. Jej naczelnym celem jest ukazanie \u015awi\u0119ta Niepodleg\u0142o\u015bci nie tylko w kontek\u015bcie historycznego patriotyzmu, ale tak\u017ce \u2013 a raczej przede wszystkim \u2013 przedstawienie [&hellip;]<\/div><\/li>\n<li><a class=\"wp-block-latest-posts__post-title\" href=\"https:\/\/osm.stage.dige.com.pl\/?p=257\">Efektywno\u015b\u0107 energetyczna<\/a><div class=\"wp-block-latest-posts__post-author\">przez osm_admin<\/div><time datetime=\"2022-05-29T22:07:23+02:00\" class=\"wp-block-latest-posts__post-date\">29 maja 2022<\/time><div class=\"wp-block-latest-posts__post-excerpt\">Celem efektywnego wykorzystania energii&nbsp; jest zmniejszenie ilo\u015bci energii potrzebnej do dostarczania produkt\u00f3w i&nbsp;us\u0142ug.&nbsp;Rozwi\u0105zania pozwalaj\u0105ce zmniejszy\u0107 zapotrzebowanie energetyczne: ocieplenie budynk\u00f3w wymiana okien wymiana drzwi zewn\u0119trznych przebudowa system\u00f3w grzewczych wymiana system\u00f3w wentylacji i&nbsp;klimatyzacji systemy zarz\u0105dzania energi\u0105 wymiana o\u015bwietlenia na energooszcz\u0119dne wykorzystywanie odnawialnych \u017ar\u00f3de\u0142 energii Dzi\u0119ki zastosowaniu takich rozwi\u0105za\u0144, do ogrzania lub och\u0142odzenia&nbsp;szko\u0142y zu\u017cywa si\u0119 mniejsz\u0105 ilo\u015b\u0107 energii, [&hellip;]<\/div><\/li>\n<li><a class=\"wp-block-latest-posts__post-title\" href=\"https:\/\/osm.stage.dige.com.pl\/?p=254\">Odnawialne \u017ar\u00f3d\u0142a energii<\/a><div class=\"wp-block-latest-posts__post-author\">przez osm_admin<\/div><time datetime=\"2022-05-29T22:06:19+02:00\" class=\"wp-block-latest-posts__post-date\">29 maja 2022<\/time><div class=\"wp-block-latest-posts__post-excerpt\">OZE jest to skr\u00f3t od Odnawialnych \u0179r\u00f3de\u0142 Energii. Zgodnie z&nbsp;ustaw\u0105&nbsp;Prawo energetyczne&nbsp;odnawialne \u017ar\u00f3d\u0142a energii s\u0105 to \u201e\u017ar\u00f3d\u0142a wykorzystuj\u0105ce w&nbsp;procesie przetwarzania energi\u0119 wiatru, promieniowania s\u0142onecznego, geotermaln\u0105, fal, pr\u0105d\u00f3w i&nbsp;p\u0142yw\u00f3w morskich, spadku rzek oraz energi\u0119 pozyskiwan\u0105 z&nbsp;biomasy, biogazu wysypiskowego, a&nbsp;tak\u017ce z&nbsp;biogazu powsta\u0142ego w&nbsp;procesach odprowadzania lub oczyszczania \u015bciek\u00f3w albo rozk\u0142adu sk\u0142adowanych szcz\u0105tek ro\u015blinnych i&nbsp;zwierz\u0119cych\u201d. W zwi\u0105zku z\u00a0tym \u017ar\u00f3d\u0142ami energii [&hellip;]<\/div><\/li>\n<li><div class=\"wp-block-latest-posts__featured-image\"><img width=\"203\" height=\"300\" src=\"https:\/\/osm.stage.dige.com.pl\/wp-content\/uploads\/2022\/05\/il_570xN1738549160_9830.jpg\" class=\"attachment-medium size-medium wp-post-image\" alt=\"konkurs_gitarowy\" loading=\"lazy\" style=\"\" \/><\/div><a class=\"wp-block-latest-posts__post-title\" href=\"https:\/\/osm.stage.dige.com.pl\/?p=250\">Warsztaty gitarowe &#8211; 28 marca 2022<\/a><div class=\"wp-block-latest-posts__post-author\">przez osm_admin<\/div><time datetime=\"2022-05-29T22:03:56+02:00\" class=\"wp-block-latest-posts__post-date\">29 maja 2022<\/time><div class=\"wp-block-latest-posts__post-excerpt\">W dniu 28 marca 2022 (poniedzia\u0142ek) w godzinach 8.00-14.00 odb\u0119d\u0105 si\u0119 Warsztaty Gitarowe z p. Ew\u0105 Jab\u0142czy\u0144sk\u0105 i p. Dariuszem Kupi\u0144skim, duetem \u0142\u0105cz\u0105cym pasj\u0119, wyj\u0105tkow\u0105 muzykalno\u015b\u0107 oraz technik\u0119 gry na najwy\u017cszym poziomie. Niebywa\u0142a g\u0142\u0119bia interpretacji, jako\u015b\u0107 d\u017awi\u0119ku, finezja oraz wysublimowane aran\u017cacje sprawi\u0142y, \u017ce Kupi\u0144ski Guitar Duo to dzi\u015b jeden z najbardziej docenianych duet\u00f3w gitarowych. Gitarzy\u015bci [&hellip;]<\/div><\/li>\n<li><div class=\"wp-block-latest-posts__featured-image\"><img width=\"244\" height=\"300\" src=\"https:\/\/osm.stage.dige.com.pl\/wp-content\/uploads\/2022\/05\/71n5mPkkXS_AC_SL1200_mini.jpg\" class=\"attachment-medium size-medium wp-post-image\" alt=\"\" loading=\"lazy\" style=\"\" \/><\/div><a class=\"wp-block-latest-posts__post-title\" href=\"https:\/\/osm.stage.dige.com.pl\/?p=247\">Warsztaty pianistyczne dla klas 4-7<\/a><div class=\"wp-block-latest-posts__post-author\">przez osm_admin<\/div><time datetime=\"2022-05-29T22:02:15+02:00\" class=\"wp-block-latest-posts__post-date\">29 maja 2022<\/time><div class=\"wp-block-latest-posts__post-excerpt\">16&nbsp;maja odb\u0119d\u0105 si\u0119 szkolne WARSZTATY PIANISTYCZNE \u201ePRACA NAD UTWORAMI Z EPOKI BAROKU I KLASYCYZMU\u201d prowadzone przez&nbsp;PROF. DR HAB. BOGUS\u0141AWA ROTTERMUNDA z AKADEMII SZTUKI w SZCZECINIE. W warsztatach uczestniczy\u0107 b\u0119d\u0105 wszyscy uczniowie fortepianu g\u0142\u00f3wnego z klas&nbsp;4-7.<\/div><\/li>\n<li><div class=\"wp-block-latest-posts__featured-image\"><img width=\"212\" height=\"300\" src=\"https:\/\/osm.stage.dige.com.pl\/wp-content\/uploads\/2022\/05\/inikoncerty.jpg\" class=\"attachment-medium size-medium wp-post-image\" alt=\"\" loading=\"lazy\" style=\"\" \/><\/div><a class=\"wp-block-latest-posts__post-title\" href=\"https:\/\/osm.stage.dige.com.pl\/?p=244\">Koncerty charytatywne &#8221; Wybieram Pok\u00f3j, Wspieram Ukrain\u0119&#8221;<\/a><div class=\"wp-block-latest-posts__post-author\">przez osm_admin<\/div><time datetime=\"2022-05-29T22:00:47+02:00\" class=\"wp-block-latest-posts__post-date\">29 maja 2022<\/time><div class=\"wp-block-latest-posts__post-excerpt\">W najbli\u017cszych dniach w naszej szkole b\u0119d\u0105 odbywa\u0142y si\u0119\u00a0koncerty charytatywne &#8222;Wybieram Pok\u00f3j, Wspieram Ukrain\u0119&#8221;. Podczas koncert\u00f3w b\u0119d\u0105 zbierane \u015brodki i dary dla rodzin z Ukrainy, kt\u00f3re znalaz\u0142y schronienie w naszym mie\u015bcie. Gra\u0107 b\u0119d\u0105 uczniowie naszej szko\u0142y. A graj\u0105 przepi\u0119knie! Warto pos\u0142ucha\u0107 i przy okazji zrobi\u0107 co\u015b dobrego. Dodatkowo\u00a017 i 24 marca\u00a0jako go\u015b\u0107 specjalny zagra na [&hellip;]<\/div><\/li>\n<li><div class=\"wp-block-latest-posts__featured-image\"><img width=\"283\" height=\"249\" src=\"https:\/\/osm.stage.dige.com.pl\/wp-content\/uploads\/2022\/05\/IMG_20220413_141646mini.jpg\" class=\"attachment-medium size-medium wp-post-image\" alt=\"\" loading=\"lazy\" style=\"\" \/><\/div><a class=\"wp-block-latest-posts__post-title\" href=\"https:\/\/osm.stage.dige.com.pl\/?p=240\">Recital naszej absolwentki Zuzanny Sejbuk<\/a><div class=\"wp-block-latest-posts__post-author\">przez osm_admin<\/div><time datetime=\"2022-05-29T21:57:29+02:00\" class=\"wp-block-latest-posts__post-date\">29 maja 2022<\/time><div class=\"wp-block-latest-posts__post-excerpt\">Dnia 13 kwietnia 2022 odby\u0142 si\u0119 recital naszej absolwentki Zuzanny Sejbuk, ( uczennicy Pani Hanny Urba\u0144skiej ). Serdecznie dzi\u0119kujemy za wspania\u0142\u0105 muzyczn\u0105 uczt\u0119.&nbsp;<\/div><\/li>\n<\/ul>","protected":false},"excerpt":{"rendered":"","protected":false},"author":1,"featured_media":0,"parent":0,"menu_order":0,"comment_status":"closed","ping_status":"closed","template":"","meta":[],"_links":{"self":[{"href":"https:\/\/osm.stage.dige.com.pl\/index.php?rest_route=\/wp\/v2\/pages\/230"}],"collection":[{"href":"https:\/\/osm.stage.dige.com.pl\/index.php?rest_route=\/wp\/v2\/pages"}],"about":[{"href":"https:\/\/osm.stage.dige.com.pl\/index.php?rest_route=\/wp\/v2\/types\/page"}],"author":[{"embeddable":true,"href":"https:\/\/osm.stage.dige.com.pl\/index.php?rest_route=\/wp\/v2\/users\/1"}],"replies":[{"embeddable":true,"href":"https:\/\/osm.stage.dige.com.pl\/index.php?rest_route=%2Fwp%2Fv2%2Fcomments&post=230"}],"version-history":[{"count":4,"href":"https:\/\/osm.stage.dige.com.pl\/index.php?rest_route=\/wp\/v2\/pages\/230\/revisions"}],"predecessor-version":[{"id":1163,"href":"https:\/\/osm.stage.dige.com.pl\/index.php?rest_route=\/wp\/v2\/pages\/230\/revisions\/1163"}],"wp:attachment":[{"href":"https:\/\/osm.stage.dige.com.pl\/index.php?rest_route=%2Fwp%2Fv2%2Fmedia&parent=230"}],"curies":[{"name":"wp","href":"https:\/\/api.w.org\/{rel}","templated":true}]}}