{"id":232,"date":"2022-05-29T21:54:27","date_gmt":"2022-05-29T19:54:27","guid":{"rendered":"https:\/\/osm.stage.dige.com.pl\/?page_id=232"},"modified":"2023-04-11T16:06:02","modified_gmt":"2023-04-11T14:06:02","slug":"koncerty","status":"publish","type":"page","link":"https:\/\/osm.stage.dige.com.pl\/?page_id=232","title":{"rendered":"KONCERTY"},"content":{"rendered":"<ul class=\"wp-block-latest-posts__list wp-block-latest-posts\"><li><a class=\"wp-block-latest-posts__post-title\" href=\"https:\/\/osm.stage.dige.com.pl\/?p=1129\">Jesienny koncert &#8211; Muzyczni Odkrywcy w Radio Szczecin<\/a><div class=\"wp-block-latest-posts__post-excerpt\">Muzyczne dzia\u0142ania naszych uczni\u00f3w &#8211; Jesienny koncert w Radio Szczecin do audycji &#8222;Muzyczni odkrywcy&#8221;.<\/div><\/li>\n<li><a class=\"wp-block-latest-posts__post-title\" href=\"https:\/\/osm.stage.dige.com.pl\/?p=1111\">Dzie\u0144 Muzyki &#8211; koncertowanie<\/a><div class=\"wp-block-latest-posts__post-excerpt\">Uczennice z klasy 4c przygotowa\u0142y niezwyk\u0142y koncert dla uczni\u00f3w Szko\u0142y Podstawowej nr 1 oraz Przedszkola Publicznego nr 73 w Szczecinie. Atmosfera by\u0142a niezwyk\u0142a, wsp\u00f3lnie grali\u015bmy, \u015bpiewali\u015bmy. Prawdziwe \u015bwi\u0119to muzyki, instrument\u00f3w i wspania\u0142ych m\u0142odych artyst\u00f3w naszej szko\u0142y. Serdeczne podzi\u0119kowania dla Hani, Krysi, Blanki, Majki, Martyny, Oli i Karoliny za wsp\u00f3ln\u0105 tras\u0119 koncertow\u0105. Dzi\u0119kujemy Pani Monice Knebie [&hellip;]<\/div><\/li>\n<li><a class=\"wp-block-latest-posts__post-title\" href=\"https:\/\/osm.stage.dige.com.pl\/?p=1108\">Koncert klasy gitary Pana Przemys\u0142awa Bielca<\/a><div class=\"wp-block-latest-posts__post-excerpt\">Niestety w troch\u0119 okrojonym sk\u0142adzie, ale koncert mojej klasy gitary w Og\u00f3lnokszta\u0142c\u0105ca Szko\u0142a Muzyczna I st. im. prof. Marka Jasi\u0144skiego si\u0119 odby\u0142! Z powodzeniem! Dzi\u0119kuj\u0119 ma\u0142ym artystom i Rodzicom!<\/div><\/li>\n<li><a class=\"wp-block-latest-posts__post-title\" href=\"https:\/\/osm.stage.dige.com.pl\/?p=1105\">Recital naszej absolwentki Zuzanny Sejbuk<\/a><div class=\"wp-block-latest-posts__post-excerpt\">Dnia 13 kwietnia 2022 odby\u0142 si\u0119 recital naszej absolwentki Zuzanny Sejbuk, ( uczennicy Pani Hanny Urba\u0144skiej ). Serdecznie dzi\u0119kujemy za wspania\u0142\u0105 muzyczn\u0105 uczt\u0119.&nbsp;<\/div><\/li>\n<li><div class=\"wp-block-latest-posts__featured-image alignleft\"><img width=\"212\" height=\"300\" src=\"https:\/\/osm.stage.dige.com.pl\/wp-content\/uploads\/2022\/05\/inikoncerty.jpg\" class=\"attachment-medium size-medium wp-post-image\" alt=\"\" loading=\"lazy\" style=\"\" \/><\/div><a class=\"wp-block-latest-posts__post-title\" href=\"https:\/\/osm.stage.dige.com.pl\/?p=244\">Koncerty charytatywne &#8221; Wybieram Pok\u00f3j, Wspieram Ukrain\u0119&#8221;<\/a><div class=\"wp-block-latest-posts__post-excerpt\">W najbli\u017cszych dniach w naszej szkole b\u0119d\u0105 odbywa\u0142y si\u0119\u00a0koncerty charytatywne &#8222;Wybieram Pok\u00f3j, Wspieram Ukrain\u0119&#8221;. Podczas koncert\u00f3w b\u0119d\u0105 zbierane \u015brodki i dary dla rodzin z Ukrainy, kt\u00f3re znalaz\u0142y schronienie w naszym mie\u015bcie. Gra\u0107 b\u0119d\u0105 uczniowie naszej szko\u0142y. A graj\u0105 przepi\u0119knie! Warto pos\u0142ucha\u0107 i przy okazji zrobi\u0107 co\u015b dobrego. Dodatkowo\u00a017 i 24 marca\u00a0jako go\u015b\u0107 specjalny zagra na [&hellip;]<\/div><\/li>\n<li><div class=\"wp-block-latest-posts__featured-image alignleft\"><img width=\"283\" height=\"249\" src=\"https:\/\/osm.stage.dige.com.pl\/wp-content\/uploads\/2022\/05\/IMG_20220413_141646mini.jpg\" class=\"attachment-medium size-medium wp-post-image\" alt=\"\" loading=\"lazy\" style=\"\" \/><\/div><a class=\"wp-block-latest-posts__post-title\" href=\"https:\/\/osm.stage.dige.com.pl\/?p=240\">Recital naszej absolwentki Zuzanny Sejbuk<\/a><div class=\"wp-block-latest-posts__post-excerpt\">Dnia 13 kwietnia 2022 odby\u0142 si\u0119 recital naszej absolwentki Zuzanny Sejbuk, ( uczennicy Pani Hanny Urba\u0144skiej ). Serdecznie dzi\u0119kujemy za wspania\u0142\u0105 muzyczn\u0105 uczt\u0119.&nbsp;<\/div><\/li>\n<\/ul>","protected":false},"excerpt":{"rendered":"","protected":false},"author":1,"featured_media":0,"parent":230,"menu_order":0,"comment_status":"closed","ping_status":"closed","template":"","meta":[],"_links":{"self":[{"href":"https:\/\/osm.stage.dige.com.pl\/index.php?rest_route=\/wp\/v2\/pages\/232"}],"collection":[{"href":"https:\/\/osm.stage.dige.com.pl\/index.php?rest_route=\/wp\/v2\/pages"}],"about":[{"href":"https:\/\/osm.stage.dige.com.pl\/index.php?rest_route=\/wp\/v2\/types\/page"}],"author":[{"embeddable":true,"href":"https:\/\/osm.stage.dige.com.pl\/index.php?rest_route=\/wp\/v2\/users\/1"}],"replies":[{"embeddable":true,"href":"https:\/\/osm.stage.dige.com.pl\/index.php?rest_route=%2Fwp%2Fv2%2Fcomments&post=232"}],"version-history":[{"count":4,"href":"https:\/\/osm.stage.dige.com.pl\/index.php?rest_route=\/wp\/v2\/pages\/232\/revisions"}],"predecessor-version":[{"id":1303,"href":"https:\/\/osm.stage.dige.com.pl\/index.php?rest_route=\/wp\/v2\/pages\/232\/revisions\/1303"}],"up":[{"embeddable":true,"href":"https:\/\/osm.stage.dige.com.pl\/index.php?rest_route=\/wp\/v2\/pages\/230"}],"wp:attachment":[{"href":"https:\/\/osm.stage.dige.com.pl\/index.php?rest_route=%2Fwp%2Fv2%2Fmedia&parent=232"}],"curies":[{"name":"wp","href":"https:\/\/api.w.org\/{rel}","templated":true}]}}