{"id":234,"date":"2022-05-29T21:55:14","date_gmt":"2022-05-29T19:55:14","guid":{"rendered":"https:\/\/osm.stage.dige.com.pl\/?page_id=234"},"modified":"2023-04-03T09:58:25","modified_gmt":"2023-04-03T07:58:25","slug":"warsztaty","status":"publish","type":"page","link":"https:\/\/osm.stage.dige.com.pl\/?page_id=234","title":{"rendered":"WARSZTATY"},"content":{"rendered":"<ul class=\"wp-block-latest-posts__list wp-block-latest-posts\"><li><div class=\"wp-block-latest-posts__featured-image alignleft\"><img width=\"101\" height=\"150\" src=\"https:\/\/osm.stage.dige.com.pl\/wp-content\/uploads\/2022\/05\/il_570xN1738549160_9830.jpg\" class=\"attachment-thumbnail size-thumbnail wp-post-image\" alt=\"konkurs_gitarowy\" loading=\"lazy\" style=\"max-width:150px;max-height:300px;\" \/><\/div><a class=\"wp-block-latest-posts__post-title\" href=\"https:\/\/osm.stage.dige.com.pl\/?p=250\">Warsztaty gitarowe &#8211; 28 marca 2022<\/a><div class=\"wp-block-latest-posts__post-excerpt\">W dniu 28 marca 2022 (poniedzia\u0142ek) w godzinach 8.00-14.00 odb\u0119d\u0105 si\u0119 Warsztaty Gitarowe z p. Ew\u0105 Jab\u0142czy\u0144sk\u0105 i p. Dariuszem Kupi\u0144skim, duetem \u0142\u0105cz\u0105cym pasj\u0119, wyj\u0105tkow\u0105 muzykalno\u015b\u0107 oraz technik\u0119 gry na najwy\u017cszym poziomie. Niebywa\u0142a g\u0142\u0119bia interpretacji, jako\u015b\u0107 d\u017awi\u0119ku, [&hellip;]<\/div><\/li>\n<li><div class=\"wp-block-latest-posts__featured-image alignleft\"><img width=\"122\" height=\"150\" src=\"https:\/\/osm.stage.dige.com.pl\/wp-content\/uploads\/2022\/05\/71n5mPkkXS_AC_SL1200_mini.jpg\" class=\"attachment-thumbnail size-thumbnail wp-post-image\" alt=\"\" loading=\"lazy\" style=\"max-width:150px;max-height:300px;\" \/><\/div><a class=\"wp-block-latest-posts__post-title\" href=\"https:\/\/osm.stage.dige.com.pl\/?p=247\">Warsztaty pianistyczne dla klas 4-7<\/a><div class=\"wp-block-latest-posts__post-excerpt\">16&nbsp;maja odb\u0119d\u0105 si\u0119 szkolne WARSZTATY PIANISTYCZNE \u201ePRACA NAD UTWORAMI Z EPOKI BAROKU I KLASYCYZMU\u201d prowadzone przez&nbsp;PROF. DR HAB. BOGUS\u0141AWA ROTTERMUNDA z AKADEMII SZTUKI w SZCZECINIE. W warsztatach uczestniczy\u0107 b\u0119d\u0105 wszyscy uczniowie fortepianu g\u0142\u00f3wnego z klas&nbsp;4-7.<\/div><\/li>\n<\/ul>","protected":false},"excerpt":{"rendered":"","protected":false},"author":1,"featured_media":0,"parent":230,"menu_order":0,"comment_status":"closed","ping_status":"closed","template":"","meta":[],"_links":{"self":[{"href":"https:\/\/osm.stage.dige.com.pl\/index.php?rest_route=\/wp\/v2\/pages\/234"}],"collection":[{"href":"https:\/\/osm.stage.dige.com.pl\/index.php?rest_route=\/wp\/v2\/pages"}],"about":[{"href":"https:\/\/osm.stage.dige.com.pl\/index.php?rest_route=\/wp\/v2\/types\/page"}],"author":[{"embeddable":true,"href":"https:\/\/osm.stage.dige.com.pl\/index.php?rest_route=\/wp\/v2\/users\/1"}],"replies":[{"embeddable":true,"href":"https:\/\/osm.stage.dige.com.pl\/index.php?rest_route=%2Fwp%2Fv2%2Fcomments&post=234"}],"version-history":[{"count":5,"href":"https:\/\/osm.stage.dige.com.pl\/index.php?rest_route=\/wp\/v2\/pages\/234\/revisions"}],"predecessor-version":[{"id":1258,"href":"https:\/\/osm.stage.dige.com.pl\/index.php?rest_route=\/wp\/v2\/pages\/234\/revisions\/1258"}],"up":[{"embeddable":true,"href":"https:\/\/osm.stage.dige.com.pl\/index.php?rest_route=\/wp\/v2\/pages\/230"}],"wp:attachment":[{"href":"https:\/\/osm.stage.dige.com.pl\/index.php?rest_route=%2Fwp%2Fv2%2Fmedia&parent=234"}],"curies":[{"name":"wp","href":"https:\/\/api.w.org\/{rel}","templated":true}]}}