{"id":263,"date":"2022-05-29T22:11:10","date_gmt":"2022-05-29T20:11:10","guid":{"rendered":"https:\/\/osm.stage.dige.com.pl\/?page_id=263"},"modified":"2022-09-13T09:14:32","modified_gmt":"2022-09-13T07:14:32","slug":"rekrutacja","status":"publish","type":"page","link":"https:\/\/osm.stage.dige.com.pl\/?page_id=263","title":{"rendered":"REKRUTACJA"},"content":{"rendered":"<ul class=\"wp-block-latest-posts__list wp-block-latest-posts\"><li><a class=\"wp-block-latest-posts__post-title\" href=\"https:\/\/osm.stage.dige.com.pl\/?p=1199\">Testowy wpis<\/a><div class=\"wp-block-latest-posts__post-excerpt\">Testujemy wpisy<\/div><\/li>\n<li><a class=\"wp-block-latest-posts__post-title\" href=\"https:\/\/osm.stage.dige.com.pl\/?p=287\">Potwierdzenie woli &#8211; zapraszamy<\/a><div class=\"wp-block-latest-posts__post-excerpt\">Dzi\u015b wywiesili\u015bmy listy zakwalifikowanych i niezakwalifikowanych kandydat\u00f3w do klasy pierwszej &#8211; zapraszamy do sk\u0142adania potwierdzenia woli.<\/div><\/li>\n<li><a class=\"wp-block-latest-posts__post-title\" href=\"https:\/\/osm.stage.dige.com.pl\/?p=284\">Rekrutacja do naszej szko\u0142y &#8211; zako\u0144czona.<\/a><div class=\"wp-block-latest-posts__post-excerpt\">Oficjalnie zako\u0144czyli\u015bmy\u00a0rekrutacj\u0119 do naszej szko\u0142y. Cieszy nas bardzo, tak du\u017ce zainteresowanie. Dzi\u0119kujemy i do zobaczenia na\u00a0czerwcowym spotkaniu rodzic\u00f3w przysz\u0142ych pierwszoklasist\u00f3w.\u00a0<\/div><\/li>\n<li><a class=\"wp-block-latest-posts__post-title\" href=\"https:\/\/osm.stage.dige.com.pl\/?p=281\">Zebranie dla Rodzic\u00f3w przysz\u0142ych klas pierwszych.<\/a><div class=\"wp-block-latest-posts__post-excerpt\">Serdecznie zapraszamy na\u00a0zebranie rodzic\u00f3w przysz\u0142orocznych uczni\u00f3w klas pierwszych, kt\u00f3re odb\u0119dzie si\u0119\u00a0\u00a021\u00a0czerwca o godz. 17:00 w sali kameralnej (nr 10).\u00a0<\/div><\/li>\n<\/ul>","protected":false},"excerpt":{"rendered":"","protected":false},"author":1,"featured_media":0,"parent":0,"menu_order":0,"comment_status":"closed","ping_status":"closed","template":"","meta":[],"_links":{"self":[{"href":"https:\/\/osm.stage.dige.com.pl\/index.php?rest_route=\/wp\/v2\/pages\/263"}],"collection":[{"href":"https:\/\/osm.stage.dige.com.pl\/index.php?rest_route=\/wp\/v2\/pages"}],"about":[{"href":"https:\/\/osm.stage.dige.com.pl\/index.php?rest_route=\/wp\/v2\/types\/page"}],"author":[{"embeddable":true,"href":"https:\/\/osm.stage.dige.com.pl\/index.php?rest_route=\/wp\/v2\/users\/1"}],"replies":[{"embeddable":true,"href":"https:\/\/osm.stage.dige.com.pl\/index.php?rest_route=%2Fwp%2Fv2%2Fcomments&post=263"}],"version-history":[{"count":2,"href":"https:\/\/osm.stage.dige.com.pl\/index.php?rest_route=\/wp\/v2\/pages\/263\/revisions"}],"predecessor-version":[{"id":732,"href":"https:\/\/osm.stage.dige.com.pl\/index.php?rest_route=\/wp\/v2\/pages\/263\/revisions\/732"}],"wp:attachment":[{"href":"https:\/\/osm.stage.dige.com.pl\/index.php?rest_route=%2Fwp%2Fv2%2Fmedia&parent=263"}],"curies":[{"name":"wp","href":"https:\/\/api.w.org\/{rel}","templated":true}]}}