{"id":265,"date":"2022-05-29T22:12:53","date_gmt":"2022-05-29T20:12:53","guid":{"rendered":"https:\/\/osm.stage.dige.com.pl\/?page_id=265"},"modified":"2022-05-29T22:17:02","modified_gmt":"2022-05-29T20:17:02","slug":"informacje-o-szkole-dla-kandydatow","status":"publish","type":"page","link":"https:\/\/osm.stage.dige.com.pl\/?page_id=265","title":{"rendered":"INFORMACJE DLA KANDYDAT\u00d3W O SZKOLE"},"content":{"rendered":"\n<p>Informacje o szkole dla kandydat\u00f3w<\/p>\n\n\n\n<p><strong>1.<\/strong>\u00a0Szko\u0142a realizuje podstaw\u0119 programow\u0105 kszta\u0142cenia og\u00f3lnego w tym samym zakresie co wszystkie szko\u0142y podstawowe.<br><strong>2.<\/strong>\u00a0W naszej szkole uczymy j\u0119zyka: angielskiego, niemieckiego. Ponadto w szkole prowadzona jest innowacja w zakresie j\u0119zyka w\u0142oskiego.<br><strong>3.<\/strong>\u00a0<a href=\"https:\/\/www.osm.szczecin.pl\/rekrutacja\/2394-nasze-instrumentarium\">W szkole opr\u00f3cz przedmiot\u00f3w og\u00f3lnokszta\u0142c\u0105cych prowadzimy nauk\u0119 gry na:<\/a><br><a href=\"https:\/\/www.osm.szczecin.pl\/rekrutacja\/2394-nasze-instrumentarium\">\u2022 akordeonie<\/a><br><a href=\"https:\/\/www.osm.szczecin.pl\/rekrutacja\/2394-nasze-instrumentarium\">\u2022 alt\u00f3wce<\/a><br><a href=\"https:\/\/www.osm.szczecin.pl\/rekrutacja\/2394-nasze-instrumentarium\">\u2022 fagocie<\/a><br><a href=\"https:\/\/www.osm.szczecin.pl\/rekrutacja\/2394-nasze-instrumentarium\">\u2022 flecie poprzecznym<\/a><br><a href=\"https:\/\/www.osm.szczecin.pl\/rekrutacja\/2394-nasze-instrumentarium\">\u2022 fortepianie<\/a><br><a href=\"https:\/\/www.osm.szczecin.pl\/rekrutacja\/2394-nasze-instrumentarium\">\u2022 gitarze<\/a><br><a href=\"https:\/\/www.osm.szczecin.pl\/rekrutacja\/2394-nasze-instrumentarium\">\u2022 harfie<\/a><br><a href=\"https:\/\/www.osm.szczecin.pl\/rekrutacja\/2394-nasze-instrumentarium\">\u2022 klarnecie<\/a><br><a href=\"https:\/\/www.osm.szczecin.pl\/rekrutacja\/2394-nasze-instrumentarium\">\u2022 kontrabasie<\/a><br><a href=\"https:\/\/www.osm.szczecin.pl\/rekrutacja\/2394-nasze-instrumentarium\">\u2022 oboju<\/a><br><a href=\"https:\/\/www.osm.szczecin.pl\/rekrutacja\/2394-nasze-instrumentarium\">\u2022 perkusji<\/a><br><a href=\"https:\/\/www.osm.szczecin.pl\/rekrutacja\/2394-nasze-instrumentarium\">\u2022 puzonie<\/a><br><a href=\"https:\/\/www.osm.szczecin.pl\/rekrutacja\/2394-nasze-instrumentarium\">\u2022 saksofonie<\/a><br><a href=\"https:\/\/www.osm.szczecin.pl\/rekrutacja\/2394-nasze-instrumentarium\">\u2022 skrzypcach<\/a><br><a href=\"https:\/\/www.osm.szczecin.pl\/rekrutacja\/2394-nasze-instrumentarium\">\u2022 tr\u0105bce<\/a><br><a href=\"https:\/\/www.osm.szczecin.pl\/rekrutacja\/2394-nasze-instrumentarium\">\u2022 wiolonczeli<\/a><br><strong>4.<\/strong>\u00a0Muzykowanie zespo\u0142owe odbywa si\u0119 w klasach starszych na zaj\u0119ciach:<br>\u2022 ch\u00f3ru<br>\u2022 orkiestry<br>\u2022 zespo\u0142u rozrywkowego<br>\u2022 zespo\u0142u perkusyjnego<br>\u2022 zespo\u0142\u00f3w kameralnych<br><strong>5.<\/strong>\u00a0Zaj\u0119cia dodatkowe, kt\u00f3re odbywaj\u0105 si\u0119 w szkole:<br>\u2022 ko\u0142o ceramiczne, ko\u0142o florystyczne, ko\u0142o j\u0119zyka rosyjskiego<br>\u2022 ko\u0142o teatralne<br>\u2022 SKS<br><strong>6<\/strong>. Szko\u0142a zapewnia opiek\u0119 w \u015bwietlicy w godzinach od 6:30 do 18:30 oraz obiady w sto\u0142\u00f3wce.<br><strong>7.<\/strong>\u00a0W szkole prowadzona jest odp\u0142atna wypo\u017cyczalnia instrument\u00f3w.<br><strong>8.<\/strong>\u00a0W ramach pomocy psychologiczno-pedagogicznej zapewniamy opiek\u0119:<br>\u2022 pedagoga<br>\u2022 logopedy<br>\u2022 zaj\u0119cia wyr\u00f3wnawcze oraz korekcyjno-kompensacyjne<br>\u2022 gimnastyk\u0119 korekcyjn\u0105<\/p>\n","protected":false},"excerpt":{"rendered":"<p>Informacje o szkole dla kandydat\u00f3w 1.\u00a0Szko\u0142a realizuje podstaw\u0119 programow\u0105 kszta\u0142cenia og\u00f3lnego w tym samym zakresie co wszystkie szko\u0142y podstawowe.2.\u00a0W naszej szkole uczymy j\u0119zyka: angielskiego, niemieckiego. Ponadto w szkole prowadzona jest innowacja w zakresie j\u0119zyka w\u0142oskiego.3.\u00a0W szkole opr\u00f3cz przedmiot\u00f3w og\u00f3lnokszta\u0142c\u0105cych prowadzimy nauk\u0119 gry na:\u2022 akordeonie\u2022 alt\u00f3wce\u2022 fagocie\u2022 flecie poprzecznym\u2022 fortepianie\u2022 gitarze\u2022 harfie\u2022 klarnecie\u2022 kontrabasie\u2022 oboju\u2022 perkusji\u2022 [&hellip;]<\/p>\n","protected":false},"author":1,"featured_media":0,"parent":263,"menu_order":0,"comment_status":"closed","ping_status":"closed","template":"","meta":[],"_links":{"self":[{"href":"https:\/\/osm.stage.dige.com.pl\/index.php?rest_route=\/wp\/v2\/pages\/265"}],"collection":[{"href":"https:\/\/osm.stage.dige.com.pl\/index.php?rest_route=\/wp\/v2\/pages"}],"about":[{"href":"https:\/\/osm.stage.dige.com.pl\/index.php?rest_route=\/wp\/v2\/types\/page"}],"author":[{"embeddable":true,"href":"https:\/\/osm.stage.dige.com.pl\/index.php?rest_route=\/wp\/v2\/users\/1"}],"replies":[{"embeddable":true,"href":"https:\/\/osm.stage.dige.com.pl\/index.php?rest_route=%2Fwp%2Fv2%2Fcomments&post=265"}],"version-history":[{"count":3,"href":"https:\/\/osm.stage.dige.com.pl\/index.php?rest_route=\/wp\/v2\/pages\/265\/revisions"}],"predecessor-version":[{"id":272,"href":"https:\/\/osm.stage.dige.com.pl\/index.php?rest_route=\/wp\/v2\/pages\/265\/revisions\/272"}],"up":[{"embeddable":true,"href":"https:\/\/osm.stage.dige.com.pl\/index.php?rest_route=\/wp\/v2\/pages\/263"}],"wp:attachment":[{"href":"https:\/\/osm.stage.dige.com.pl\/index.php?rest_route=%2Fwp%2Fv2%2Fmedia&parent=265"}],"curies":[{"name":"wp","href":"https:\/\/api.w.org\/{rel}","templated":true}]}}