{"id":267,"date":"2022-05-29T22:13:33","date_gmt":"2022-05-29T20:13:33","guid":{"rendered":"https:\/\/osm.stage.dige.com.pl\/?page_id=267"},"modified":"2022-05-29T22:17:50","modified_gmt":"2022-05-29T20:17:50","slug":"zasady-przyjmowania-kandydatow-do-osm-i-st","status":"publish","type":"page","link":"https:\/\/osm.stage.dige.com.pl\/?page_id=267","title":{"rendered":"ZASADY PRZYJMOWANIA KANDYDAT\u00d3W"},"content":{"rendered":"\n<p>Zasady przyjmowania kandydat\u00f3w do OSM I st.<\/p>\n\n\n\n<p><strong>1.<\/strong>\u00a0O przyj\u0119cie do\u00a0<strong>klasy pierwszej<\/strong>\u00a0OSM I st. mo\u017ce ubiega\u0107 si\u0119 kandydat, kt\u00f3ry w danym roku kalendarzowym ko\u0144czy 7 lat.<br><strong>2.<\/strong>\u00a0Mo\u017cliwe jest przyj\u0119cie dziecka 6-letniego na podstawie opinii z Poradni Psychologiczno-Pedagogicznej o dojrza\u0142o\u015bci szkolnej lub za\u015bwiadczenia o odbytym rocznym przygotowaniu przedszkolnym.<br><strong>3.<\/strong>\u00a0Szko\u0142a prowadzi konsultacje dla kandydat\u00f3w podczas Dni Otwartych Szko\u0142y, podczas kt\u00f3rych rodzice\/opiekunowie prawni mog\u0105 skontaktowa\u0107 si\u0119 z nauczycielami w celu wst\u0119pnego sprawdzenia uzdolnie\u0144 kandydata oraz jego predyspozycji i zainteresowa\u0144. Uczestnictwo w konsultacjach nie jest jednoznaczne z przyj\u0119ciem kandydata do szko\u0142y.<br><strong>4.<\/strong>\u00a0Rodzice kandydata sk\u0142adaj\u0105 do sekretariatu szko\u0142y nast\u0119puj\u0105ce dokumenty:<br>\u2022<a href=\"https:\/\/www.osm.szczecin.pl\/images\/PDF\/Wniosek_o_przyjcie_do_klasy_pierwszej_poprawiony_2022.pdf\">\u00a0wniosek\u00a0<\/a>o przyj\u0119cie do szko\u0142y<br>\u2022 za\u015bwiadczenie lekarskie o braku przeciwskaza\u0144 do podj\u0119cia nauki w szkole muzycznej<br><strong>5.<\/strong>\u00a0Wymagane dokumenty kandydaci sk\u0142adaj\u0105 w sekretariacie szko\u0142y w terminie podanym w\u00a0<a href=\"https:\/\/www.osm.szczecin.pl\/rekrutacja\/harmonogram-rekrutacji\">harmonogramie rekrutacji<\/a>\u00a0na dany rok szkolny.<br><strong>6.<\/strong>\u00a0Kwalifikowanie kandydat\u00f3w do klasy pierwszej odbywa si\u0119 na podstawie\u00a0<a href=\"https:\/\/www.osm.szczecin.pl\/rekrutacja\/opis-badania\">badania przydatno\u015bci<\/a>,\u00a0kt\u00f3re zostaje przeprowadzone w terminie wyznaczonym przed Dyrektora szko\u0142y.<br><strong>7.<\/strong>\u00a0W celu przeprowadzeniu bada\u0144, Dyrektor powo\u0142uje spo\u015br\u00f3d nauczycieli komisj\u0119 rekrutacyjno-kwalifikacyjn\u0105 i wyznacza jej przewodnicz\u0105cego.<br><strong>8.<\/strong>\u00a0Komisja rekrutacyjna sporz\u0105dza protok\u00f3\u0142 zawieraj\u0105cy list\u0119 kandydat\u00f3w, kt\u00f3rzy przyst\u0105pili do badania oraz uzyskan\u0105 przez nich punktacj\u0119.<br><strong>9.<\/strong>\u00a0W terminie\u00a0 do 7 dni od dnia zako\u0144czenia badania przydatno\u015bci komisja przedstawia do publicznej wiadomo\u015bci listy os\u00f3b zakwalifikowanych i niezakwalifikowanych do szko\u0142y, kt\u00f3re zawieraj\u0105 imiona i nazwiska kandydat\u00f3w uszeregowane w kolejno\u015bci alfabetycznej (umieszczenie nazwiska kandydata na li\u015bcie zakwalifikowanych nie oznacza przyj\u0119cia do szko\u0142y).<br><strong>10.<\/strong>\u00a0Dopuszcza si\u0119 mo\u017cliwo\u015b\u0107 ubiegania si\u0119 kandydata o przyj\u0119cie do szko\u0142y do klasy wy\u017cszej ni\u017c pierwsza (zmiana miejsca zamieszkania, zmiana szko\u0142y). Dla w\/w kandydata przeprowadza si\u0119 egzamin klasyfikacyjny, kt\u00f3ry ma na celu sprawdzenie, czy predyspozycje i poziom umiej\u0119tno\u015bci kandydata odpowiadaj\u0105 programowi klasy, do kt\u00f3rej kandydat ma by\u0107 przyj\u0119ty.<br><strong>11.<\/strong>\u00a0Egzamin klasyfikacyjny przeprowadza komisja kwalifikacyjna powo\u0142ywana przez Dyrektora szko\u0142y, spo\u015br\u00f3d nauczycieli tej szko\u0142y. Dyrektor szko\u0142y wyznacza sk\u0142ad komisji, jej przewodnicz\u0105cego oraz okre\u015bla zadania cz\u0142onk\u00f3w komisji.<br><strong>12.<\/strong>\u00a0Z przebiegu egzaminu klasyfikacyjnego komisja sporz\u0105dza protok\u00f3\u0142 zawieraj\u0105cy ocen\u0119 predyspozycji i poziomu umiej\u0119tno\u015bci kandydata. Protok\u00f3\u0142 jest przechowywany w szkole przez ca\u0142y okres kszta\u0142cenia ucznia.<br><strong>13.<\/strong>\u00a0Dyrektor szko\u0142y na podstawie wyniku egzaminu kwalifikacyjnego zawartego w protokole, a tak\u017ce na podstawie mo\u017cliwo\u015bci organizacyjnych szko\u0142y, podejmuje decyzj\u0119 o przyj\u0119ciu kandydata do klasy wy\u017cszej ni\u017c pierwsza. Istotnym kryterium jest dost\u0119pno\u015b\u0107 miejsc na wybranym przez kandydata instrumencie.<br><strong>14.<\/strong>\u00a0R\u00f3\u017cnice programowe z zaj\u0119\u0107 edukacyjnych wynikaj\u0105cych ze zmiany szko\u0142y, ucze\u0144 uzupe\u0142nia w warunkach ustalonych przez nauczycieli prowadz\u0105cych zaj\u0119cia edukacyjne.<br><strong>15.<\/strong>\u00a0Decyzje komisji s\u0105 niepodwa\u017calne, a odwo\u0142ania rodzic\u00f3w\/opiekun\u00f3w prawnych mog\u0105 dotyczy\u0107 wy\u0142\u0105cznie procedur badania przydatno\u015bci.<\/p>\n","protected":false},"excerpt":{"rendered":"<p>Zasady przyjmowania kandydat\u00f3w do OSM I st. 1.\u00a0O przyj\u0119cie do\u00a0klasy pierwszej\u00a0OSM I st. mo\u017ce ubiega\u0107 si\u0119 kandydat, kt\u00f3ry w danym roku kalendarzowym ko\u0144czy 7 lat.2.\u00a0Mo\u017cliwe jest przyj\u0119cie dziecka 6-letniego na podstawie opinii z Poradni Psychologiczno-Pedagogicznej o dojrza\u0142o\u015bci szkolnej lub za\u015bwiadczenia o odbytym rocznym przygotowaniu przedszkolnym.3.\u00a0Szko\u0142a prowadzi konsultacje dla kandydat\u00f3w podczas Dni Otwartych Szko\u0142y, podczas kt\u00f3rych [&hellip;]<\/p>\n","protected":false},"author":1,"featured_media":0,"parent":263,"menu_order":0,"comment_status":"closed","ping_status":"closed","template":"","meta":[],"_links":{"self":[{"href":"https:\/\/osm.stage.dige.com.pl\/index.php?rest_route=\/wp\/v2\/pages\/267"}],"collection":[{"href":"https:\/\/osm.stage.dige.com.pl\/index.php?rest_route=\/wp\/v2\/pages"}],"about":[{"href":"https:\/\/osm.stage.dige.com.pl\/index.php?rest_route=\/wp\/v2\/types\/page"}],"author":[{"embeddable":true,"href":"https:\/\/osm.stage.dige.com.pl\/index.php?rest_route=\/wp\/v2\/users\/1"}],"replies":[{"embeddable":true,"href":"https:\/\/osm.stage.dige.com.pl\/index.php?rest_route=%2Fwp%2Fv2%2Fcomments&post=267"}],"version-history":[{"count":2,"href":"https:\/\/osm.stage.dige.com.pl\/index.php?rest_route=\/wp\/v2\/pages\/267\/revisions"}],"predecessor-version":[{"id":273,"href":"https:\/\/osm.stage.dige.com.pl\/index.php?rest_route=\/wp\/v2\/pages\/267\/revisions\/273"}],"up":[{"embeddable":true,"href":"https:\/\/osm.stage.dige.com.pl\/index.php?rest_route=\/wp\/v2\/pages\/263"}],"wp:attachment":[{"href":"https:\/\/osm.stage.dige.com.pl\/index.php?rest_route=%2Fwp%2Fv2%2Fmedia&parent=267"}],"curies":[{"name":"wp","href":"https:\/\/api.w.org\/{rel}","templated":true}]}}