{"id":269,"date":"2022-05-29T22:14:08","date_gmt":"2022-05-29T20:14:08","guid":{"rendered":"https:\/\/osm.stage.dige.com.pl\/?page_id=269"},"modified":"2022-05-29T22:18:34","modified_gmt":"2022-05-29T20:18:34","slug":"opis-badania-przydatnosci-kandydatow-do-nauki-w-osm-i-st-im-prof-marka-jasinskiego-w-szczecinie","status":"publish","type":"page","link":"https:\/\/osm.stage.dige.com.pl\/?page_id=269","title":{"rendered":"OPIS BADANIA PRZYDATNO\u015aCI"},"content":{"rendered":"\n<p>Opis badania przydatno\u015bci kandydat\u00f3w do nauki w OSM I st. im. prof. Marka Jasi\u0144skiego w Szczecinie<\/p>\n\n\n\n<p><strong>1.<\/strong>\u00a0Badanie polega na sprawdzeniu uzdolnie\u0144 muzycznych, warunk\u00f3w psychofizycznych i predyspozycji do gry na wskazanym przez kandydata instrumencie.<br><strong>2<\/strong>. Podczas badania przydatno\u015bci kandydat\u00f3w do klasy I w OSM I st. w Szczecinie sprawdzane s\u0105:<br>\u2022 umiej\u0119tno\u015b\u0107 \u015bpiewania &#8211; zaprezentowanie dowolnej piosenki<br>\u2022 s\u0142uch muzyczny &#8211; powtarzanie g\u0142osem za\u015bpiewanego lub zagranego przez nauczyciela d\u017awi\u0119ku, interwa\u0142u lub kr\u00f3tkiego motywu melodycznego<br>\u2022 pami\u0119\u0107 muzyczna &#8211; powtarzanie g\u0142osem fragment\u00f3w melodii<br>\u2022 poczucie rytmu &#8211; wyklaskanie rytmu zaprezentowanego przez nauczyciela<br>\u2022 zdolno\u015bci manualne (test og\u00f3lny)<br>Do badania predyspozycji kandydat musi przygotowa\u0107 piosenk\u0119, kt\u00f3r\u0105 prezentuje na przes\u0142uchaniu.<br><strong>3<\/strong>. Ka\u017cdy cz\u0142onek komisji przyznaje punkty za poszczeg\u00f3lne zadania:<br>\u2022 badanie umiej\u0119tno\u015bci \u015bpiewania (1-25 pkt.)<br>\u2022 badanie s\u0142uchu muzycznego (1-25 pkt.)<br>\u2022 badanie pami\u0119ci muzycznej (1-25 pkt.)<br>\u2022 badanie poczucia rytmu (1-25 pkt.)<br><strong>4.<\/strong>\u00a0Ostateczn\u0105 ocen\u0119 przydatno\u015bci stanowi \u015brednia arytmetyczna punkt\u00f3w przyznanych przez wszystkich cz\u0142onk\u00f3w komisji.<br><strong>5.<\/strong>\u00a0Kandydaci, kt\u00f3rzy uzyskali minimum 18 pkt. jako ostateczn\u0105 ocen\u0119 badania przydatno\u015bci zostaj\u0105 zakwalifikowani do przyj\u0119cia do szko\u0142y.<br><strong>6.<\/strong>\u00a0W przypadku uzyskania tej samej liczby punkt\u00f3w z badania przydatno\u015bci kandydata i ograniczonej liczby miejsc, kt\u00f3r\u0105 dysponuje szko\u0142a, stosuje si\u0119 kryteria ustawowe:<br>\u2022 wielodzietno\u015b\u0107 rodziny kandydata<br>\u2022 niepe\u0142nosprawno\u015b\u0107 kandydata<br>\u2022 niepe\u0142nosprawno\u015b\u0107 jednego z rodzic\u00f3w kandydata<br>\u2022 niepe\u0142nosprawno\u015b\u0107 obojga rodzic\u00f3w<br>\u2022 niepe\u0142nosprawno\u015b\u0107 rodze\u0144stwa kandydata<br>\u2022 samotne wychowywanie kandydata w rodzinie<br>\u2022 obj\u0119cie kandydata piecz\u0105 zast\u0119pcz\u0105<br>Kryteria, o kt\u00f3rych mowa maj\u0105 jednakow\u0105 warto\u015b\u0107.<\/p>\n","protected":false},"excerpt":{"rendered":"<p>Opis badania przydatno\u015bci kandydat\u00f3w do nauki w OSM I st. im. prof. Marka Jasi\u0144skiego w Szczecinie 1.\u00a0Badanie polega na sprawdzeniu uzdolnie\u0144 muzycznych, warunk\u00f3w psychofizycznych i predyspozycji do gry na wskazanym przez kandydata instrumencie.2. Podczas badania przydatno\u015bci kandydat\u00f3w do klasy I w OSM I st. w Szczecinie sprawdzane s\u0105:\u2022 umiej\u0119tno\u015b\u0107 \u015bpiewania &#8211; zaprezentowanie dowolnej piosenki\u2022 s\u0142uch [&hellip;]<\/p>\n","protected":false},"author":1,"featured_media":0,"parent":263,"menu_order":0,"comment_status":"closed","ping_status":"closed","template":"","meta":[],"_links":{"self":[{"href":"https:\/\/osm.stage.dige.com.pl\/index.php?rest_route=\/wp\/v2\/pages\/269"}],"collection":[{"href":"https:\/\/osm.stage.dige.com.pl\/index.php?rest_route=\/wp\/v2\/pages"}],"about":[{"href":"https:\/\/osm.stage.dige.com.pl\/index.php?rest_route=\/wp\/v2\/types\/page"}],"author":[{"embeddable":true,"href":"https:\/\/osm.stage.dige.com.pl\/index.php?rest_route=\/wp\/v2\/users\/1"}],"replies":[{"embeddable":true,"href":"https:\/\/osm.stage.dige.com.pl\/index.php?rest_route=%2Fwp%2Fv2%2Fcomments&post=269"}],"version-history":[{"count":2,"href":"https:\/\/osm.stage.dige.com.pl\/index.php?rest_route=\/wp\/v2\/pages\/269\/revisions"}],"predecessor-version":[{"id":274,"href":"https:\/\/osm.stage.dige.com.pl\/index.php?rest_route=\/wp\/v2\/pages\/269\/revisions\/274"}],"up":[{"embeddable":true,"href":"https:\/\/osm.stage.dige.com.pl\/index.php?rest_route=\/wp\/v2\/pages\/263"}],"wp:attachment":[{"href":"https:\/\/osm.stage.dige.com.pl\/index.php?rest_route=%2Fwp%2Fv2%2Fmedia&parent=269"}],"curies":[{"name":"wp","href":"https:\/\/api.w.org\/{rel}","templated":true}]}}