{"id":275,"date":"2022-05-29T22:19:48","date_gmt":"2022-05-29T20:19:48","guid":{"rendered":"https:\/\/osm.stage.dige.com.pl\/?page_id=275"},"modified":"2022-05-29T22:19:49","modified_gmt":"2022-05-29T20:19:49","slug":"harmonogram-rekrutacji","status":"publish","type":"page","link":"https:\/\/osm.stage.dige.com.pl\/?page_id=275","title":{"rendered":"HARMONOGRAM REKRUTACJI"},"content":{"rendered":"\n<h2><a href=\"https:\/\/www.osm.szczecin.pl\/rekrutacja\/harmonogram-rekrutacji\/1747-terminy-rekrutacji-do-osm-i-st-im-prof-m-jasinskiego\">Terminy rekrutacji do OSM I st. im. prof. M. Jasi\u0144skiego.<\/a><\/h2>\n\n\n\n<p><strong>\u2022 27.01.2022r.&nbsp; godz. 16:00-19:00 &#8211; Dzie\u0144 Otwarty Szko\u0142y.&nbsp;<\/strong><strong>\u2022 22.02.2022r.&nbsp; godz. 16:00-19:00 &#8211; Dzie\u0144 Otwarty Szko\u0142y.<\/strong><strong>\u2022&nbsp;<\/strong><strong>27.01- 25.02.2022r. &#8211; termin sk\u0142adania&nbsp;<a href=\"https:\/\/www.osm.szczecin.pl\/images\/PDF\/Wniosek_o_przyjcie_do_klasy_pierwszej_poprawiony_2022.pdf\">dokument\u00f3w do szko\u0142y&nbsp;<\/a>( dost\u0119pne na stronie szko\u0142y, w sekretariacie)<\/strong><br><strong>\u2022 01.03.2022r. wtorek, godz. 16:30&nbsp;&#8211;&nbsp;<a href=\"https:\/\/www.osm.szczecin.pl\/rekrutacja\/opis-badania\">badanie przydatno\u015bci kandydat\u00f3w<\/a><\/strong><br><strong>\u2022 02.03.2022r. \u015broda, godz. 16:30&nbsp;&#8211; badanie przydatno\u015bci kandydat\u00f3w<\/strong><br><strong>\u2022 03.03.2022r. czwartek, godz. 16:30 &#8211; badanie przydatno\u015bci kandydat\u00f3w<\/strong><strong>\u2022 04.03.2022r.&nbsp;pi\u0105tek, godz.&nbsp;16:30&nbsp;&#8211; badanie przydatno\u015bci kandydat\u00f3w<\/strong><br><strong>\u2022 08.03.2022r.&nbsp;wtorek, godz. 13:00 &#8211; wywieszenie list zakwalifikowanych kandydat\u00f3w<\/strong><br><strong>\u2022 08.03 &#8211; 10.03.2022r.&nbsp;<a href=\"https:\/\/www.osm.szczecin.pl\/images\/potwierdzenie_woli_2022poprawiony.pdf\">potwierdzenie woli&nbsp;<\/a>przyj\u0119cia do OSM I st. przez rodzic\u00f3w (skrzynka podawcza na parterze szko\u0142y, email:&nbsp;<a href=\"mailto:osmis@miasto.szczecin.pl\">osmis@miasto.szczecin.pl<\/a>&nbsp;&#8211; w formie skanu\/ zdj\u0119cia lub osobi\u015bcie w sekretariacie szko\u0142y)<\/strong><br><strong>\u2022 11.03.2022r.&nbsp;pi\u0105tek, godz. 13:00 og\u0142oszenie listy kandydat\u00f3w przyj\u0119tych i nieprzyj\u0119tych do OSM I st.<\/strong><strong>W razie pyta\u0144 prosimy o kontakt telefoniczny&nbsp; tel. 91 484 43 24&nbsp; od poniedzia\u0142ku do pi\u0105tku w godzinach 8:00-17:00<\/strong><\/p>\n","protected":false},"excerpt":{"rendered":"<p>Terminy rekrutacji do OSM I st. im. prof. M. Jasi\u0144skiego. \u2022 27.01.2022r.&nbsp; godz. 16:00-19:00 &#8211; Dzie\u0144 Otwarty Szko\u0142y.&nbsp;\u2022 22.02.2022r.&nbsp; godz. 16:00-19:00 &#8211; Dzie\u0144 Otwarty Szko\u0142y.\u2022&nbsp;27.01- 25.02.2022r. &#8211; termin sk\u0142adania&nbsp;dokument\u00f3w do szko\u0142y&nbsp;( dost\u0119pne na stronie szko\u0142y, w sekretariacie)\u2022 01.03.2022r. wtorek, godz. 16:30&nbsp;&#8211;&nbsp;badanie przydatno\u015bci kandydat\u00f3w\u2022 02.03.2022r. \u015broda, godz. 16:30&nbsp;&#8211; badanie przydatno\u015bci kandydat\u00f3w\u2022 03.03.2022r. czwartek, godz. 16:30 &#8211; [&hellip;]<\/p>\n","protected":false},"author":1,"featured_media":0,"parent":263,"menu_order":0,"comment_status":"closed","ping_status":"closed","template":"","meta":[],"_links":{"self":[{"href":"https:\/\/osm.stage.dige.com.pl\/index.php?rest_route=\/wp\/v2\/pages\/275"}],"collection":[{"href":"https:\/\/osm.stage.dige.com.pl\/index.php?rest_route=\/wp\/v2\/pages"}],"about":[{"href":"https:\/\/osm.stage.dige.com.pl\/index.php?rest_route=\/wp\/v2\/types\/page"}],"author":[{"embeddable":true,"href":"https:\/\/osm.stage.dige.com.pl\/index.php?rest_route=\/wp\/v2\/users\/1"}],"replies":[{"embeddable":true,"href":"https:\/\/osm.stage.dige.com.pl\/index.php?rest_route=%2Fwp%2Fv2%2Fcomments&post=275"}],"version-history":[{"count":1,"href":"https:\/\/osm.stage.dige.com.pl\/index.php?rest_route=\/wp\/v2\/pages\/275\/revisions"}],"predecessor-version":[{"id":276,"href":"https:\/\/osm.stage.dige.com.pl\/index.php?rest_route=\/wp\/v2\/pages\/275\/revisions\/276"}],"up":[{"embeddable":true,"href":"https:\/\/osm.stage.dige.com.pl\/index.php?rest_route=\/wp\/v2\/pages\/263"}],"wp:attachment":[{"href":"https:\/\/osm.stage.dige.com.pl\/index.php?rest_route=%2Fwp%2Fv2%2Fmedia&parent=275"}],"curies":[{"name":"wp","href":"https:\/\/api.w.org\/{rel}","templated":true}]}}