{"id":277,"date":"2022-05-29T22:20:46","date_gmt":"2022-05-29T20:20:46","guid":{"rendered":"https:\/\/osm.stage.dige.com.pl\/?page_id=277"},"modified":"2022-05-29T22:20:46","modified_gmt":"2022-05-29T20:20:46","slug":"wniosek-o-przyjecie-do-szkoly","status":"publish","type":"page","link":"https:\/\/osm.stage.dige.com.pl\/?page_id=277","title":{"rendered":"WNIOSEK O PRZYJ\u0118CIE DO SZKO\u0141Y"},"content":{"rendered":"\n<h2><a href=\"https:\/\/www.osm.szczecin.pl\/rekrutacja\/wniosek-o-przyjecie\/1748-wniosek-o-przyjecie-do-klasy-pierwszej-w-osm-i-st-im-prof-marka-jasinskiego-w-szczecinie\">Wniosek o przyj\u0119cie do klasy pierwszej w OSM I st. im. prof. Marka Jasi\u0144skiego w Szczecinie<\/a><\/h2>\n\n\n\n<p><br>Wniosek o przyj\u0119cie do klasy pierwszej&nbsp;nale\u017cy pobra\u0107 ze strony, wydrukowa\u0107, wype\u0142ni\u0107 i z\u0142o\u017cy\u0107 w sekretariacie.<br><a href=\"https:\/\/www.osm.szczecin.pl\/images\/PDF\/Wniosek_o_przyjcie_do_klasy_pierwszej_poprawiony_2022.pdf\">[Wniosek o przyj\u0119cie &#8211; druk do pobrania].<\/a><\/p>\n\n\n\n<p><a href=\"https:\/\/www.osm.szczecin.pl\/rekrutacja\/zasady-przyjmowania\">Oto zasady przyjmowania kandydat\u00f3w.<\/a><\/p>\n","protected":false},"excerpt":{"rendered":"<p>Wniosek o przyj\u0119cie do klasy pierwszej w OSM I st. im. prof. Marka Jasi\u0144skiego w Szczecinie Wniosek o przyj\u0119cie do klasy pierwszej&nbsp;nale\u017cy pobra\u0107 ze strony, wydrukowa\u0107, wype\u0142ni\u0107 i z\u0142o\u017cy\u0107 w sekretariacie.[Wniosek o przyj\u0119cie &#8211; druk do pobrania]. Oto zasady przyjmowania kandydat\u00f3w.<\/p>\n","protected":false},"author":1,"featured_media":0,"parent":263,"menu_order":0,"comment_status":"closed","ping_status":"closed","template":"","meta":[],"_links":{"self":[{"href":"https:\/\/osm.stage.dige.com.pl\/index.php?rest_route=\/wp\/v2\/pages\/277"}],"collection":[{"href":"https:\/\/osm.stage.dige.com.pl\/index.php?rest_route=\/wp\/v2\/pages"}],"about":[{"href":"https:\/\/osm.stage.dige.com.pl\/index.php?rest_route=\/wp\/v2\/types\/page"}],"author":[{"embeddable":true,"href":"https:\/\/osm.stage.dige.com.pl\/index.php?rest_route=\/wp\/v2\/users\/1"}],"replies":[{"embeddable":true,"href":"https:\/\/osm.stage.dige.com.pl\/index.php?rest_route=%2Fwp%2Fv2%2Fcomments&post=277"}],"version-history":[{"count":1,"href":"https:\/\/osm.stage.dige.com.pl\/index.php?rest_route=\/wp\/v2\/pages\/277\/revisions"}],"predecessor-version":[{"id":278,"href":"https:\/\/osm.stage.dige.com.pl\/index.php?rest_route=\/wp\/v2\/pages\/277\/revisions\/278"}],"up":[{"embeddable":true,"href":"https:\/\/osm.stage.dige.com.pl\/index.php?rest_route=\/wp\/v2\/pages\/263"}],"wp:attachment":[{"href":"https:\/\/osm.stage.dige.com.pl\/index.php?rest_route=%2Fwp%2Fv2%2Fmedia&parent=277"}],"curies":[{"name":"wp","href":"https:\/\/api.w.org\/{rel}","templated":true}]}}