{"id":279,"date":"2022-05-29T22:21:31","date_gmt":"2022-05-29T20:21:31","guid":{"rendered":"https:\/\/osm.stage.dige.com.pl\/?page_id=279"},"modified":"2022-05-29T22:21:32","modified_gmt":"2022-05-29T20:21:32","slug":"potwierdzenie-woli-nauki","status":"publish","type":"page","link":"https:\/\/osm.stage.dige.com.pl\/?page_id=279","title":{"rendered":"POTWIERDZENIE WOLI NAUKI"},"content":{"rendered":"\n<h2><a href=\"https:\/\/www.osm.szczecin.pl\/rekrutacja\/potwierdzenie-woli\/1749-potwierdzenie-woli-nauki-po-zakwalifikowaniu-sie-dziecka-do-szkoly\">Potwierdzenie woli nauki (po zakwalifikowaniu si\u0119 dziecka do szko\u0142y)<\/a><\/h2>\n\n\n\n<p><br>Druk potwierdzaj\u0105cy wol\u0119 podj\u0119cia nauki, po zakwalifikowaniu si\u0119 dziecka do szko\u0142y, nale\u017cy pobra\u0107 ze strony, wydrukowa\u0107, wype\u0142ni\u0107 i zanie\u015b\u0107 do sekretariatu zgodnie z&nbsp;<a href=\"https:\/\/www.osm.szczecin.pl\/rekrutacja\/harmonogram-rekrutacji\">harmonogramem rekrutacji<\/a>.<br><a href=\"https:\/\/www.osm.szczecin.pl\/images\/potwierdzenie_woli_2022poprawiony.pdf\">[O\u015bwiadczenie woli &#8211; druk do pobrania]<\/a><\/p>\n","protected":false},"excerpt":{"rendered":"<p>Potwierdzenie woli nauki (po zakwalifikowaniu si\u0119 dziecka do szko\u0142y) Druk potwierdzaj\u0105cy wol\u0119 podj\u0119cia nauki, po zakwalifikowaniu si\u0119 dziecka do szko\u0142y, nale\u017cy pobra\u0107 ze strony, wydrukowa\u0107, wype\u0142ni\u0107 i zanie\u015b\u0107 do sekretariatu zgodnie z&nbsp;harmonogramem rekrutacji.[O\u015bwiadczenie woli &#8211; druk do pobrania]<\/p>\n","protected":false},"author":1,"featured_media":0,"parent":263,"menu_order":0,"comment_status":"closed","ping_status":"closed","template":"","meta":[],"_links":{"self":[{"href":"https:\/\/osm.stage.dige.com.pl\/index.php?rest_route=\/wp\/v2\/pages\/279"}],"collection":[{"href":"https:\/\/osm.stage.dige.com.pl\/index.php?rest_route=\/wp\/v2\/pages"}],"about":[{"href":"https:\/\/osm.stage.dige.com.pl\/index.php?rest_route=\/wp\/v2\/types\/page"}],"author":[{"embeddable":true,"href":"https:\/\/osm.stage.dige.com.pl\/index.php?rest_route=\/wp\/v2\/users\/1"}],"replies":[{"embeddable":true,"href":"https:\/\/osm.stage.dige.com.pl\/index.php?rest_route=%2Fwp%2Fv2%2Fcomments&post=279"}],"version-history":[{"count":1,"href":"https:\/\/osm.stage.dige.com.pl\/index.php?rest_route=\/wp\/v2\/pages\/279\/revisions"}],"predecessor-version":[{"id":280,"href":"https:\/\/osm.stage.dige.com.pl\/index.php?rest_route=\/wp\/v2\/pages\/279\/revisions\/280"}],"up":[{"embeddable":true,"href":"https:\/\/osm.stage.dige.com.pl\/index.php?rest_route=\/wp\/v2\/pages\/263"}],"wp:attachment":[{"href":"https:\/\/osm.stage.dige.com.pl\/index.php?rest_route=%2Fwp%2Fv2%2Fmedia&parent=279"}],"curies":[{"name":"wp","href":"https:\/\/api.w.org\/{rel}","templated":true}]}}