{"id":292,"date":"2022-05-29T22:26:38","date_gmt":"2022-05-29T20:26:38","guid":{"rendered":"https:\/\/osm.stage.dige.com.pl\/?page_id=292"},"modified":"2023-09-26T14:10:36","modified_gmt":"2023-09-26T12:10:36","slug":"kontakt","status":"publish","type":"page","link":"https:\/\/osm.stage.dige.com.pl\/?page_id=292","title":{"rendered":"KONTAKT"},"content":{"rendered":"\n<h2>Dane kontaktowe szko\u0142y<\/h2>\n\n\n\n<p>Og\u00f3lnokszta\u0142c\u0105ca Szko\u0142a Muzyczna I st. im. prof. Marka Jasi\u0144skiego w Szczecinie<br>ul. Boles\u0142awa \u015amia\u0142ego 42-43<br>70-351 Szczecin<\/p>\n\n\n\n<p><strong>Organ nadzoruj\u0105cy<\/strong>:  <a href=\"https:\/\/www.gov.pl\/web\/cea\">Centrum Edukacji Artystycznej<\/a><\/p>\n\n\n\n<p><strong>Organ prowadz\u0105cy<\/strong> : <a href=\"https:\/\/bip.um.szczecin.pl\/chapter_11026.asp\">Urz\u0105d Miasta Szczecin<\/a><\/p>\n\n\n\n<p>NIP&nbsp;852-25-40-202<br>REGON&nbsp;812004127<\/p>\n\n\n\n<p>Sekretariat:<br>tel. 91 484 43 24<br>mail:&nbsp;<a href=\"mailto:osmis@miasto.szczecin.pl\">osmis@miasto.szczecin.pl&nbsp;<\/a><\/p>\n\n\n\n<p>skrzynka podawcza ePUAP : \/4362417\/SkrytkaESP<\/p>\n\n\n\n<p>\u015awietlica:<\/p>\n\n\n\n<p>Grupa M\u0142odsza: 518 894 910<\/p>\n\n\n\n<p>Grupa Starsza: 518 894 920<\/p>\n\n\n\n<p>Piel\u0119gniarka w dniach : poniedzia\u0142ek, wtorek , \u015broda: 518 895 170<\/p>\n","protected":false},"excerpt":{"rendered":"<p>Dane kontaktowe szko\u0142y Og\u00f3lnokszta\u0142c\u0105ca Szko\u0142a Muzyczna I st. im. prof. Marka Jasi\u0144skiego w Szczecinieul. Boles\u0142awa \u015amia\u0142ego 42-4370-351 Szczecin Organ nadzoruj\u0105cy: Centrum Edukacji Artystycznej Organ prowadz\u0105cy : Urz\u0105d Miasta Szczecin NIP&nbsp;852-25-40-202REGON&nbsp;812004127 Sekretariat:tel. 91 484 43 24mail:&nbsp;osmis@miasto.szczecin.pl&nbsp; skrzynka podawcza ePUAP : \/4362417\/SkrytkaESP \u015awietlica: Grupa M\u0142odsza: 518 894 910 Grupa Starsza: 518 894 920 Piel\u0119gniarka w dniach : [&hellip;]<\/p>\n","protected":false},"author":1,"featured_media":0,"parent":0,"menu_order":0,"comment_status":"closed","ping_status":"closed","template":"","meta":[],"_links":{"self":[{"href":"https:\/\/osm.stage.dige.com.pl\/index.php?rest_route=\/wp\/v2\/pages\/292"}],"collection":[{"href":"https:\/\/osm.stage.dige.com.pl\/index.php?rest_route=\/wp\/v2\/pages"}],"about":[{"href":"https:\/\/osm.stage.dige.com.pl\/index.php?rest_route=\/wp\/v2\/types\/page"}],"author":[{"embeddable":true,"href":"https:\/\/osm.stage.dige.com.pl\/index.php?rest_route=\/wp\/v2\/users\/1"}],"replies":[{"embeddable":true,"href":"https:\/\/osm.stage.dige.com.pl\/index.php?rest_route=%2Fwp%2Fv2%2Fcomments&post=292"}],"version-history":[{"count":2,"href":"https:\/\/osm.stage.dige.com.pl\/index.php?rest_route=\/wp\/v2\/pages\/292\/revisions"}],"predecessor-version":[{"id":1539,"href":"https:\/\/osm.stage.dige.com.pl\/index.php?rest_route=\/wp\/v2\/pages\/292\/revisions\/1539"}],"wp:attachment":[{"href":"https:\/\/osm.stage.dige.com.pl\/index.php?rest_route=%2Fwp%2Fv2%2Fmedia&parent=292"}],"curies":[{"name":"wp","href":"https:\/\/api.w.org\/{rel}","templated":true}]}}