{"id":42,"date":"2022-05-22T20:03:17","date_gmt":"2022-05-22T18:03:17","guid":{"rendered":"https:\/\/osm.stage.dige.com.pl\/?page_id=42"},"modified":"2023-04-03T10:05:43","modified_gmt":"2023-04-03T08:05:43","slug":"dyrekcja","status":"publish","type":"page","link":"https:\/\/osm.stage.dige.com.pl\/?page_id=42","title":{"rendered":"Dyrekcja"},"content":{"rendered":"\n<p class=\"has-text-align-center\" style=\"text-transform:capitalize\"><strong>&nbsp;Dyrektor&nbsp;<\/strong><\/p>\n\n\n\n<p class=\"has-text-align-center\" style=\"text-transform:capitalize\"><strong>Og\u00f3lnokszta\u0142c\u0105cej Szko\u0142y Muzycznej I stopnia <\/strong><\/p>\n\n\n\n<p class=\"has-text-align-center\" style=\"text-transform:capitalize\">&nbsp;<strong>&nbsp;Jolanta Sapiecha&nbsp;<\/strong><\/p>\n\n\n\n<p class=\"has-text-align-center\">&nbsp;<a href=\"mailto:jolanta.sapiecha@osm.szczecin.pl\">Jolanta.Sapiecha@osm.szczecin.pl<\/a><\/p>\n\n\n\n<hr class=\"wp-block-separator has-alpha-channel-opacity is-style-dots\"\/>\n\n\n\n<div class=\"wp-container-3 wp-block-columns\">\n<div class=\"wp-container-1 wp-block-column\">\n<p class=\"has-text-align-center\"><strong>Wicedyrektor pionu og\u00f3lnokszta\u0142c\u0105cego<\/strong><\/p>\n\n\n\n<p class=\"has-text-align-center\"><strong>&nbsp;&nbsp;Katarzyna Wierci\u0144ska<\/strong>&nbsp;<\/p>\n\n\n\n<p class=\"has-text-align-center\"><a href=\"mailto:katarzyna.wiercinska@osm.szczecin.pl\">Katarzyna.Wiercinska@osm.szczecin.pl<\/a><\/p>\n<\/div>\n\n\n\n<div class=\"wp-container-2 wp-block-column\">\n<p class=\"has-text-align-center\"><strong>&nbsp;Wicedyrektor pionu muzycznego&nbsp;<\/strong><\/p>\n\n\n\n<p class=\"has-text-align-center\">&nbsp;<strong>Katarzyna Ganczarska<\/strong>&nbsp; <\/p>\n\n\n\n<p class=\"has-text-align-center\"><a href=\"mailto:katarzyna.ganczarska@osm.szczecin.pl\">Katarzyna.Ganczarska@osm.szczecin.pl<\/a><\/p>\n<\/div>\n<\/div>\n\n\n\n<hr class=\"wp-block-separator has-alpha-channel-opacity\"\/>\n\n\n\n<p class=\"has-text-align-center\"><strong>Kierownicy Sekcji :<\/strong><\/p>\n\n\n\n<div class=\"wp-container-10 wp-block-group\"><div class=\"wp-block-group__inner-container\">\n<div class=\"wp-container-9 wp-block-columns\">\n<div class=\"wp-container-4 wp-block-column is-vertically-aligned-top\" style=\"flex-basis:20%\"><div class=\"wp-block-image is-style-rounded\">\n<figure class=\"aligncenter size-full is-resized\"><img loading=\"lazy\" src=\"http:\/\/osm.stage.dige.com.pl\/wp-content\/uploads\/2022\/10\/image.png\" alt=\"\" class=\"wp-image-764\" width=\"150\" height=\"150\"\/><figcaption><sup>SEKCJA FORTEPIANU <br>I HARFY <br>ANNA GAJEWSKA<\/sup><\/figcaption><\/figure><\/div><\/div>\n\n\n\n<div class=\"wp-container-5 wp-block-column\"><\/div>\n\n\n\n<div class=\"wp-container-6 wp-block-column is-vertically-aligned-top\" style=\"flex-basis:20%\"><div class=\"wp-block-image is-style-rounded\">\n<figure class=\"aligncenter size-full is-resized\"><img loading=\"lazy\" src=\"http:\/\/osm.stage.dige.com.pl\/wp-content\/uploads\/2022\/05\/soundsation-vspce-44.jpg\" alt=\"\" class=\"wp-image-38\" width=\"142\" height=\"142\"\/><figcaption><sup>SEKCJA INSTRUMENT\u00d3W SMYCZKOWYCH I GITARY <\/sup><br><sup>DOROTA KUDOWSKA-TARA\u0141A<\/sup><\/figcaption><\/figure><\/div><\/div>\n\n\n\n<div class=\"wp-container-7 wp-block-column\"><\/div>\n\n\n\n<div class=\"wp-container-8 wp-block-column is-vertically-aligned-top\" style=\"flex-basis:20%\"><div class=\"wp-block-image is-style-rounded\">\n<figure class=\"aligncenter size-full is-resized\"><img loading=\"lazy\" src=\"http:\/\/osm.stage.dige.com.pl\/wp-content\/uploads\/2022\/05\/flet-shutterstock_1713024351.jpg\" alt=\"\" class=\"wp-image-39\" width=\"150\" height=\"150\"\/><figcaption><sup>SEKCJA D\u0118TA, PERKUSJI <br>I AKORDEONU <br>EL\u017bBIETA PODLESNY-G\u0141OWACKA<\/sup><\/figcaption><\/figure><\/div><\/div>\n<\/div>\n<\/div><\/div>\n\n\n\n<hr class=\"wp-block-separator has-alpha-channel-opacity\"\/>\n","protected":false},"excerpt":{"rendered":"<p>&nbsp;Dyrektor&nbsp; Og\u00f3lnokszta\u0142c\u0105cej Szko\u0142y Muzycznej I stopnia &nbsp;&nbsp;Jolanta Sapiecha&nbsp; &nbsp;Jolanta.Sapiecha@osm.szczecin.pl Wicedyrektor pionu og\u00f3lnokszta\u0142c\u0105cego &nbsp;&nbsp;Katarzyna Wierci\u0144ska&nbsp; Katarzyna.Wiercinska@osm.szczecin.pl &nbsp;Wicedyrektor pionu muzycznego&nbsp; &nbsp;Katarzyna Ganczarska&nbsp; Katarzyna.Ganczarska@osm.szczecin.pl Kierownicy Sekcji :<\/p>\n","protected":false},"author":1,"featured_media":0,"parent":0,"menu_order":0,"comment_status":"closed","ping_status":"closed","template":"","meta":[],"_links":{"self":[{"href":"https:\/\/osm.stage.dige.com.pl\/index.php?rest_route=\/wp\/v2\/pages\/42"}],"collection":[{"href":"https:\/\/osm.stage.dige.com.pl\/index.php?rest_route=\/wp\/v2\/pages"}],"about":[{"href":"https:\/\/osm.stage.dige.com.pl\/index.php?rest_route=\/wp\/v2\/types\/page"}],"author":[{"embeddable":true,"href":"https:\/\/osm.stage.dige.com.pl\/index.php?rest_route=\/wp\/v2\/users\/1"}],"replies":[{"embeddable":true,"href":"https:\/\/osm.stage.dige.com.pl\/index.php?rest_route=%2Fwp%2Fv2%2Fcomments&post=42"}],"version-history":[{"count":45,"href":"https:\/\/osm.stage.dige.com.pl\/index.php?rest_route=\/wp\/v2\/pages\/42\/revisions"}],"predecessor-version":[{"id":1262,"href":"https:\/\/osm.stage.dige.com.pl\/index.php?rest_route=\/wp\/v2\/pages\/42\/revisions\/1262"}],"wp:attachment":[{"href":"https:\/\/osm.stage.dige.com.pl\/index.php?rest_route=%2Fwp%2Fv2%2Fmedia&parent=42"}],"curies":[{"name":"wp","href":"https:\/\/api.w.org\/{rel}","templated":true}]}}