{"id":50,"date":"2022-05-22T20:07:07","date_gmt":"2022-05-22T18:07:07","guid":{"rendered":"https:\/\/osm.stage.dige.com.pl\/?page_id=50"},"modified":"2022-10-01T20:37:32","modified_gmt":"2022-10-01T18:37:32","slug":"dokumenty","status":"publish","type":"page","link":"https:\/\/osm.stage.dige.com.pl\/?page_id=50","title":{"rendered":"Dokumenty"},"content":{"rendered":"\n<p class=\"has-text-align-center has-background\" style=\"background-color:#f4efef\"><a href=\"https:\/\/www.osm.szczecin.pl\/images\/PDF\/Statut_OSM_I_st_compressed_1_compressed_1-skompresowany.pdf\">Statut Og\u00f3lnokszta\u0142c\u0105cej Szko\u0142y Muzycznej I st.<\/a><\/p>\n\n\n\n<p class=\"has-text-align-center\"><\/p>\n\n\n\n<p class=\"has-text-align-center has-background\" style=\"background-color:#e6e5e5\"><a rel=\"noreferrer noopener\" href=\"http:\/\/osm.stage.dige.com.pl\/wp-content\/uploads\/2022\/10\/program_wych_-prof_osm.pdf\" target=\"_blank\">Szkolny program wychowawczo-profilaktyczny<\/a><\/p>\n\n\n\n<p><\/p>\n\n\n\n<p class=\"has-text-align-center has-background\" style=\"background-color:#e9eaea\"><a href=\"https:\/\/www.osm.szczecin.pl\/nasza-szkola\/dokumenty\/2285-wniosek-do-swietlicy\">Wniosek zg\u0142oszenia dziecka do \u015bwietlicy<\/a><\/p>\n\n\n\n<p><\/p>\n\n\n\n<p class=\"has-text-align-center has-background\" style=\"background-color:#e7e7e7\"><a href=\"http:\/\/Procedury kszta\u0142cenia zdalnego - aktualno\u015bcihttps:\/\/www.osm.szczecin.pl\/images\/Procedura_ksztacenia_zdalnego_1.pdf\">Procedury kszta\u0142cenia zdalnego<\/a><\/p>\n\n\n\n<p><\/p>\n\n\n\n<p class=\"has-text-align-center has-background\" style=\"background-color:#e5e5e5\"><a href=\"https:\/\/www.osm.szczecin.pl\/images\/Zasady_pracy_w_aplikacji_Teams.pdf\">Zasady pracy w aplikacji Teams w Og\u00f3lnokszta\u0142c\u0105cej Szkole Muzycznej I st. w Szczecinie.\u00a0<\/a><\/p>\n","protected":false},"excerpt":{"rendered":"<p>Statut Og\u00f3lnokszta\u0142c\u0105cej Szko\u0142y Muzycznej I st. Szkolny program wychowawczo-profilaktyczny Wniosek zg\u0142oszenia dziecka do \u015bwietlicy Procedury kszta\u0142cenia zdalnego Zasady pracy w aplikacji Teams w Og\u00f3lnokszta\u0142c\u0105cej Szkole Muzycznej I st. w Szczecinie.\u00a0<\/p>\n","protected":false},"author":1,"featured_media":0,"parent":0,"menu_order":0,"comment_status":"closed","ping_status":"closed","template":"","meta":[],"_links":{"self":[{"href":"https:\/\/osm.stage.dige.com.pl\/index.php?rest_route=\/wp\/v2\/pages\/50"}],"collection":[{"href":"https:\/\/osm.stage.dige.com.pl\/index.php?rest_route=\/wp\/v2\/pages"}],"about":[{"href":"https:\/\/osm.stage.dige.com.pl\/index.php?rest_route=\/wp\/v2\/types\/page"}],"author":[{"embeddable":true,"href":"https:\/\/osm.stage.dige.com.pl\/index.php?rest_route=\/wp\/v2\/users\/1"}],"replies":[{"embeddable":true,"href":"https:\/\/osm.stage.dige.com.pl\/index.php?rest_route=%2Fwp%2Fv2%2Fcomments&post=50"}],"version-history":[{"count":7,"href":"https:\/\/osm.stage.dige.com.pl\/index.php?rest_route=\/wp\/v2\/pages\/50\/revisions"}],"predecessor-version":[{"id":901,"href":"https:\/\/osm.stage.dige.com.pl\/index.php?rest_route=\/wp\/v2\/pages\/50\/revisions\/901"}],"wp:attachment":[{"href":"https:\/\/osm.stage.dige.com.pl\/index.php?rest_route=%2Fwp%2Fv2%2Fmedia&parent=50"}],"curies":[{"name":"wp","href":"https:\/\/api.w.org\/{rel}","templated":true}]}}