{"id":60,"date":"2022-05-22T20:53:47","date_gmt":"2022-05-22T18:53:47","guid":{"rendered":"https:\/\/osm.stage.dige.com.pl\/?page_id=60"},"modified":"2023-06-14T23:36:48","modified_gmt":"2023-06-14T21:36:48","slug":"swietlica","status":"publish","type":"page","link":"https:\/\/osm.stage.dige.com.pl\/?page_id=60","title":{"rendered":"\u015awietlica"},"content":{"rendered":"<ul class=\"wp-block-latest-posts__list has-author wp-block-latest-posts\"><li><div class=\"wp-block-latest-posts__featured-image alignleft\"><img width=\"150\" height=\"117\" src=\"https:\/\/osm.stage.dige.com.pl\/wp-content\/uploads\/2023\/08\/7.png\" class=\"attachment-thumbnail size-thumbnail wp-post-image\" alt=\"\" loading=\"lazy\" style=\"max-width:340px;max-height:150px;\" \/><\/div><a class=\"wp-block-latest-posts__post-title\" href=\"https:\/\/osm.stage.dige.com.pl\/?p=1472\">Praca \u015bwietlicy szkolnej w roku 2023\/2024<\/a><div class=\"wp-block-latest-posts__post-author\">przez osm_admin<\/div><div class=\"wp-block-latest-posts__post-excerpt\">\u015awietlica szkolna czynna jest od poniedzia\u0142ku do pi\u0105tku w godzinach: 6:30 -18:30. Przy zg\u0142oszeniu dziecka do \u015bwietlicy prosimy o dostarczenie wniosku o przyj\u0119cie do \u015bwietlicy.&nbsp; Sk\u0142adka za semestr wynosi 40z\u0142 ( za rok 80z\u0142) Wniosek [&hellip;]<\/div><\/li>\n<li><a class=\"wp-block-latest-posts__post-title\" href=\"https:\/\/osm.stage.dige.com.pl\/?p=1400\">&#8222;Gramy Zmys\u0142ami&#8221; w \u015bwietlicy<\/a><div class=\"wp-block-latest-posts__post-author\">przez osm_admin<\/div><div class=\"wp-block-latest-posts__post-excerpt\">W bie\u017c\u0105cym roku szkolnym 2022\/2023 w naszej szkole realizowany by\u0142 w formie innowacji programowo-metodycznej Og\u00f3lnopolski Projekt Edukacyjny &#8222;Gramy Zmys\u0142ami&#8221;. Zadania projektowe wykonywane by\u0142y podczas zaj\u0119\u0107 w \u015bwietlicy szkolnej przez klas\u0119 2a. Koordynatorem projektu by\u0142a p.Marzena [&hellip;]<\/div><\/li>\n<li><a class=\"wp-block-latest-posts__post-title\" href=\"https:\/\/osm.stage.dige.com.pl\/?p=1408\">Ostatnie zadanie i zako\u0144czenie realizacji Innowacji Pedagogicznej \u201eEuropa i ja \u2013 Dania\u201d<\/a><div class=\"wp-block-latest-posts__post-author\">przez osm_admin<\/div><div class=\"wp-block-latest-posts__post-excerpt\">Ostatnie dziesi\u0105te zadanie Innowacji Pedagogicznej\u201d Europa i ja \u2013 Dania\u201d, kt\u00f3re wykona\u0142a pomys\u0142odawczyni i realizatorka Bogumi\u0142a Ananicz, brzmia\u0142o: Muzyka w Danii. W tym temacie zdecydowali\u015bmy si\u0119 na taniec ludowy, kt\u00f3ry jest popularny w tym kraju [&hellip;]<\/div><\/li>\n<li><a class=\"wp-block-latest-posts__post-title\" href=\"https:\/\/osm.stage.dige.com.pl\/?p=1404\">KONKURS RECYTATORSKI DLA KLAS 1 pt. \u201eM\u00d3J ULUBIONY WIERSZ POLSKIEGO POETY\u201d<\/a><div class=\"wp-block-latest-posts__post-author\">przez osm_admin<\/div><div class=\"wp-block-latest-posts__post-excerpt\">Zapraszamy wszystkich ch\u0119tnych uczni\u00f3w klas 1 do wzi\u0119cia udzia\u0142u w konkursie recytatorskim pt. \u201eM\u00f3j ulubiony wiersz polskiego poety\u201d. Konkurs odb\u0119dzie si\u0119 dnia 7 czerwca br. o godz. 11.00 w sali nr 3 (\u015bwietlica gr. starszej). [&hellip;]<\/div><\/li>\n<li><a class=\"wp-block-latest-posts__post-title\" href=\"https:\/\/osm.stage.dige.com.pl\/?p=1402\">Dzie\u0144 Mamy i Taty &#8211; wyniki konkursu<\/a><div class=\"wp-block-latest-posts__post-author\">przez osm_admin<\/div><div class=\"wp-block-latest-posts__post-excerpt\">W \u015bwietlicy szkolnej odby\u0142 si\u0119 konkurs na najpi\u0119kniejsz\u0105 laurk\u0119 dla Mamy i Taty. Komisja&nbsp; mia\u0142a k\u0142opot z wyborem prac, poniewa\u017c wp\u0142yn\u0119\u0142o ich bardzo du\u017co, a ka\u017cda by\u0142a inna i pomyslowa. Oto wyr\u00f3\u017cnione prace:&nbsp; Klasa I:&nbsp; [&hellip;]<\/div><\/li>\n<li><div class=\"wp-block-latest-posts__featured-image alignleft\"><img width=\"150\" height=\"113\" src=\"https:\/\/osm.stage.dige.com.pl\/wp-content\/uploads\/2022\/11\/313785415_863161351510444_5768870839312796375_n.jpg\" class=\"attachment-thumbnail size-thumbnail wp-post-image\" alt=\"\" loading=\"lazy\" style=\"max-width:340px;max-height:150px;\" \/><\/div><a class=\"wp-block-latest-posts__post-title\" href=\"https:\/\/osm.stage.dige.com.pl\/?p=1137\">Konkurs plastyczny &#8222;Jesienny pejza\u017c z dar\u00f3w natury&#8221; &#8211; rozstrzygni\u0119ty<\/a><div class=\"wp-block-latest-posts__post-author\">przez osm_admin<\/div><div class=\"wp-block-latest-posts__post-excerpt\">Uczniowie korzystaj\u0105cy ze \u015bwietlicy szkolnej wzi\u0119li licznie udzia\u0142 w tworzeniu pejza\u017cy jesiennych, z wykorzystaniem materia\u0142\u00f3w naturalnych, kt\u00f3re oferuje nam jesienny park lub ogr\u00f3d. Uczniowie wykazali si\u0119 du\u017c\u0105 pomys\u0142owo\u015bci\u0105 i do wykonania prac wykorzystali kolorowe li\u015bcie, [&hellip;]<\/div><\/li>\n<li><a class=\"wp-block-latest-posts__post-title\" href=\"https:\/\/osm.stage.dige.com.pl\/?p=1134\">Pejza\u017c z dar\u00f3w natury<\/a><div class=\"wp-block-latest-posts__post-author\">przez osm_admin<\/div><div class=\"wp-block-latest-posts__post-excerpt\">Konkurs \u015bwietlicowy &#8222;Pejza\u017c z dar\u00f3w natury&#8221; &#8211; wyniki:&nbsp;Dwa pierwsze miejsca to: Irena Paku\u0142a kl. 1a, Antoni Gojlik 2b. Drugie miejsce to: Weronika Adamek kl. 2b. Amelia Gierszewska kl. 2a. Marysia Ostrowska kl. 2a. Matylda P\u00f3\u0142torak, [&hellip;]<\/div><\/li>\n<li><a class=\"wp-block-latest-posts__post-title\" href=\"https:\/\/osm.stage.dige.com.pl\/?p=1094\">Konkurs z okazji Dnia Edukacji Narodowej<\/a><div class=\"wp-block-latest-posts__post-author\">przez osm_admin<\/div><div class=\"wp-block-latest-posts__post-excerpt\">Z okazji Dnia Edukacji Narodowej w \u015bwietlicy szkolnej odby\u0142 si\u0119 konkurs plastyczny na najpi\u0119kniejsz\u0105 laurk\u0119&nbsp; (portret) dla nauczyciela. W kategorii portret I miejsce zaj\u0119\u0142a Michalina Podg\u00f3rna kl. 2c oraz Zofia Nowakowska kl. 3b. II miejsce [&hellip;]<\/div><\/li>\n<li><a class=\"wp-block-latest-posts__post-title\" href=\"https:\/\/osm.stage.dige.com.pl\/?p=1069\">Gramy zmys\u0142ami &#8211; projekt edukacyjny<\/a><div class=\"wp-block-latest-posts__post-author\">przez osm_admin<\/div><div class=\"wp-block-latest-posts__post-excerpt\">W pa\u017adzierniku na zaj\u0119ciach w \u015bwietlicy szkolnej wystartowa\u0142 projekt edukacyjny &#8222;Gramy zmys\u0142ami&#8221;. Pierwsze zadanie &#8211; pa\u017adziernikowy spacer wykonane. Uczniowie wraz z nauczycielem wykonali \u015bcie\u017ck\u0119 sensoryczn\u0105. Z zebranych dar\u00f3w jesieni wykonywali pi\u0119kne prace plastyczno-techniczne.&nbsp;<\/div><\/li>\n<li><a class=\"wp-block-latest-posts__post-title\" href=\"https:\/\/osm.stage.dige.com.pl\/?p=1064\">Wakacyjne wspomnienia<\/a><div class=\"wp-block-latest-posts__post-author\">przez osm_admin<\/div><div class=\"wp-block-latest-posts__post-excerpt\">W \u015bwietlicy 29 wrze\u015bnia zosta\u0142 rozstrzygni\u0119ty konkurs plastyczny na najciekawsz\u0105 prac\u0119 przedstawiaj\u0105c\u0105 ulubione miejsca letniego wypoczynku naszych uczni\u00f3w. Uczestnicy konkursu zastosowali r\u00f3\u017cnorodne techniki plastyczne, maluj\u0105c b\u0105d\u017a obraz na p\u0142\u00f3tnie, b\u0105d\u017a tworz\u0105c prac\u0119 przestrzenn\u0105, wykorzystuj\u0105c&nbsp; dary [&hellip;]<\/div><\/li>\n<li><a class=\"wp-block-latest-posts__post-title\" href=\"https:\/\/osm.stage.dige.com.pl\/?p=1061\">Europa i ja &#8211; innowacja w \u015bwietlicy<\/a><div class=\"wp-block-latest-posts__post-author\">przez osm_admin<\/div><div class=\"wp-block-latest-posts__post-excerpt\">Og\u00f3lnopolski Projekt Edukacyjny \u201eEuropa i ja\u201d II edycja.&nbsp; Cele Projektu: \u00b7 przybli\u017cenie dzieciom w wieku przedszkolnym i uczniom szk\u00f3\u0142 podstawowych wiedzy na temat kraj\u00f3w znajduj\u0105cych si\u0119 w Europie, \u00b7 zdobywanie nowych do\u015bwiadcze\u0144 i rozwijanie zainteresowa\u0144 [&hellip;]<\/div><\/li>\n<li><a class=\"wp-block-latest-posts__post-title\" href=\"https:\/\/osm.stage.dige.com.pl\/?p=102\">\u015awi\u0119to Niepodleg\u0142o\u015bci<\/a><div class=\"wp-block-latest-posts__post-author\">przez osm_admin<\/div><div class=\"wp-block-latest-posts__post-excerpt\">&#8222;Barwy ojczyste&#8221; Powiewa flaga, gdy wiatr si\u0119 zerwie. A na tej fladze biel i czerwie\u0144. Czerwie\u0144 to mi\u0142o\u015b\u0107, biel &#8211; serce czyste. Pi\u0119kne s\u0105 nasze barwy ojczyste. Czes\u0142aw Janczarski<\/div><\/li>\n<li><div class=\"wp-block-latest-posts__featured-image alignleft\"><img width=\"150\" height=\"100\" src=\"https:\/\/osm.stage.dige.com.pl\/wp-content\/uploads\/2022\/05\/Projekt-bez-tytuu-3.png\" class=\"attachment-thumbnail size-thumbnail wp-post-image\" alt=\"\" loading=\"lazy\" style=\"max-width:340px;max-height:150px;\" \/><\/div><a class=\"wp-block-latest-posts__post-title\" href=\"https:\/\/osm.stage.dige.com.pl\/?p=99\">Jesienne inspiracje &#8211; stroikowy zawr\u00f3t g\u0142owy<\/a><div class=\"wp-block-latest-posts__post-author\">przez osm_admin<\/div><div class=\"wp-block-latest-posts__post-excerpt\">Zapraszamy uczni\u00f3w klas 1-3 wraz z rodzicami do wzi\u0119cia udzia\u0142u w konkursie plastycznym pn. \u201eNajciekawszy stroik jesienny z dyni\u0105 w roli g\u0142\u00f3wnej\u201d. G\u0142\u00f3wnym celem konkursu jest wykonanie pracy wsp\u00f3lnie z rodzicami, by mi\u0142o i kreatywnie [&hellip;]<\/div><\/li>\n<li><a class=\"wp-block-latest-posts__post-title\" href=\"https:\/\/osm.stage.dige.com.pl\/?p=94\">\u201eKiedy my\u015bl\u0119 \u2013 Ojczyzna\u201d wyniki konkursu recytatorskiego dla klas 3<\/a><div class=\"wp-block-latest-posts__post-author\">przez osm_admin<\/div><div class=\"wp-block-latest-posts__post-excerpt\">24 listopada br. z okazji rocznicy \u015awi\u0119ta Niepodleg\u0142o\u015bci w naszej szkole odby\u0142 si\u0119 konkurs recytatorski dla klas 3. My\u015bl\u0105 przewodni\u0105 konkursu by\u0142y s\u0142owa Jana Paw\u0142a II \u2013 \u201eKiedy my\u015bl\u0119 Ojczyzna\u201d. Zwyci\u0119\u017cczyniami zosta\u0142y uczennice, kt\u00f3re rewelacyjnie [&hellip;]<\/div><\/li>\n<li><a class=\"wp-block-latest-posts__post-title\" href=\"https:\/\/osm.stage.dige.com.pl\/?p=85\">Konkurs plastyczny pod nazw\u0105 \u201eNajciekawszy stroik jesienny z dyni\u0105 w roli g\u0142\u00f3wnej\u201d &#8211; rozstrzygni\u0119ty.<\/a><div class=\"wp-block-latest-posts__post-author\">przez osm_admin<\/div><div class=\"wp-block-latest-posts__post-excerpt\">29 listopada br. w naszej szkole zosta\u0142 rozstrzygni\u0119ty konkurs plastyczny dla klas 1-3 pod nazw\u0105 \u201eJesienny stroik z dyni\u0105 w roli g\u0142\u00f3wnej\u201d. Wszystkie prace by\u0142y wykonane na bardzo wysokim poziomie. Uczniowie i ich rodzice wykazali [&hellip;]<\/div><\/li>\n<li><a class=\"wp-block-latest-posts__post-title\" href=\"https:\/\/osm.stage.dige.com.pl\/?p=83\">Charytatywny Kiermasz Wielkanocny<\/a><div class=\"wp-block-latest-posts__post-author\">przez osm_admin<\/div><div class=\"wp-block-latest-posts__post-excerpt\">Od poniedzia\u0142ku\u00a014.03.2022\u00a0roku rozpocznie si\u0119\u00a0Charytatywny Kiermasz Wielkanocny\u00a0organizowany przez nauczycieli \u015bwietlicy. Podczas kiermaszu b\u0119dzie mo\u017cna naby\u0107 kwiaty, ozdoby, kartki \u015bwi\u0105teczne, pisanki itp.\u00a0Serdecznie zapraszamy!<\/div><\/li>\n<li><div class=\"wp-block-latest-posts__featured-image alignleft\"><img width=\"150\" height=\"150\" src=\"https:\/\/osm.stage.dige.com.pl\/wp-content\/uploads\/2022\/05\/konkursrecytatmaj.jpg\" class=\"attachment-thumbnail size-thumbnail wp-post-image\" alt=\"\" loading=\"lazy\" style=\"max-width:340px;max-height:150px;\" \/><\/div><a class=\"wp-block-latest-posts__post-title\" href=\"https:\/\/osm.stage.dige.com.pl\/?p=80\">KONKURS RECYTATORSKI DLA KLAS 2 pt. \u201eIdzie wiosna polem, lasem.\u201d<\/a><div class=\"wp-block-latest-posts__post-author\">przez osm_admin<\/div><div class=\"wp-block-latest-posts__post-excerpt\">KONKURS RECYTATORSKI DLA KLAS 2 pt. \u201eIdzie wiosna polem, lasem. \u201dZapraszamy ch\u0119tnych uczni\u00f3w klas 2 do wzi\u0119cia udzia\u0142u w konkursie recytatorskim pt. \u201eIdzie wiosna lasem, polem\u201d. KONKURS ODB\u0118DZIE SI\u0118 30 MARCA (\u015broda) br. O GODZ. [&hellip;]<\/div><\/li>\n<li><div class=\"wp-block-latest-posts__featured-image alignleft\"><img width=\"107\" height=\"150\" src=\"https:\/\/osm.stage.dige.com.pl\/wp-content\/uploads\/2022\/05\/191816876_540799383995020_8396365219165019246_n.jpg\" class=\"attachment-thumbnail size-thumbnail wp-post-image\" alt=\"\" loading=\"lazy\" style=\"max-width:340px;max-height:150px;\" \/><\/div><a class=\"wp-block-latest-posts__post-title\" href=\"https:\/\/osm.stage.dige.com.pl\/?p=77\">Wiosenny konkurs plastyczny dla klas 1 \u2013 3<\/a><div class=\"wp-block-latest-posts__post-author\">przez osm_admin<\/div><div class=\"wp-block-latest-posts__post-excerpt\">Zapraszamy uczni\u00f3w klas 1 \u2013 3 wraz z rodzicami do wzi\u0119cia udzia\u0142u w wiosennym konkursie plastycznym pn.\u00a0Najciekawszy stroik wiosenny.\u00a0Wykonane prace prosimy dostarczy\u0107 w dniu\u00a04 kwietnia br.\u00a0(poniedzia\u0142ek) do \u015bwietlicy szkolnej, sala nr 4, do p. Bogumi\u0142y [&hellip;]<\/div><\/li>\n<li><a class=\"wp-block-latest-posts__post-title\" href=\"https:\/\/osm.stage.dige.com.pl\/?p=75\">Wyniki konkursu recytatorskiego dla klas 2 pt. \u201eIdzie wiosna polem, lasem\u201d<\/a><div class=\"wp-block-latest-posts__post-author\">przez osm_admin<\/div><div class=\"wp-block-latest-posts__post-excerpt\">Wyniki konkursu recytatorskiego dla klas 2 pt. \u201eIdzie wiosna polem, lasem\u201d\u2026\u201dDzisiaj rano niespodzianie zapuka\u0142a do mych drzwi,Wcze\u015bniej ni\u017c oczekiwa\u0142em przysz\u0142y te cieplejsze dni,Zdj\u0105\u0142em z niej zmokni\u0119te palto, posadzi\u0142em vi0s a vis,Zapachnia\u0142o, zaja\u015bnia\u0142o, wiosna, ach to [&hellip;]<\/div><\/li>\n<li><a class=\"wp-block-latest-posts__post-title\" href=\"https:\/\/osm.stage.dige.com.pl\/?p=73\">\u201eNajciekawszy stroik wiosenny\u201d &#8211; wyniki 2022<\/a><div class=\"wp-block-latest-posts__post-author\">przez osm_admin<\/div><div class=\"wp-block-latest-posts__post-excerpt\">Rozstrzygni\u0119cie konkursu plastycznego z cyklu Wiosenne inspiracje dla klas 1 \u2013 3 pn. \u201eNajciekawszy stroik wiosenny\u201d4 kwietnia br. nast\u0105pi\u0142o rozstrzygni\u0119cie konkursu plastycznego dla uczni\u00f3w klas 1 \u2013 3 wraz z rodzicami pn. \u201eNajciekawszy stroik wiosenny\u201d. [&hellip;]<\/div><\/li>\n<li><a class=\"wp-block-latest-posts__post-title\" href=\"https:\/\/osm.stage.dige.com.pl\/?p=71\">Konkurs Kartka \u015bwi\u0105teczna &#8211; wyniki<\/a><div class=\"wp-block-latest-posts__post-author\">przez osm_admin<\/div><div class=\"wp-block-latest-posts__post-excerpt\">W \u015bwietlicy w grupie starszej zosta\u0142 rozstrzygni\u0119ty konkurs na naj\u0142adniejsz\u0105 kartk\u0119 \u015bwi\u0105teczn\u0105 i pisank\u0119 wielkanocn\u0105. W kategorii &#8222;pisanka&#8221; przyznano 5 r\u00f3wnorz\u0119dnych nagr\u00f3d, kt\u00f3re otrzymali: Hania Wypych kl. 2c, Antek Mazurek kl. 2c, Wiktoria \u017bubrowska kl. [&hellip;]<\/div><\/li>\n<li><div class=\"wp-block-latest-posts__featured-image alignleft\"><img width=\"150\" height=\"150\" src=\"https:\/\/osm.stage.dige.com.pl\/wp-content\/uploads\/2022\/05\/dzienmatkiojca19.jpg\" class=\"attachment-thumbnail size-thumbnail wp-post-image\" alt=\"\" loading=\"lazy\" style=\"max-width:340px;max-height:150px;\" \/><\/div><a class=\"wp-block-latest-posts__post-title\" href=\"https:\/\/osm.stage.dige.com.pl\/?p=66\">MI\u0118DZYSZKOLNY KONKURS PLASTYCZNY \u201eBUKIETY, BUKIECIKI\u201d DLA UCZNI\u00d3W KLAS I-V W SZCZECINIE ROK SZKOLNY 2021\/22<\/a><div class=\"wp-block-latest-posts__post-author\">przez osm_admin<\/div><div class=\"wp-block-latest-posts__post-excerpt\">MI\u0118DZYSZKOLNY KONKURS PLASTYCZNY \u201eBUKIETY, BUKIECIKI\u201d DLA UCZNI\u00d3W KLAS I-V W SZCZECINIE ROK SZKOLNY 2021\/22ORGANIZATOR: nauczycielki \u015bwietlicy szkolnej Og\u00f3lnokszta\u0142c\u0105cej Szko\u0142y Muzycznej I stopnia w Szczecinie.\u00a0 CELE KONKURSU:&#8211; rozwijanie tw\u00f3rczej wyobra\u017ani dziecka i jego zdolno\u015bci plastycznych; &#8211; [&hellip;]<\/div><\/li>\n<li><div class=\"wp-block-latest-posts__featured-image alignleft\"><img width=\"150\" height=\"150\" src=\"https:\/\/osm.stage.dige.com.pl\/wp-content\/uploads\/2022\/05\/336-jan-brzechwa-dzieciom-mini.jpg\" class=\"attachment-thumbnail size-thumbnail wp-post-image\" alt=\"\" loading=\"lazy\" style=\"max-width:340px;max-height:150px;\" \/><\/div><a class=\"wp-block-latest-posts__post-title\" href=\"https:\/\/osm.stage.dige.com.pl\/?p=63\">JAN BRZECHWA PRZYJACIELEM DZIECI &#8211; konkurs<\/a><div class=\"wp-block-latest-posts__post-author\">przez osm_admin<\/div><div class=\"wp-block-latest-posts__post-excerpt\">Zapraszamy ch\u0119tnych uczni\u00f3w klas I do wzi\u0119cia udzia\u0142u w konkursie recytatorskim pt. \u201eJan Brzechwa przyjacielem dzieci\u201d.Konkurs odb\u0119dzie si\u0119 dnia 03 czerwca br. (pi\u0105tek) o godz. 11.00 w sali nr 3 (\u015bwietlica grupy starszej).Celem konkursu jest [&hellip;]<\/div><\/li>\n<\/ul>","protected":false},"excerpt":{"rendered":"","protected":false},"author":1,"featured_media":0,"parent":0,"menu_order":0,"comment_status":"closed","ping_status":"closed","template":"","meta":[],"_links":{"self":[{"href":"https:\/\/osm.stage.dige.com.pl\/index.php?rest_route=\/wp\/v2\/pages\/60"}],"collection":[{"href":"https:\/\/osm.stage.dige.com.pl\/index.php?rest_route=\/wp\/v2\/pages"}],"about":[{"href":"https:\/\/osm.stage.dige.com.pl\/index.php?rest_route=\/wp\/v2\/types\/page"}],"author":[{"embeddable":true,"href":"https:\/\/osm.stage.dige.com.pl\/index.php?rest_route=\/wp\/v2\/users\/1"}],"replies":[{"embeddable":true,"href":"https:\/\/osm.stage.dige.com.pl\/index.php?rest_route=%2Fwp%2Fv2%2Fcomments&post=60"}],"version-history":[{"count":9,"href":"https:\/\/osm.stage.dige.com.pl\/index.php?rest_route=\/wp\/v2\/pages\/60\/revisions"}],"predecessor-version":[{"id":1374,"href":"https:\/\/osm.stage.dige.com.pl\/index.php?rest_route=\/wp\/v2\/pages\/60\/revisions\/1374"}],"wp:attachment":[{"href":"https:\/\/osm.stage.dige.com.pl\/index.php?rest_route=%2Fwp%2Fv2%2Fmedia&parent=60"}],"curies":[{"name":"wp","href":"https:\/\/api.w.org\/{rel}","templated":true}]}}