{"id":816,"date":"2022-10-01T20:44:26","date_gmt":"2022-10-01T18:44:26","guid":{"rendered":"https:\/\/osm.stage.dige.com.pl\/?page_id=816"},"modified":"2023-11-05T11:15:27","modified_gmt":"2023-11-05T10:15:27","slug":"aktualnosci","status":"publish","type":"page","link":"https:\/\/osm.stage.dige.com.pl\/?page_id=816","title":{"rendered":"Aktualno\u015bci"},"content":{"rendered":"<ul class=\"wp-block-latest-posts__list has-dates has-author spacing  wp-block-latest-posts\"><li><div class=\"wp-block-latest-posts__featured-image alignleft\"><img width=\"150\" height=\"117\" src=\"https:\/\/osm.stage.dige.com.pl\/wp-content\/uploads\/2023\/11\/7.png\" class=\"attachment-thumbnail size-thumbnail wp-post-image\" alt=\"\" loading=\"lazy\" style=\"max-width:270px;max-height:210px;\" \/><\/div><a class=\"wp-block-latest-posts__post-title\" href=\"https:\/\/osm.stage.dige.com.pl\/?p=1577\">Z g\u0142\u0119bokim \u017calem zawiadamiamy &#8230;<\/a><div class=\"wp-block-latest-posts__post-author\">przez osm_admin<\/div><time datetime=\"2023-11-05T11:45:24+01:00\" class=\"wp-block-latest-posts__post-date\">5 listopada 2023<\/time><div class=\"wp-block-latest-posts__post-excerpt\">&#8221; Ka\u017cdy Cz\u0142owiek, nawet najskromniejszy, zostawia \u015blad po sobie, Jego \u017cycie zahacza o przesz\u0142o\u015b\u0107 i si\u0119ga w przysz\u0142o\u015b\u0107 &#8230;&#8221; Z g\u0142\u0119bokim smutkiem i \u017calem przyj\u0119li\u015bmy wiadomo\u015b\u0107 o \u015bmierci Pana [&hellip;]<\/div><\/li>\n<li><div class=\"wp-block-latest-posts__featured-image alignleft\"><img width=\"150\" height=\"117\" src=\"https:\/\/osm.stage.dige.com.pl\/wp-content\/uploads\/2023\/11\/5.png\" class=\"attachment-thumbnail size-thumbnail wp-post-image\" alt=\"\" loading=\"lazy\" style=\"max-width:270px;max-height:210px;\" \/><\/div><a class=\"wp-block-latest-posts__post-title\" href=\"https:\/\/osm.stage.dige.com.pl\/?p=1570\">Obiady listopadowe &#8211; menu<\/a><div class=\"wp-block-latest-posts__post-author\">przez osm_admin<\/div><time datetime=\"2023-11-01T11:17:00+01:00\" class=\"wp-block-latest-posts__post-date\">1 listopada 2023<\/time><div class=\"wp-block-latest-posts__post-excerpt\">Menu listopadowe : 2-30.11.2023 (plik do pobrania)<\/div><\/li>\n<li><div class=\"wp-block-latest-posts__featured-image alignleft\"><img width=\"150\" height=\"117\" src=\"https:\/\/osm.stage.dige.com.pl\/wp-content\/uploads\/2023\/11\/6.png\" class=\"attachment-thumbnail size-thumbnail wp-post-image\" alt=\"\" loading=\"lazy\" style=\"max-width:270px;max-height:210px;\" \/><\/div><a class=\"wp-block-latest-posts__post-title\" href=\"https:\/\/osm.stage.dige.com.pl\/?p=1556\">Wymiana polsko-niemiecka<\/a><div class=\"wp-block-latest-posts__post-author\">przez osm_admin<\/div><time datetime=\"2023-10-12T12:46:26+02:00\" class=\"wp-block-latest-posts__post-date\">12 pa\u017adziernika 2023<\/time><div class=\"wp-block-latest-posts__post-excerpt\">Wymiana niemiecka w toku &#8221; &#8230; w pi\u0105tek uczestniczyli\u015bmy w lekcji chemii i j. angielskiego w szkole katolickiej, z kt\u00f3r\u0105 wsp\u00f3lnie organizujemy nasz projekt. Nast\u0119pnie wyruszyli\u015bmy do Wolina na [&hellip;]<\/div><\/li>\n<li><div class=\"wp-block-latest-posts__featured-image alignleft\"><img width=\"150\" height=\"117\" src=\"https:\/\/osm.stage.dige.com.pl\/wp-content\/uploads\/2023\/10\/Spotkania-z-Rodzicami-5-x-4-cm-270-x-210-px-4.png\" class=\"attachment-thumbnail size-thumbnail wp-post-image\" alt=\"\" loading=\"lazy\" style=\"max-width:270px;max-height:210px;\" \/><\/div><a class=\"wp-block-latest-posts__post-title\" href=\"https:\/\/osm.stage.dige.com.pl\/?p=1550\">Obiady pa\u017adziernikowe &#8211; menu miesi\u0119czne<\/a><div class=\"wp-block-latest-posts__post-author\">przez osm_admin<\/div><time datetime=\"2023-10-04T11:17:06+02:00\" class=\"wp-block-latest-posts__post-date\">4 pa\u017adziernika 2023<\/time><div class=\"wp-block-latest-posts__post-excerpt\">Menu pa\u017adziernikowe : 2-31.10.2023 (plik do pobrania)<\/div><\/li>\n<li><div class=\"wp-block-latest-posts__featured-image alignleft\"><img width=\"150\" height=\"120\" src=\"https:\/\/osm.stage.dige.com.pl\/wp-content\/uploads\/2023\/09\/Spotkania-z-Rodzicami-5-x-4-cm.png\" class=\"attachment-thumbnail size-thumbnail wp-post-image\" alt=\"\" loading=\"lazy\" style=\"max-width:270px;max-height:210px;\" \/><\/div><a class=\"wp-block-latest-posts__post-title\" href=\"https:\/\/osm.stage.dige.com.pl\/?p=1548\">Uroczysto\u015b\u0107 Pasowania na Ucznia<\/a><div class=\"wp-block-latest-posts__post-author\">przez osm_admin<\/div><time datetime=\"2023-10-04T10:50:54+02:00\" class=\"wp-block-latest-posts__post-date\">4 pa\u017adziernika 2023<\/time><div class=\"wp-block-latest-posts__post-excerpt\">Pasowanie na Ucznia&nbsp;to jeden z wa\u017cniejszych dni w roku szkolnym. Spo\u0142eczno\u015b\u0107 szkolna przyjmuje do swego grona m\u0142odszych koleg\u00f3w i kole\u017canki. Od dzi\u015b nasze Pierwszaki s\u0105 pe\u0142noprawnymi uczniami&nbsp;Og\u00f3lnokszta\u0142c\u0105ca Szko\u0142a Muzyczna [&hellip;]<\/div><\/li>\n<li><div class=\"wp-block-latest-posts__featured-image alignleft\"><img width=\"150\" height=\"120\" src=\"https:\/\/osm.stage.dige.com.pl\/wp-content\/uploads\/2023\/09\/Spotkania-z-Rodzicami-5-x-4-cm.png\" class=\"attachment-thumbnail size-thumbnail wp-post-image\" alt=\"\" loading=\"lazy\" style=\"max-width:270px;max-height:210px;\" \/><\/div><a class=\"wp-block-latest-posts__post-title\" href=\"https:\/\/osm.stage.dige.com.pl\/?p=1536\">Zaproszenie na uroczysto\u015b\u0107 Pasowania na Ucznia.<\/a><div class=\"wp-block-latest-posts__post-author\">przez osm_admin<\/div><time datetime=\"2023-09-22T12:57:32+02:00\" class=\"wp-block-latest-posts__post-date\">22 wrze\u015bnia 2023<\/time><div class=\"wp-block-latest-posts__post-excerpt\">Serdecznie zapraszamy Rodzic\u00f3w na uroczyste\u00a0Pasowanie na Ucznia,\u00a0 kt\u00f3re odb\u0119dzie si\u0119\u00a02 pa\u017adziernika 2023 roku\u00a0o godzinie 11:00 w sali gimnastycznej. Szczeg\u00f3\u0142owe informacj\u0119 przeka\u017c\u0105 wychowawcy.<\/div><\/li>\n<li><div class=\"wp-block-latest-posts__featured-image alignleft\"><img width=\"150\" height=\"117\" src=\"https:\/\/osm.stage.dige.com.pl\/wp-content\/uploads\/2023\/09\/Spotkania-z-Rodzicami-5-x-4-cm-270-x-210-px-2.png\" class=\"attachment-thumbnail size-thumbnail wp-post-image\" alt=\"\" loading=\"lazy\" style=\"max-width:270px;max-height:210px;\" \/><\/div><a class=\"wp-block-latest-posts__post-title\" href=\"https:\/\/osm.stage.dige.com.pl\/?p=1524\">Dzie\u0144 Kropki &#8211; Postaw znaczek, a zobaczysz dok\u0105d Ci\u0119 przeniesie&#8230;<\/a><div class=\"wp-block-latest-posts__post-author\">przez osm_admin<\/div><time datetime=\"2023-09-14T12:51:51+02:00\" class=\"wp-block-latest-posts__post-date\">14 wrze\u015bnia 2023<\/time><div class=\"wp-block-latest-posts__post-excerpt\">Mi\u0119dzynarodowy Dzie\u0144 Kropki \u201eInternational Dot Day\u201d obchodzony jest 15 wrze\u015bnia. Wszystko zacz\u0119\u0142o si\u0119 od\u00a0Petera H. Reynoldsa, kt\u00f3ry napisa\u0142 ksi\u0105\u017ck\u0119\u00a0\u201eThe Dot\u201d. Przes\u0142aniem Mi\u0119dzynarodowego Dnia Kropki jest to, aby nauczyciele, opiekunowie [&hellip;]<\/div><\/li>\n<li><div class=\"wp-block-latest-posts__featured-image alignleft\"><img width=\"150\" height=\"117\" src=\"https:\/\/osm.stage.dige.com.pl\/wp-content\/uploads\/2023\/09\/Spotkania-z-Rodzicami-5-x-4-cm-270-x-210-px-1.png\" class=\"attachment-thumbnail size-thumbnail wp-post-image\" alt=\"\" loading=\"lazy\" style=\"max-width:270px;max-height:210px;\" \/><\/div><a class=\"wp-block-latest-posts__post-title\" href=\"https:\/\/osm.stage.dige.com.pl\/?p=1521\">Obiady w pa\u017adzierniku 2023 &#8211; wp\u0142aty<\/a><div class=\"wp-block-latest-posts__post-author\">przez osm_admin<\/div><time datetime=\"2023-09-14T12:14:04+02:00\" class=\"wp-block-latest-posts__post-date\">14 wrze\u015bnia 2023<\/time><div class=\"wp-block-latest-posts__post-excerpt\">Kwota za pa\u017adziernik wynosi\u00a022\u00a0dni x 7,92 z\u0142 = 174,24 z\u0142\u00a0wp\u0142aty dokonujemy w nieprzekraczalnym terminie do\u00a020.09.2023r. (termin wp\u0142at za obiady zosta\u0142 ustalony na posiedzeniu Rady Rodzic\u00f3w)\u00a0\u00a0Wp\u0142aty dokonujemy na konto szko\u0142y:\u00a094 [&hellip;]<\/div><\/li>\n<li><div class=\"wp-block-latest-posts__featured-image alignleft\"><img width=\"150\" height=\"117\" src=\"https:\/\/osm.stage.dige.com.pl\/wp-content\/uploads\/2023\/09\/Spotkania-z-Rodzicami-5-x-4-cm-270-x-210-px.png\" class=\"attachment-thumbnail size-thumbnail wp-post-image\" alt=\"\" loading=\"lazy\" style=\"max-width:270px;max-height:210px;\" \/><\/div><a class=\"wp-block-latest-posts__post-title\" href=\"https:\/\/osm.stage.dige.com.pl\/?p=1509\">Obiady wrze\u015bniowe &#8211; menu miesi\u0119czne<\/a><div class=\"wp-block-latest-posts__post-author\">przez osm_admin<\/div><time datetime=\"2023-09-06T09:50:20+02:00\" class=\"wp-block-latest-posts__post-date\">6 wrze\u015bnia 2023<\/time><div class=\"wp-block-latest-posts__post-excerpt\">Menu wrze\u015bniowe : 11-29.09.2023<\/div><\/li>\n<li><div class=\"wp-block-latest-posts__featured-image alignleft\"><img width=\"150\" height=\"117\" src=\"https:\/\/osm.stage.dige.com.pl\/wp-content\/uploads\/2023\/09\/BV.png\" class=\"attachment-thumbnail size-thumbnail wp-post-image\" alt=\"\" loading=\"lazy\" style=\"max-width:270px;max-height:210px;\" \/><\/div><a class=\"wp-block-latest-posts__post-title\" href=\"https:\/\/osm.stage.dige.com.pl\/?p=1501\">Kolorowy wrzesie\u0144 2023<\/a><div class=\"wp-block-latest-posts__post-author\">przez osm_admin<\/div><time datetime=\"2023-09-05T12:43:25+02:00\" class=\"wp-block-latest-posts__post-date\">5 wrze\u015bnia 2023<\/time><div class=\"wp-block-latest-posts__post-excerpt\">Ma\u0142a niespodzianka na rozpocz\u0119cie nowego roku szkolnego 2023\/2024 og\u0142aszamy, \u017ce wrzesie\u0144 jest miesi\u0105cem bez mundurka. Jednocze\u015bnie przypominamy o odpowiednim, szkolnym stroju. Mundurki mo\u017cna naby\u0107 w firmie BKJ ul. Malczewskiego [&hellip;]<\/div><\/li>\n<li><div class=\"wp-block-latest-posts__featured-image alignleft\"><img width=\"150\" height=\"117\" src=\"https:\/\/osm.stage.dige.com.pl\/wp-content\/uploads\/2023\/09\/2.png\" class=\"attachment-thumbnail size-thumbnail wp-post-image\" alt=\"\" loading=\"lazy\" style=\"max-width:270px;max-height:210px;\" \/><\/div><a class=\"wp-block-latest-posts__post-title\" href=\"https:\/\/osm.stage.dige.com.pl\/?p=1484\">Zapraszamy na spotkanie z rodzicami<\/a><div class=\"wp-block-latest-posts__post-author\">przez osm_admin<\/div><time datetime=\"2023-09-05T10:17:27+02:00\" class=\"wp-block-latest-posts__post-date\">5 wrze\u015bnia 2023<\/time><div class=\"wp-block-latest-posts__post-excerpt\">Szanowni Rodzice ! Dyrekcja i Nauczyciele OSM I st. serdecznie zapraszaj\u0105 wszystkich Rodzic\u00f3w na zebrania 08.09.2023 o godzinie 17:00 &#8211; harmonogram spotka\u0144 w klasach.<\/div><\/li>\n<li><div class=\"wp-block-latest-posts__featured-image alignleft\"><img width=\"150\" height=\"117\" src=\"https:\/\/osm.stage.dige.com.pl\/wp-content\/uploads\/2023\/08\/7.png\" class=\"attachment-thumbnail size-thumbnail wp-post-image\" alt=\"\" loading=\"lazy\" style=\"max-width:270px;max-height:210px;\" \/><\/div><a class=\"wp-block-latest-posts__post-title\" href=\"https:\/\/osm.stage.dige.com.pl\/?p=1472\">Praca \u015bwietlicy szkolnej w roku 2023\/2024<\/a><div class=\"wp-block-latest-posts__post-author\">przez osm_admin<\/div><time datetime=\"2023-08-31T13:47:58+02:00\" class=\"wp-block-latest-posts__post-date\">31 sierpnia 2023<\/time><div class=\"wp-block-latest-posts__post-excerpt\">\u015awietlica szkolna czynna jest od poniedzia\u0142ku do pi\u0105tku w godzinach: 6:30 -18:30. Przy zg\u0142oszeniu dziecka do \u015bwietlicy prosimy o dostarczenie wniosku o przyj\u0119cie do \u015bwietlicy.&nbsp; Sk\u0142adka za semestr wynosi [&hellip;]<\/div><\/li>\n<li><div class=\"wp-block-latest-posts__featured-image alignleft\"><img width=\"150\" height=\"104\" src=\"https:\/\/osm.stage.dige.com.pl\/wp-content\/uploads\/2022\/05\/1_DK5wMo9CvBmzzPyQdL_HZA.jpeg\" class=\"attachment-thumbnail size-thumbnail wp-post-image\" alt=\"\" loading=\"lazy\" style=\"max-width:270px;max-height:210px;\" \/><\/div><a class=\"wp-block-latest-posts__post-title\" href=\"https:\/\/osm.stage.dige.com.pl\/?p=1462\">Obiady we wrze\u015bniu 2023<\/a><div class=\"wp-block-latest-posts__post-author\">przez osm_admin<\/div><time datetime=\"2023-08-31T08:33:38+02:00\" class=\"wp-block-latest-posts__post-date\">31 sierpnia 2023<\/time><div class=\"wp-block-latest-posts__post-excerpt\">Obiady wydawane b\u0119d\u0105 od 11&nbsp;wrze\u015bnia 2023r. je\u015bli wp\u0142ata na konto szko\u0142y wp\u0142ynie do dnia 6.09.2023 Prosimy o dostarczenie&nbsp;deklaracji&nbsp;&nbsp;do dnia&nbsp;5&nbsp;wrze\u015bnia 2023 roku. Kwota za&nbsp;wrzesie\u0144&nbsp;wynosi&nbsp;118,80&nbsp;z\u0142 ( 7,92z\u0142 x 15 dni).&nbsp; Wp\u0142aty [&hellip;]<\/div><\/li>\n<li><div class=\"wp-block-latest-posts__featured-image alignleft\"><img width=\"150\" height=\"66\" src=\"https:\/\/osm.stage.dige.com.pl\/wp-content\/uploads\/2023\/08\/304815587_469696578501549_3606152485561542850_n.jpg\" class=\"attachment-thumbnail size-thumbnail wp-post-image\" alt=\"\" loading=\"lazy\" style=\"max-width:270px;max-height:210px;\" \/><\/div><a class=\"wp-block-latest-posts__post-title\" href=\"https:\/\/osm.stage.dige.com.pl\/?p=1459\">Rozpocz\u0119cie nowego roku szkolnego 2023\/2024<\/a><div class=\"wp-block-latest-posts__post-author\">przez osm_admin<\/div><time datetime=\"2023-08-22T19:51:10+02:00\" class=\"wp-block-latest-posts__post-date\">22 sierpnia 2023<\/time><div class=\"wp-block-latest-posts__post-excerpt\">&nbsp;Utworzono: 23 sierpie\u0144 2022 Drodzy Uczniowie, Szanowni Rodzice. Serdecznie zapraszamy na rozpocz\u0119cie zbli\u017caj\u0105cego si\u0119 wielkimi krokami nowego roku szkolnego 2023\/2024, kt\u00f3re odb\u0119dzie si\u0119\u00a04 wrze\u015bnia\u00a0wed\u0142ug harmonogramu:\u00a0 SALA GIMNASTYCZNA godzina 08:30 [&hellip;]<\/div><\/li>\n<li><div class=\"wp-block-latest-posts__featured-image alignleft\"><img width=\"150\" height=\"150\" src=\"https:\/\/osm.stage.dige.com.pl\/wp-content\/uploads\/2022\/05\/soundsation-vspce-44.jpg\" class=\"attachment-thumbnail size-thumbnail wp-post-image\" alt=\"\" loading=\"lazy\" style=\"max-width:270px;max-height:210px;\" \/><\/div><a class=\"wp-block-latest-posts__post-title\" href=\"https:\/\/osm.stage.dige.com.pl\/?p=181\">Magazyn instrument\u00f3w smyczkowych &#8211; informacje na rok szkolny 2023\/2024<\/a><div class=\"wp-block-latest-posts__post-author\">przez osm_admin<\/div><time datetime=\"2023-08-15T21:07:00+02:00\" class=\"wp-block-latest-posts__post-date\">15 sierpnia 2023<\/time><div class=\"wp-block-latest-posts__post-excerpt\">Drodzy Rodzice. Magazyn instrument\u00f3w smyczkowych czynny przez ca\u0142y&nbsp;wrzesie\u0144 w roku szkolnym 2023\/2024 :&nbsp; &#8211; poniedzia\u0142ek w godzinach 16:00-17:00 &#8211; \u015broda w godzinach 9:45-10:45 Potwierdzenie op\u0142aty za&nbsp; wypo\u017cyczenie\/kontynuacj\u0119 wypo\u017cyczenia instrumentu [&hellip;]<\/div><\/li>\n<li><div class=\"wp-block-latest-posts__featured-image alignleft\"><img width=\"150\" height=\"100\" src=\"https:\/\/osm.stage.dige.com.pl\/wp-content\/uploads\/2022\/05\/klarnet-mini.jpg\" class=\"attachment-thumbnail size-thumbnail wp-post-image\" alt=\"\" loading=\"lazy\" style=\"max-width:270px;max-height:210px;\" \/><\/div><a class=\"wp-block-latest-posts__post-title\" href=\"https:\/\/osm.stage.dige.com.pl\/?p=178\">Magazyn instrument\u00f3w d\u0119tych &#8211; informacje na rok szkolny 2023\/2024<\/a><div class=\"wp-block-latest-posts__post-author\">przez osm_admin<\/div><time datetime=\"2023-08-15T21:06:00+02:00\" class=\"wp-block-latest-posts__post-date\">15 sierpnia 2023<\/time><div class=\"wp-block-latest-posts__post-excerpt\">Drodzy Rodzice. Magazyn instrument\u00f3w d\u0119tych czynny przez ca\u0142y&nbsp;wrzesie\u0144 w roku szkolnym 2023\/2024 :&nbsp; &#8211; poniedzia\u0142ek w godzinach 11:30-12:30&nbsp; i&nbsp; 16:30-17:30 &#8211; wtorek w godzinach 12:00-14:00&nbsp; i 16:30-17:30 &#8211; \u015broda [&hellip;]<\/div><\/li>\n<li><a class=\"wp-block-latest-posts__post-title\" href=\"https:\/\/osm.stage.dige.com.pl\/?p=1451\">XI Og\u00f3lnopolski Konkurs Pianistyczny &#8211; sponsorzy<\/a><div class=\"wp-block-latest-posts__post-author\">przez osm_admin<\/div><time datetime=\"2023-07-31T12:59:48+02:00\" class=\"wp-block-latest-posts__post-date\">31 lipca 2023<\/time><div class=\"wp-block-latest-posts__post-excerpt\">Og\u00f3lnopolski Konkurs Pianistyczny \u201eMuzyka ilustracyjna i programowa w \u015bwiecie dziecka\u201d odb\u0119dzie si\u0119 w sobot\u0119 22.04.2023 r. Konkurs zosta\u0142 dofinansowany ze \u015brodk\u00f3w Miasta Szczecin oraz Rady Rodzic\u00f3w OSM I st. [&hellip;]<\/div><\/li>\n<li><a class=\"wp-block-latest-posts__post-title\" href=\"https:\/\/osm.stage.dige.com.pl\/?p=1448\">XI Og\u00f3lnopolski Konkurs Pianistyczny \u201eMuzyka ilustracyjna i programowa w \u015bwiecie dziecka\u201d &#8211; wyniki<\/a><div class=\"wp-block-latest-posts__post-author\">przez osm_admin<\/div><time datetime=\"2023-07-31T12:57:15+02:00\" class=\"wp-block-latest-posts__post-date\">31 lipca 2023<\/time><div class=\"wp-block-latest-posts__post-excerpt\">XI Og\u00f3lnopolski Konkurs Pianistyczny&nbsp;\u201eMuzyka ilustracyjna i programowa w \u015bwiecie dziecka\u201d&nbsp;sobota &#8211; 22.04.2023 Wyniki : GRUPA I I miejsce&nbsp;nie przyznano II miejsce&nbsp;Daria Rogowska&nbsp;ZPSM Koszalin, nauczyciel: Dorota Kury\u0142o III miejsce&nbsp;\u0141ucja Kotkowska&nbsp;ZPSM [&hellip;]<\/div><\/li>\n<li><div class=\"wp-block-latest-posts__featured-image alignleft\"><img width=\"101\" height=\"150\" src=\"https:\/\/osm.stage.dige.com.pl\/wp-content\/uploads\/2022\/05\/il_570xN1738549160_9830.jpg\" class=\"attachment-thumbnail size-thumbnail wp-post-image\" alt=\"konkurs_gitarowy\" loading=\"lazy\" style=\"max-width:270px;max-height:210px;\" \/><\/div><a class=\"wp-block-latest-posts__post-title\" href=\"https:\/\/osm.stage.dige.com.pl\/?p=1436\">XIII Og\u00f3lnopolski Wiosenny Konkurs Gitarowy &#8211; 24 &#8211; 25 marca 2023.<\/a><div class=\"wp-block-latest-posts__post-author\">przez osm_admin<\/div><time datetime=\"2023-07-28T22:49:52+02:00\" class=\"wp-block-latest-posts__post-date\">28 lipca 2023<\/time><div class=\"wp-block-latest-posts__post-excerpt\">Serdecznie zapraszamy wszystkich ch\u0119tnych do udzia\u0142u w\u00a0XIII Og\u00f3lnopolskim Wiosennym Konkursie Gitarowym, kt\u00f3ry odb\u0119dzie si\u0119 w dniach\u00a024-25 marca\u00a02023.\u00a0Do udzia\u0142u w konkursie dopuszczone zostan\u0105 osoby, kt\u00f3re do dnia 06.03.2023r. prze\u015bl\u0105 kart\u0119 [&hellip;]<\/div><\/li>\n<li><a class=\"wp-block-latest-posts__post-title\" href=\"https:\/\/osm.stage.dige.com.pl\/?p=1429\">XIII Og\u00f3lnopolski Wiosenny Konkurs Gitarowy &#8211; HARMONOGRAM<\/a><div class=\"wp-block-latest-posts__post-author\">przez osm_admin<\/div><time datetime=\"2023-07-26T14:47:56+02:00\" class=\"wp-block-latest-posts__post-date\">26 lipca 2023<\/time><div class=\"wp-block-latest-posts__post-excerpt\">Zapraszamy na&nbsp; XIII Og\u00f3lnopolski&nbsp; Wiosenny Konkurs Gitarowy,&nbsp;kt\u00f3ry&nbsp;odb\u0119dzie si\u0119&nbsp;24-25&nbsp;marca 2023.&nbsp; Harmonogram konkursu (&nbsp;plik do pobrania)<\/div><\/li>\n<\/ul>","protected":false},"excerpt":{"rendered":"","protected":false},"author":1,"featured_media":0,"parent":0,"menu_order":0,"comment_status":"closed","ping_status":"closed","template":"","meta":[],"_links":{"self":[{"href":"https:\/\/osm.stage.dige.com.pl\/index.php?rest_route=\/wp\/v2\/pages\/816"}],"collection":[{"href":"https:\/\/osm.stage.dige.com.pl\/index.php?rest_route=\/wp\/v2\/pages"}],"about":[{"href":"https:\/\/osm.stage.dige.com.pl\/index.php?rest_route=\/wp\/v2\/types\/page"}],"author":[{"embeddable":true,"href":"https:\/\/osm.stage.dige.com.pl\/index.php?rest_route=\/wp\/v2\/users\/1"}],"replies":[{"embeddable":true,"href":"https:\/\/osm.stage.dige.com.pl\/index.php?rest_route=%2Fwp%2Fv2%2Fcomments&post=816"}],"version-history":[{"count":28,"href":"https:\/\/osm.stage.dige.com.pl\/index.php?rest_route=\/wp\/v2\/pages\/816\/revisions"}],"predecessor-version":[{"id":1343,"href":"https:\/\/osm.stage.dige.com.pl\/index.php?rest_route=\/wp\/v2\/pages\/816\/revisions\/1343"}],"wp:attachment":[{"href":"https:\/\/osm.stage.dige.com.pl\/index.php?rest_route=%2Fwp%2Fv2%2Fmedia&parent=816"}],"curies":[{"name":"wp","href":"https:\/\/api.w.org\/{rel}","templated":true}]}}