{"id":863,"date":"2022-10-02T17:03:03","date_gmt":"2022-10-02T15:03:03","guid":{"rendered":"https:\/\/osm.stage.dige.com.pl\/?page_id=863"},"modified":"2023-06-14T23:34:33","modified_gmt":"2023-06-14T21:34:33","slug":"dla-uczniow","status":"publish","type":"page","link":"https:\/\/osm.stage.dige.com.pl\/?page_id=863","title":{"rendered":"DLA UCZNI\u00d3W"},"content":{"rendered":"<ul class=\"wp-block-latest-posts__list has-dates wp-block-latest-posts\"><li><a class=\"wp-block-latest-posts__post-title\" href=\"https:\/\/osm.stage.dige.com.pl\/?p=1425\">Wolontariat w ogrodzie<\/a><time datetime=\"2023-06-15T14:40:00+02:00\" class=\"wp-block-latest-posts__post-date\">15 czerwca 2023<\/time><div class=\"wp-block-latest-posts__post-excerpt\">Uczniowie naszej szko\u0142y w ramach Ko\u0142a Wolontariatu dzielnie dzia\u0142aj\u0105 w muzycznych ogrodach. Dbaj\u0105 o nowe nasadzenia, piel\u0105, podlewaj\u0105. Kwiaty rosn\u0105 i serce ro\u015bnie.\u00a0<\/div><\/li>\n<li><div class=\"wp-block-latest-posts__featured-image alignleft\"><img width=\"150\" height=\"150\" src=\"https:\/\/osm.stage.dige.com.pl\/wp-content\/uploads\/2023\/06\/Niebieski-i-Zolty-Zabawny-Dzien-Przyjazni-1.png\" class=\"attachment-thumbnail size-thumbnail wp-post-image\" alt=\"\" loading=\"lazy\" style=\"max-width:350px;max-height:150px;\" \/><\/div><a class=\"wp-block-latest-posts__post-title\" href=\"https:\/\/osm.stage.dige.com.pl\/?p=1357\">Dzie\u0144 dziecka w OSM<\/a><time datetime=\"2023-05-30T09:19:00+02:00\" class=\"wp-block-latest-posts__post-date\">30 maja 2023<\/time><div class=\"wp-block-latest-posts__post-excerpt\">W tym roku szkolnym Dzie\u0144 Dziecka \u015bwi\u0119tujemy kilka dni &#8211; klasy m\u0142odsze mia\u0142y dzie\u0144 zabaw, kreatywno\u015bci, s\u0142odko\u015bci. Samorz\u0105d Uczniowski wraz z wychowawcami klas 1-3 oraz ze wsparciem finansowym Rady Rodzic\u00f3w OSM przygotowa\u0142 wiele atrakcji : stoisko z pysznymi ciastami, stoisko z malowaniem buzi, robieniem warkoczyk\u00f3w, pierwszej pomocy&#8230; Klasy starsze b\u0119d\u0105 mia\u0142y NIESPODZIAN\u0118 w p\u00f3\u017aniejszym terminie. [&hellip;]<\/div><\/li>\n<li><a class=\"wp-block-latest-posts__post-title\" href=\"https:\/\/osm.stage.dige.com.pl\/?p=1420\">Paczuszka dla Maluszka &#8211; bo\u017conarodzeniowa akcja pomocy<\/a><time datetime=\"2023-03-29T14:38:00+02:00\" class=\"wp-block-latest-posts__post-date\">29 marca 2023<\/time><div class=\"wp-block-latest-posts__post-excerpt\">Kolejna akcja Ko\u0142a Wolontariatu &#8211; PACZUSZKA DLA MALUSZKA, zbi\u00f3rka artyku\u0142\u00f3w higienicznych, pampers\u00f3w, zabawek. Dzi\u0119kujemy za okazane serce.<\/div><\/li>\n<li><a class=\"wp-block-latest-posts__post-title\" href=\"https:\/\/osm.stage.dige.com.pl\/?p=1422\">Wolontariusze dla Hospicjum<\/a><time datetime=\"2023-03-26T14:39:00+02:00\" class=\"wp-block-latest-posts__post-date\">26 marca 2023<\/time><div class=\"wp-block-latest-posts__post-excerpt\">26 marca 2023 roku w ko\u015bciele \u015bw Andrzeja Boboli odby\u0142a si\u0119 kwesta na rzecz Hospicjum \u015bw. Jana Ewangelisty w Szczecinie. Uczniowie naszej szko\u0142y: Helena Szawracka, Alicja Bar\u0107, Joanna Szyma\u0144ska, Hanna Przypis, Marcelina Gazdowska, Natalia St\u0119pniak, Antonina Motyl, zebrali 3140z\u0142. Serdecznie dzi\u0119kujemy.<\/div><\/li>\n<li><a class=\"wp-block-latest-posts__post-title\" href=\"https:\/\/osm.stage.dige.com.pl\/?p=1102\">Szkolne Ko\u0142o Wolontariatu 2022\/2023<\/a><time datetime=\"2022-10-20T13:34:43+02:00\" class=\"wp-block-latest-posts__post-date\">20 pa\u017adziernika 2022<\/time><div class=\"wp-block-latest-posts__post-excerpt\">Serdecznie zapraszamy w szeregi Szkolnego Ko\u0142a Wolontariatu, poni\u017cej kilka informacji o zasadach, pracy i programie.\u00a0Program SKW\u00a0i\u00a0Zgoda od Rodzic\u00f3w.<\/div><\/li>\n<li><a class=\"wp-block-latest-posts__post-title\" href=\"https:\/\/osm.stage.dige.com.pl\/?p=122\">Co porabia Samorz\u0105d Uczniowski ?<\/a><time datetime=\"2022-05-22T21:31:49+02:00\" class=\"wp-block-latest-posts__post-date\">22 maja 2022<\/time><div class=\"wp-block-latest-posts__post-excerpt\">Serdecznie zapraszamy na stron\u0119 Samorz\u0105du Uczniowskiego&nbsp;[KLIK]<\/div><\/li>\n<li><div class=\"wp-block-latest-posts__featured-image alignleft\"><img width=\"107\" height=\"150\" src=\"https:\/\/osm.stage.dige.com.pl\/wp-content\/uploads\/2022\/05\/191816876_540799383995020_8396365219165019246_n-1.jpg\" class=\"attachment-thumbnail size-thumbnail wp-post-image\" alt=\"\" loading=\"lazy\" style=\"max-width:350px;max-height:150px;\" \/><\/div><a class=\"wp-block-latest-posts__post-title\" href=\"https:\/\/osm.stage.dige.com.pl\/?p=115\">Podzi\u0119kowania<\/a><time datetime=\"2022-05-22T21:27:16+02:00\" class=\"wp-block-latest-posts__post-date\">22 maja 2022<\/time><div class=\"wp-block-latest-posts__post-excerpt\">Tak pi\u0119kne Podzi\u0119kowania otrzymali\u015bmy od rodzic\u00f3w Wiktorii i oczywi\u015bcie przekazujemy je Wam : &#8221; To ju\u017c kolejny rok i kolejna wp\u0142ata od Pa\u0144stwa. Chcieliby\u015bmy bardzo serdecznie z ca\u0142ego serca podzi\u0119kowa\u0107 za okazan\u0105 pomoc naszej c\u00f3rce. Jak zwykle tak i teraz brakuje nam s\u0142\u00f3w, by wyrazi\u0107 nasz\u0105 wdzi\u0119czno\u015b\u0107. Dzi\u0119ki Waszemu dobremu sercu i pami\u0119ci o Wiktorii [&hellip;]<\/div><\/li>\n<li><div class=\"wp-block-latest-posts__featured-image alignleft\"><img width=\"150\" height=\"51\" src=\"https:\/\/osm.stage.dige.com.pl\/wp-content\/uploads\/2022\/05\/pobrane.png\" class=\"attachment-thumbnail size-thumbnail wp-post-image\" alt=\"\" loading=\"lazy\" style=\"max-width:350px;max-height:150px;\" \/><\/div><a class=\"wp-block-latest-posts__post-title\" href=\"https:\/\/osm.stage.dige.com.pl\/?p=112\">Szkolne Ko\u0142o Wolontariatu &#8211; informacje<\/a><time datetime=\"2022-05-22T21:26:17+02:00\" class=\"wp-block-latest-posts__post-date\">22 maja 2022<\/time><div class=\"wp-block-latest-posts__post-excerpt\">Serdecznie zapraszamy w szeregi Szkolnego Ko\u0142a Wolontariatu, poni\u017cej kilka informacji o zasadach, pracy i programie.&nbsp;Program SKW&nbsp;i&nbsp;Zgoda od Rodzic\u00f3w.<\/div><\/li>\n<li><div class=\"wp-block-latest-posts__featured-image alignleft\"><img width=\"150\" height=\"113\" src=\"https:\/\/osm.stage.dige.com.pl\/wp-content\/uploads\/2022\/05\/paczuszkamini.jpg\" class=\"attachment-thumbnail size-thumbnail wp-post-image\" alt=\"\" loading=\"lazy\" style=\"max-width:350px;max-height:150px;\" \/><\/div><a class=\"wp-block-latest-posts__post-title\" href=\"https:\/\/osm.stage.dige.com.pl\/?p=109\">Paczuszka dla Maluszka 2021<\/a><time datetime=\"2022-05-22T21:25:22+02:00\" class=\"wp-block-latest-posts__post-date\">22 maja 2022<\/time><div class=\"wp-block-latest-posts__post-excerpt\">Serdecznie zapraszamy do aktywnego udzia\u0142u w akcji &#8221; Paczuszka dla Maluszka&#8221;. Jak co roku zbieramy ubranka, kosmetyki, pieluszki dla tych najmniejszych.<\/div><\/li>\n<li><div class=\"wp-block-latest-posts__featured-image alignleft\"><img width=\"113\" height=\"150\" src=\"https:\/\/osm.stage.dige.com.pl\/wp-content\/uploads\/2022\/05\/278834587_272850048383681_1519477046281323335_nmini.jpg\" class=\"attachment-thumbnail size-thumbnail wp-post-image\" alt=\"\" loading=\"lazy\" style=\"max-width:350px;max-height:150px;\" \/><\/div><a class=\"wp-block-latest-posts__post-title\" href=\"https:\/\/osm.stage.dige.com.pl\/?p=106\">Wolontariat w ogrodzie<\/a><time datetime=\"2022-05-22T21:24:05+02:00\" class=\"wp-block-latest-posts__post-date\">22 maja 2022<\/time><div class=\"wp-block-latest-posts__post-excerpt\">Uczniowie naszej szko\u0142y w ramach Ko\u0142a Wolontariatu dzielnie dzia\u0142aj\u0105 w muzycznych ogrodach. Dbaj\u0105 o nowe nasadzenia, piel\u0105, podlewaj\u0105. Kwiaty rosn\u0105 i serce ro\u015bnie.\u00a0<\/div><\/li>\n<\/ul>","protected":false},"excerpt":{"rendered":"","protected":false},"author":1,"featured_media":0,"parent":0,"menu_order":0,"comment_status":"closed","ping_status":"closed","template":"","meta":[],"_links":{"self":[{"href":"https:\/\/osm.stage.dige.com.pl\/index.php?rest_route=\/wp\/v2\/pages\/863"}],"collection":[{"href":"https:\/\/osm.stage.dige.com.pl\/index.php?rest_route=\/wp\/v2\/pages"}],"about":[{"href":"https:\/\/osm.stage.dige.com.pl\/index.php?rest_route=\/wp\/v2\/types\/page"}],"author":[{"embeddable":true,"href":"https:\/\/osm.stage.dige.com.pl\/index.php?rest_route=\/wp\/v2\/users\/1"}],"replies":[{"embeddable":true,"href":"https:\/\/osm.stage.dige.com.pl\/index.php?rest_route=%2Fwp%2Fv2%2Fcomments&post=863"}],"version-history":[{"count":2,"href":"https:\/\/osm.stage.dige.com.pl\/index.php?rest_route=\/wp\/v2\/pages\/863\/revisions"}],"predecessor-version":[{"id":1372,"href":"https:\/\/osm.stage.dige.com.pl\/index.php?rest_route=\/wp\/v2\/pages\/863\/revisions\/1372"}],"wp:attachment":[{"href":"https:\/\/osm.stage.dige.com.pl\/index.php?rest_route=%2Fwp%2Fv2%2Fmedia&parent=863"}],"curies":[{"name":"wp","href":"https:\/\/api.w.org\/{rel}","templated":true}]}}