{"id":924,"date":"2022-10-06T10:15:44","date_gmt":"2022-10-06T08:15:44","guid":{"rendered":"https:\/\/osm.stage.dige.com.pl\/?page_id=924"},"modified":"2022-10-20T11:40:23","modified_gmt":"2022-10-20T09:40:23","slug":"pedagog-psycholog","status":"publish","type":"page","link":"https:\/\/osm.stage.dige.com.pl\/?page_id=924","title":{"rendered":"PEDAGOG\/ PSYCHOLOG\/LOGOPEDA"},"content":{"rendered":"\n<p class=\"has-text-align-center\"><strong>GABINETY SPECJALISTYCZNE<\/strong><\/p>\n\n\n\n<p class=\"has-text-align-center\">TELEFON: <strong>91 484 32 62<\/strong><\/p>\n\n\n\n<hr class=\"wp-block-separator has-alpha-channel-opacity\"\/>\n\n\n\n<p><\/p>\n\n\n\n<div class=\"wp-container-4 wp-block-columns\">\n<div class=\"wp-container-1 wp-block-column\">\n<p class=\"has-text-align-center\">Pedagog: <\/p>\n\n\n\n<p class=\"has-text-align-center\"><strong>Agnieszka Hryniewicz- Fronczyk<\/strong><\/p>\n\n\n\n<hr class=\"wp-block-separator has-alpha-channel-opacity\"\/>\n\n\n\n<p class=\"has-text-align-center\">Godziny przyj\u0119\u0107:<\/p>\n\n\n\n<p class=\"has-text-align-center\">Poniedzia\u0142ek: 9:00-14:00<\/p>\n\n\n\n<p class=\"has-text-align-center\">Wtorek: 11:00-17:00<\/p>\n\n\n\n<p class=\"has-text-align-center\">\u015aroda: 11:00-14:00<\/p>\n\n\n\n<p class=\"has-text-align-center\">Czwartek: 9:00-17:00<\/p>\n\n\n\n<p class=\"has-text-align-center\">Pi\u0105tek: 9:00-17:00<\/p>\n<\/div>\n\n\n\n<div class=\"wp-container-2 wp-block-column\">\n<p class=\"has-text-align-center\">Psycholog:<\/p>\n\n\n\n<p class=\"has-text-align-center\"><strong>Katarzyna Osiak<\/strong><\/p>\n\n\n\n<hr class=\"wp-block-separator has-alpha-channel-opacity\"\/>\n\n\n\n<p class=\"has-text-align-center\">Godziny przyj\u0119\u0107 :<\/p>\n\n\n\n<p class=\"has-text-align-center\">\u015aroda<\/p>\n\n\n\n<p class=\"has-text-align-center\"> Pi\u0105tek<\/p>\n\n\n\n<p class=\"has-text-align-center\"> W godzinach do ustalenia indywidualnie<\/p>\n<\/div>\n\n\n\n<div class=\"wp-container-3 wp-block-column\">\n<p class=\"has-text-align-center\">Logopeda<\/p>\n\n\n\n<p class=\"has-text-align-center\"><strong>Ma\u0142gorzata Krzywo\u0144&nbsp;<\/strong><\/p>\n\n\n\n<hr class=\"wp-block-separator has-alpha-channel-opacity\"\/>\n\n\n\n<p class=\"has-text-align-center\">Godziny przyj\u0119\u0107 :<\/p>\n\n\n\n<p class=\"has-text-align-center\">W godzinach do ustalenia indywidualnie<\/p>\n<\/div>\n<\/div>\n\n\n\n<hr class=\"wp-block-separator has-alpha-channel-opacity\"\/>\n","protected":false},"excerpt":{"rendered":"<p>GABINETY SPECJALISTYCZNE TELEFON: 91 484 32 62 Pedagog: Agnieszka Hryniewicz- Fronczyk Godziny przyj\u0119\u0107: Poniedzia\u0142ek: 9:00-14:00 Wtorek: 11:00-17:00 \u015aroda: 11:00-14:00 Czwartek: 9:00-17:00 Pi\u0105tek: 9:00-17:00 Psycholog: Katarzyna Osiak Godziny przyj\u0119\u0107 : \u015aroda Pi\u0105tek W godzinach do ustalenia indywidualnie Logopeda Ma\u0142gorzata Krzywo\u0144&nbsp; Godziny przyj\u0119\u0107 : W godzinach do ustalenia indywidualnie<\/p>\n","protected":false},"author":1,"featured_media":0,"parent":0,"menu_order":0,"comment_status":"closed","ping_status":"closed","template":"","meta":[],"_links":{"self":[{"href":"https:\/\/osm.stage.dige.com.pl\/index.php?rest_route=\/wp\/v2\/pages\/924"}],"collection":[{"href":"https:\/\/osm.stage.dige.com.pl\/index.php?rest_route=\/wp\/v2\/pages"}],"about":[{"href":"https:\/\/osm.stage.dige.com.pl\/index.php?rest_route=\/wp\/v2\/types\/page"}],"author":[{"embeddable":true,"href":"https:\/\/osm.stage.dige.com.pl\/index.php?rest_route=\/wp\/v2\/users\/1"}],"replies":[{"embeddable":true,"href":"https:\/\/osm.stage.dige.com.pl\/index.php?rest_route=%2Fwp%2Fv2%2Fcomments&post=924"}],"version-history":[{"count":7,"href":"https:\/\/osm.stage.dige.com.pl\/index.php?rest_route=\/wp\/v2\/pages\/924\/revisions"}],"predecessor-version":[{"id":1060,"href":"https:\/\/osm.stage.dige.com.pl\/index.php?rest_route=\/wp\/v2\/pages\/924\/revisions\/1060"}],"wp:attachment":[{"href":"https:\/\/osm.stage.dige.com.pl\/index.php?rest_route=%2Fwp%2Fv2%2Fmedia&parent=924"}],"curies":[{"name":"wp","href":"https:\/\/api.w.org\/{rel}","templated":true}]}}