{"id":928,"date":"2022-10-06T11:15:27","date_gmt":"2022-10-06T09:15:27","guid":{"rendered":"https:\/\/osm.stage.dige.com.pl\/?page_id=928"},"modified":"2023-08-31T13:26:49","modified_gmt":"2023-08-31T11:26:49","slug":"pielegniarka","status":"publish","type":"page","link":"https:\/\/osm.stage.dige.com.pl\/?page_id=928","title":{"rendered":"PIEL\u0118GNIARKA"},"content":{"rendered":"\n<p class=\"has-text-align-center\"><strong>GABINET PROFILAKTYKI ZDROWOTNEJ I POMOCY PRZEDLEKARSKIEJ<\/strong><\/p>\n\n\n\n<p class=\"has-text-align-center\"><strong>TELEFON: 518 895 180<\/strong><\/p>\n\n\n\n<hr class=\"wp-block-separator has-alpha-channel-opacity\"\/>\n\n\n\n<div class=\"wp-container-7 wp-block-columns\">\n<div class=\"wp-container-4 wp-block-column\">\n<p class=\"has-text-align-center\"><strong>IZABELA CZERYNA<\/strong><\/p>\n\n\n\n<div class=\"wp-container-1 is-vertical is-content-justification-center wp-block-group\">\n<p>CZWARTEK W GODZ. 8:00- 15:35<\/p>\n<\/div>\n\n\n\n<div class=\"wp-container-3 wp-block-columns\">\n<div class=\"wp-container-2 wp-block-column\"><\/div>\n<\/div>\n<\/div>\n\n\n\n<div class=\"wp-container-6 wp-block-column\">\n<p class=\"has-text-align-center\"><strong>EL\u017bBIETA SWOSZOWSKA<\/strong><\/p>\n\n\n\n<div class=\"wp-container-5 is-vertical is-content-justification-center wp-block-group\">\n<p>PONIEDZIA\u0141EK W GODZ. 7:30-15:00<\/p>\n\n\n\n<p>\u015aRODA W GODZ. 7:30-15:00<\/p>\n<\/div>\n<\/div>\n<\/div>\n\n\n\n<div class=\"wp-container-10 wp-block-columns\">\n<div class=\"wp-container-8 wp-block-column\">\n<p><\/p>\n<\/div>\n\n\n\n<div class=\"wp-container-9 wp-block-column\">\n<p><\/p>\n<\/div>\n<\/div>\n","protected":false},"excerpt":{"rendered":"<p>GABINET PROFILAKTYKI ZDROWOTNEJ I POMOCY PRZEDLEKARSKIEJ TELEFON: 518 895 180 IZABELA CZERYNA CZWARTEK W GODZ. 8:00- 15:35 EL\u017bBIETA SWOSZOWSKA PONIEDZIA\u0141EK W GODZ. 7:30-15:00 \u015aRODA W GODZ. 7:30-15:00<\/p>\n","protected":false},"author":1,"featured_media":0,"parent":0,"menu_order":0,"comment_status":"closed","ping_status":"closed","template":"","meta":[],"_links":{"self":[{"href":"https:\/\/osm.stage.dige.com.pl\/index.php?rest_route=\/wp\/v2\/pages\/928"}],"collection":[{"href":"https:\/\/osm.stage.dige.com.pl\/index.php?rest_route=\/wp\/v2\/pages"}],"about":[{"href":"https:\/\/osm.stage.dige.com.pl\/index.php?rest_route=\/wp\/v2\/types\/page"}],"author":[{"embeddable":true,"href":"https:\/\/osm.stage.dige.com.pl\/index.php?rest_route=\/wp\/v2\/users\/1"}],"replies":[{"embeddable":true,"href":"https:\/\/osm.stage.dige.com.pl\/index.php?rest_route=%2Fwp%2Fv2%2Fcomments&post=928"}],"version-history":[{"count":10,"href":"https:\/\/osm.stage.dige.com.pl\/index.php?rest_route=\/wp\/v2\/pages\/928\/revisions"}],"predecessor-version":[{"id":1471,"href":"https:\/\/osm.stage.dige.com.pl\/index.php?rest_route=\/wp\/v2\/pages\/928\/revisions\/1471"}],"wp:attachment":[{"href":"https:\/\/osm.stage.dige.com.pl\/index.php?rest_route=%2Fwp%2Fv2%2Fmedia&parent=928"}],"curies":[{"name":"wp","href":"https:\/\/api.w.org\/{rel}","templated":true}]}}