{"id":932,"date":"2022-10-06T11:37:11","date_gmt":"2022-10-06T09:37:11","guid":{"rendered":"https:\/\/osm.stage.dige.com.pl\/?page_id=932"},"modified":"2022-10-20T09:00:55","modified_gmt":"2022-10-20T07:00:55","slug":"dane-adresowe","status":"publish","type":"page","link":"https:\/\/osm.stage.dige.com.pl\/?page_id=932","title":{"rendered":"DANE ADRESOWE"},"content":{"rendered":"\n<h3 class=\"has-text-align-center\">OG\u00d3LNOKSZTA\u0141C\u0104CA SZKO\u0141A MUZYCZNA I STOPNIA <\/h3>\n\n\n\n<h3 class=\"has-text-align-center\">IM. PROF. MARKA JASI\u0143SKIEGO W SZCZECINIE<\/h3>\n\n\n\n<hr class=\"wp-block-separator has-alpha-channel-opacity\"\/>\n\n\n\n<div class=\"wp-container-4 wp-block-columns\">\n<div class=\"wp-container-1 wp-block-column\"><div class=\"wp-block-image\">\n<figure class=\"aligncenter size-full is-resized\"><img loading=\"lazy\" src=\"https:\/\/osm.stage.dige.com.pl\/wp-content\/uploads\/2022\/10\/3024068-1.jpg\" alt=\"\" class=\"wp-image-948\" width=\"85\" height=\"84\"\/><\/figure><\/div><\/div>\n\n\n\n<div class=\"wp-container-2 wp-block-column\"><div class=\"wp-block-image\">\n<figure class=\"aligncenter size-full is-resized\"><img loading=\"lazy\" src=\"https:\/\/osm.stage.dige.com.pl\/wp-content\/uploads\/2022\/10\/3024068AD.jpg\" alt=\"\" class=\"wp-image-949\" width=\"81\" height=\"78\"\/><\/figure><\/div><\/div>\n\n\n\n<div class=\"wp-container-3 wp-block-column\"><div class=\"wp-block-image\">\n<figure class=\"aligncenter size-full is-resized\"><img loading=\"lazy\" src=\"https:\/\/osm.stage.dige.com.pl\/wp-content\/uploads\/2022\/10\/3024068EM.jpg\" alt=\"\" class=\"wp-image-950\" width=\"76\" height=\"77\"\/><\/figure><\/div><\/div>\n<\/div>\n\n\n\n<div class=\"wp-container-8 wp-block-columns\">\n<div class=\"wp-container-5 wp-block-column\">\n<p class=\"has-text-align-center\">TELEFON<\/p>\n\n\n\n<p class=\"has-text-align-center\">91 484 43 24<\/p>\n<\/div>\n\n\n\n<div class=\"wp-container-6 wp-block-column\">\n<p class=\"has-text-align-center\">ADRES<\/p>\n\n\n\n<p class=\"has-text-align-center\">ul. Boles\u0142awa \u015amia\u0142ego 42-43<br>70-351 Szczecin<\/p>\n<\/div>\n\n\n\n<div class=\"wp-container-7 wp-block-column\">\n<p class=\"has-text-align-center\">E-MAIL<\/p>\n\n\n\n<p class=\"has-text-align-center\"><a href=\"mailto:osmis@miasto.szczecin.pl\">osmis@miasto.szczecin.pl&nbsp;<\/a><\/p>\n<\/div>\n<\/div>\n\n\n\n<hr class=\"wp-block-separator has-alpha-channel-opacity\"\/>\n\n\n\n<h3 class=\"has-text-align-center\">SEKRETARIAT<\/h3>\n\n\n\n<h5 class=\"has-text-align-center\">PONIEDZIA\u0141EK &#8211; PI\u0104TEK  W GODZINACH : 8.00-18.00<\/h5>\n\n\n\n<div class=\"wp-container-12 wp-block-columns\">\n<div class=\"wp-container-9 wp-block-column\"><div class=\"wp-block-image\">\n<figure class=\"aligncenter size-full is-resized\"><img loading=\"lazy\" src=\"https:\/\/osm.stage.dige.com.pl\/wp-content\/uploads\/2022\/10\/3024068-1.jpg\" alt=\"\" class=\"wp-image-948\" width=\"85\" height=\"84\"\/><\/figure><\/div><\/div>\n\n\n\n<div class=\"wp-container-10 wp-block-column\"><div class=\"wp-block-image\">\n<figure class=\"aligncenter size-full is-resized\"><img loading=\"lazy\" src=\"https:\/\/osm.stage.dige.com.pl\/wp-content\/uploads\/2022\/10\/3024068AD.jpg\" alt=\"\" class=\"wp-image-949\" width=\"81\" height=\"78\"\/><\/figure><\/div><\/div>\n\n\n\n<div class=\"wp-container-11 wp-block-column\"><div class=\"wp-block-image\">\n<figure class=\"aligncenter size-full is-resized\"><img loading=\"lazy\" src=\"https:\/\/osm.stage.dige.com.pl\/wp-content\/uploads\/2022\/10\/3024068EM.jpg\" alt=\"\" class=\"wp-image-950\" width=\"76\" height=\"77\"\/><\/figure><\/div><\/div>\n<\/div>\n\n\n\n<div class=\"wp-container-16 wp-block-columns\">\n<div class=\"wp-container-13 wp-block-column\">\n<p class=\"has-text-align-center\">TELEFON<\/p>\n\n\n\n<p class=\"has-text-align-center\">91 484 43 24<\/p>\n<\/div>\n\n\n\n<div class=\"wp-container-14 wp-block-column\">\n<p class=\"has-text-align-center\">EPUAP<\/p>\n\n\n\n<p class=\"has-text-align-center\">4362417\/SkrytkaESP<\/p>\n<\/div>\n\n\n\n<div class=\"wp-container-15 wp-block-column\">\n<p class=\"has-text-align-center\">E-MAIL<\/p>\n\n\n\n<p class=\"has-text-align-center\"><a href=\"mailto:osmis@miasto.szczecin.pl\">osmis@miasto.szczecin.pl&nbsp;<\/a><\/p>\n<\/div>\n<\/div>\n","protected":false},"excerpt":{"rendered":"<p>OG\u00d3LNOKSZTA\u0141C\u0104CA SZKO\u0141A MUZYCZNA I STOPNIA IM. PROF. MARKA JASI\u0143SKIEGO W SZCZECINIE TELEFON 91 484 43 24 ADRES ul. Boles\u0142awa \u015amia\u0142ego 42-4370-351 Szczecin E-MAIL osmis@miasto.szczecin.pl&nbsp; SEKRETARIAT PONIEDZIA\u0141EK &#8211; PI\u0104TEK W GODZINACH : 8.00-18.00 TELEFON 91 484 43 24 EPUAP 4362417\/SkrytkaESP E-MAIL osmis@miasto.szczecin.pl&nbsp;<\/p>\n","protected":false},"author":1,"featured_media":0,"parent":0,"menu_order":0,"comment_status":"closed","ping_status":"closed","template":"","meta":[],"_links":{"self":[{"href":"https:\/\/osm.stage.dige.com.pl\/index.php?rest_route=\/wp\/v2\/pages\/932"}],"collection":[{"href":"https:\/\/osm.stage.dige.com.pl\/index.php?rest_route=\/wp\/v2\/pages"}],"about":[{"href":"https:\/\/osm.stage.dige.com.pl\/index.php?rest_route=\/wp\/v2\/types\/page"}],"author":[{"embeddable":true,"href":"https:\/\/osm.stage.dige.com.pl\/index.php?rest_route=\/wp\/v2\/users\/1"}],"replies":[{"embeddable":true,"href":"https:\/\/osm.stage.dige.com.pl\/index.php?rest_route=%2Fwp%2Fv2%2Fcomments&post=932"}],"version-history":[{"count":10,"href":"https:\/\/osm.stage.dige.com.pl\/index.php?rest_route=\/wp\/v2\/pages\/932\/revisions"}],"predecessor-version":[{"id":1018,"href":"https:\/\/osm.stage.dige.com.pl\/index.php?rest_route=\/wp\/v2\/pages\/932\/revisions\/1018"}],"wp:attachment":[{"href":"https:\/\/osm.stage.dige.com.pl\/index.php?rest_route=%2Fwp%2Fv2%2Fmedia&parent=932"}],"curies":[{"name":"wp","href":"https:\/\/api.w.org\/{rel}","templated":true}]}}