{"id":935,"date":"2022-10-06T11:37:13","date_gmt":"2022-10-06T09:37:13","guid":{"rendered":"https:\/\/osm.stage.dige.com.pl\/?page_id=935"},"modified":"2022-10-20T08:11:59","modified_gmt":"2022-10-20T06:11:59","slug":"administracja-szkoly","status":"publish","type":"page","link":"https:\/\/osm.stage.dige.com.pl\/?page_id=935","title":{"rendered":"ADMINISTRACJA SZKO\u0141Y"},"content":{"rendered":"\n<div class=\"wp-container-3 wp-block-columns\">\n<div class=\"wp-container-1 wp-block-column\" style=\"flex-basis:66.66%\">\n<p>SEKRETARIAT<\/p>\n\n\n\n<p>KSI\u0118GOWO\u015a\u0106<\/p>\n\n\n\n<p>KADRY<\/p>\n\n\n\n<p>KIEROWNIK ADMINISTRACYJNY<\/p>\n\n\n\n<p>INTENDENTKA<\/p>\n<\/div>\n\n\n\n<div class=\"wp-container-2 wp-block-column\" style=\"flex-basis:33.33%\">\n<p>TELEFON  91 484 43 24 wew. 1<\/p>\n\n\n\n<p>TELEFON 91 484 43 24 wew. 3<\/p>\n\n\n\n<p>TELEFON 91 484 43 24 wew. 4<\/p>\n\n\n\n<p>TELEFON 91 484 43 24  wew. 2<\/p>\n\n\n\n<p>TELEFON 91 484 43 24 wew. 2<\/p>\n<\/div>\n<\/div>\n","protected":false},"excerpt":{"rendered":"<p>SEKRETARIAT KSI\u0118GOWO\u015a\u0106 KADRY KIEROWNIK ADMINISTRACYJNY INTENDENTKA TELEFON 91 484 43 24 wew. 1 TELEFON 91 484 43 24 wew. 3 TELEFON 91 484 43 24 wew. 4 TELEFON 91 484 43 24 wew. 2 TELEFON 91 484 43 24 wew. 2<\/p>\n","protected":false},"author":1,"featured_media":0,"parent":0,"menu_order":0,"comment_status":"closed","ping_status":"closed","template":"","meta":[],"_links":{"self":[{"href":"https:\/\/osm.stage.dige.com.pl\/index.php?rest_route=\/wp\/v2\/pages\/935"}],"collection":[{"href":"https:\/\/osm.stage.dige.com.pl\/index.php?rest_route=\/wp\/v2\/pages"}],"about":[{"href":"https:\/\/osm.stage.dige.com.pl\/index.php?rest_route=\/wp\/v2\/types\/page"}],"author":[{"embeddable":true,"href":"https:\/\/osm.stage.dige.com.pl\/index.php?rest_route=\/wp\/v2\/users\/1"}],"replies":[{"embeddable":true,"href":"https:\/\/osm.stage.dige.com.pl\/index.php?rest_route=%2Fwp%2Fv2%2Fcomments&post=935"}],"version-history":[{"count":3,"href":"https:\/\/osm.stage.dige.com.pl\/index.php?rest_route=\/wp\/v2\/pages\/935\/revisions"}],"predecessor-version":[{"id":962,"href":"https:\/\/osm.stage.dige.com.pl\/index.php?rest_route=\/wp\/v2\/pages\/935\/revisions\/962"}],"wp:attachment":[{"href":"https:\/\/osm.stage.dige.com.pl\/index.php?rest_route=%2Fwp%2Fv2%2Fmedia&parent=935"}],"curies":[{"name":"wp","href":"https:\/\/api.w.org\/{rel}","templated":true}]}}